{"id":7399,"date":"2025-01-28T08:05:02","date_gmt":"2025-01-28T07:05:02","guid":{"rendered":"https:\/\/atndiffusion.ch\/?post_type=product&#038;p=7399"},"modified":"2025-01-28T08:21:53","modified_gmt":"2025-01-28T07:21:53","slug":"chemischer-schutzhandschuh-copie","status":"publish","type":"product","link":"https:\/\/atndiffusion.ch\/de\/produit\/chemischer-schutzhandschuh-copie\/","title":{"rendered":"Chemikalienschutzhandschuh TEREGA XL"},"content":{"rendered":"<p>Chemikalienschutzhandschuh, 0,3* mm (*chem-layer) PVC (Vinyl), sandige Oberfl\u00e4che, Baumwolle, nahtlos,<br \/>\nCat. III, extra lang, f\u00fcr gr\u00f6bere Arbeiten<\/p>\n<p><span>Ideal f\u00fcr Arbeiten im Umgang mit L\u00f6sungsmitteln, S\u00e4uren und leichten Basen in der Lebensmittelindustrie, in der professionellen Reinigung, in Labors, in der Pharmazie und in der Landwirtschaft.<\/span><\/p>\n","protected":false},"excerpt":{"rendered":"<p><span>Handschuhe zum Schutz vor einer Vielzahl von Chemikalien und zum Umgang mit L\u00f6sungsmitteln&#8230;<\/span><\/p>\n<p>Gr\u00f6\u00dfen: XL<\/p>\n","protected":false},"featured_media":7401,"template":"","meta":{"_acf_changed":false},"product_brand":[],"product_cat":[170,166],"product_tag":[],"class_list":{"0":"post-7399","1":"product","2":"type-product","3":"status-publish","4":"has-post-thumbnail","6":"product_cat-schutzausrustung","7":"product_cat-technische-produkte","9":"first","10":"instock","11":"shipping-taxable","12":"product-type-simple"},"acf":[],"yoast_head":"<!-- This site is optimized with the Yoast SEO plugin v27.4 - https:\/\/yoast.com\/product\/yoast-seo-wordpress\/ -->\n<title>Chemikalienschutzhandschuh TEREGA XL - Pers\u00f6nliche Schutzausr\u00fcstung (PSA), Technische Produkte | ATN Diffusion<\/title>\n<meta name=\"description\" content=\"Chemikalienschutzhandschuh TEREGA XL - Pers\u00f6nliche Schutzausr\u00fcstung (PSA), Technische Produkte Retrouvez une gamme de produits innovants et performants pour la r\u00e9novation de maintenance et les probl\u00e8mes de s\u00e9curit\u00e9 par ATN Diffusion\" \/>\n<meta name=\"robots\" content=\"index, follow, max-snippet:-1, max-image-preview:large, max-video-preview:-1\" \/>\n<link rel=\"canonical\" href=\"https:\/\/atndiffusion.ch\/de\/produit\/chemischer-schutzhandschuh-copie\/\" \/>\n<meta property=\"og:locale\" content=\"de_DE\" \/>\n<meta property=\"og:type\" content=\"article\" \/>\n<meta property=\"og:title\" content=\"Chemikalienschutzhandschuh TEREGA XL - Pers\u00f6nliche Schutzausr\u00fcstung (PSA), Technische Produkte | ATN Diffusion\" \/>\n<meta property=\"og:description\" content=\"Chemikalienschutzhandschuh TEREGA XL - Pers\u00f6nliche Schutzausr\u00fcstung (PSA), Technische Produkte Retrouvez une gamme de produits innovants et performants pour la r\u00e9novation de maintenance et les probl\u00e8mes de s\u00e9curit\u00e9 par ATN Diffusion\" \/>\n<meta property=\"og:url\" content=\"https:\/\/atndiffusion.ch\/de\/produit\/chemischer-schutzhandschuh-copie\/\" \/>\n<meta property=\"og:site_name\" content=\"ATN Diffusion\" \/>\n<meta property=\"article:modified_time\" content=\"2025-01-28T07:21:53+00:00\" \/>\n<meta property=\"og:image\" content=\"https:\/\/example.com\/wp-content\/uploads\/2025\/01\/gant-terega-produit-chimique-XL-12910.jpg\" \/>\n\t<meta property=\"og:image:width\" content=\"750\" \/>\n\t<meta property=\"og:image:height\" content=\"750\" \/>\n\t<meta property=\"og:image:type\" content=\"image\/jpeg\" \/>\n<meta name=\"twitter:card\" content=\"summary_large_image\" \/>\n<script type=\"application\/ld+json\" class=\"yoast-schema-graph\">{\n\t    \"@context\": \"https:\\\/\\\/schema.org\",\n\t    \"@graph\": [\n\t        {\n\t            \"@type\": \"WebPage\",\n\t            \"@id\": \"https:\\\/\\\/example.com\\\/de\\\/produit\\\/chemischer-schutzhandschuh-copie\\\/\",\n\t            \"url\": \"https:\\\/\\\/example.com\\\/de\\\/produit\\\/chemischer-schutzhandschuh-copie\\\/\",\n\t            \"name\": \"Chemikalienschutzhandschuh TEREGA XL - Pers\u00f6nliche Schutzausr\u00fcstung (PSA), Technische Produkte | ATN Diffusion\",\n\t            \"isPartOf\": {\n\t                \"@id\": \"https:\\\/\\\/example.com\\\/de\\\/#website\"\n\t            },\n\t            \"primaryImageOfPage\": {\n\t                \"@id\": \"https:\\\/\\\/example.com\\\/de\\\/produit\\\/chemischer-schutzhandschuh-copie\\\/#primaryimage\"\n\t            },\n\t            \"image\": {\n\t                \"@id\": \"https:\\\/\\\/example.com\\\/de\\\/produit\\\/chemischer-schutzhandschuh-copie\\\/#primaryimage\"\n\t            },\n\t            \"thumbnailUrl\": \"https:\\\/\\\/example.com\\\/wp-content\\\/uploads\\\/2025\\\/01\\\/gant-terega-produit-chimique-XL-12910.jpg\",\n\t            \"datePublished\": \"2025-01-28T07:05:02+00:00\",\n\t            \"dateModified\": \"2025-01-28T07:21:53+00:00\",\n\t            \"description\": \"Chemikalienschutzhandschuh TEREGA XL - Pers\u00f6nliche Schutzausr\u00fcstung (PSA), Technische Produkte Retrouvez une gamme de produits innovants et performants pour la r\u00e9novation de maintenance et les probl\u00e8mes de s\u00e9curit\u00e9 par ATN Diffusion\",\n\t            \"breadcrumb\": {\n\t                \"@id\": \"https:\\\/\\\/example.com\\\/de\\\/produit\\\/chemischer-schutzhandschuh-copie\\\/#breadcrumb\"\n\t            },\n\t            \"inLanguage\": \"de\",\n\t            \"potentialAction\": [\n\t                {\n\t                    \"@type\": \"ReadAction\",\n\t                    \"target\": [\n\t                        \"https:\\\/\\\/example.com\\\/de\\\/produit\\\/chemischer-schutzhandschuh-copie\\\/\"\n\t                    ]\n\t                }\n\t            ]\n\t        },\n\t        {\n\t            \"@type\": \"ImageObject\",\n\t            \"inLanguage\": \"de\",\n\t            \"@id\": \"https:\\\/\\\/example.com\\\/de\\\/produit\\\/chemischer-schutzhandschuh-copie\\\/#primaryimage\",\n\t            \"url\": \"https:\\\/\\\/example.com\\\/wp-content\\\/uploads\\\/2025\\\/01\\\/gant-terega-produit-chimique-XL-12910.jpg\",\n\t            \"contentUrl\": \"https:\\\/\\\/example.com\\\/wp-content\\\/uploads\\\/2025\\\/01\\\/gant-terega-produit-chimique-XL-12910.jpg\",\n\t            \"width\": 750,\n\t            \"height\": 750\n\t        },\n\t        {\n\t            \"@type\": \"BreadcrumbList\",\n\t            \"@id\": \"https:\\\/\\\/example.com\\\/de\\\/produit\\\/chemischer-schutzhandschuh-copie\\\/#breadcrumb\",\n\t            \"itemListElement\": [\n\t                {\n\t                    \"@type\": \"ListItem\",\n\t                    \"position\": 1,\n\t                    \"name\": \"Accueil\",\n\t                    \"item\": \"https:\\\/\\\/example.com\\\/de\\\/\"\n\t                },\n\t                {\n\t                    \"@type\": \"ListItem\",\n\t                    \"position\": 2,\n\t                    \"name\": \"Katalog\",\n\t                    \"item\": \"https:\\\/\\\/example.com\\\/de\\\/katalog\\\/\"\n\t                },\n\t                {\n\t                    \"@type\": \"ListItem\",\n\t                    \"position\": 3,\n\t                    \"name\": \"Chemikalienschutzhandschuh TEREGA XL\"\n\t                }\n\t            ]\n\t        },\n\t        {\n\t            \"@type\": \"WebSite\",\n\t            \"@id\": \"https:\\\/\\\/example.com\\\/de\\\/#website\",\n\t            \"url\": \"https:\\\/\\\/example.com\\\/de\\\/\",\n\t            \"name\": \"ATN Diffusion\",\n\t            \"description\": \"Produits techniques professionnels - Traitement des eaux\",\n\t            \"publisher\": {\n\t                \"@id\": \"https:\\\/\\\/example.com\\\/de\\\/#organization\"\n\t            },\n\t            \"potentialAction\": [\n\t                {\n\t                    \"@type\": \"SearchAction\",\n\t                    \"target\": {\n\t                        \"@type\": \"EntryPoint\",\n\t                        \"urlTemplate\": \"https:\\\/\\\/example.com\\\/de\\\/?s={search_term_string}\"\n\t                    },\n\t                    \"query-input\": {\n\t                        \"@type\": \"PropertyValueSpecification\",\n\t                        \"valueRequired\": true,\n\t                        \"valueName\": \"search_term_string\"\n\t                    }\n\t                }\n\t            ],\n\t            \"inLanguage\": \"de\"\n\t        },\n\t        {\n\t            \"@type\": \"Organization\",\n\t            \"@id\": \"https:\\\/\\\/example.com\\\/de\\\/#organization\",\n\t            \"name\": \"ATN DIffusion\",\n\t            \"url\": \"https:\\\/\\\/example.com\\\/de\\\/\",\n\t            \"logo\": {\n\t                \"@type\": \"ImageObject\",\n\t                \"inLanguage\": \"de\",\n\t                \"@id\": \"https:\\\/\\\/example.com\\\/de\\\/#\\\/schema\\\/logo\\\/image\\\/\",\n\t                \"url\": \"https:\\\/\\\/example.com\\\/wp-content\\\/uploads\\\/2019\\\/12\\\/Logo_noir.png\",\n\t                \"contentUrl\": \"https:\\\/\\\/example.com\\\/wp-content\\\/uploads\\\/2019\\\/12\\\/Logo_noir.png\",\n\t                \"width\": 795,\n\t                \"height\": 138,\n\t                \"caption\": \"ATN DIffusion\"\n\t            },\n\t            \"image\": {\n\t                \"@id\": \"https:\\\/\\\/example.com\\\/de\\\/#\\\/schema\\\/logo\\\/image\\\/\"\n\t            }\n\t        }\n\t    ]\n\t}<\/script>\n<!-- \/ Yoast SEO plugin. -->","yoast_head_json":{"title":"Chemikalienschutzhandschuh TEREGA XL - Pers\u00f6nliche Schutzausr\u00fcstung (PSA), Technische Produkte | ATN Diffusion","description":"Chemikalienschutzhandschuh TEREGA XL - Pers\u00f6nliche Schutzausr\u00fcstung (PSA), Technische Produkte Retrouvez une gamme de produits innovants et performants pour la r\u00e9novation de maintenance et les probl\u00e8mes de s\u00e9curit\u00e9 par ATN Diffusion","robots":{"index":"index","follow":"follow","max-snippet":"max-snippet:-1","max-image-preview":"max-image-preview:large","max-video-preview":"max-video-preview:-1"},"canonical":"https:\/\/atndiffusion.ch\/de\/produit\/chemischer-schutzhandschuh-copie\/","og_locale":"de_DE","og_type":"article","og_title":"Chemikalienschutzhandschuh TEREGA XL - Pers\u00f6nliche Schutzausr\u00fcstung (PSA), Technische Produkte | ATN Diffusion","og_description":"Chemikalienschutzhandschuh TEREGA XL - Pers\u00f6nliche Schutzausr\u00fcstung (PSA), Technische Produkte Retrouvez une gamme de produits innovants et performants pour la r\u00e9novation de maintenance et les probl\u00e8mes de s\u00e9curit\u00e9 par ATN Diffusion","og_url":"https:\/\/atndiffusion.ch\/de\/produit\/chemischer-schutzhandschuh-copie\/","og_site_name":"ATN Diffusion","article_modified_time":"2025-01-28T07:21:53+00:00","og_image":[{"width":750,"height":750,"url":"https:\/\/example.com\/wp-content\/uploads\/2025\/01\/gant-terega-produit-chimique-XL-12910.jpg","type":"image\/jpeg"}],"twitter_card":"summary_large_image","schema":{"@context":"https:\/\/schema.org","@graph":[{"@type":"WebPage","@id":"https:\/\/atndiffusion.ch\/de\/produit\/chemischer-schutzhandschuh-copie\/","url":"https:\/\/atndiffusion.ch\/de\/produit\/chemischer-schutzhandschuh-copie\/","name":"Chemikalienschutzhandschuh TEREGA XL - Pers\u00f6nliche Schutzausr\u00fcstung (PSA), Technische Produkte | ATN Diffusion","isPartOf":{"@id":"https:\/\/atndiffusion.ch\/de\/#website"},"primaryImageOfPage":{"@id":"https:\/\/atndiffusion.ch\/de\/produit\/chemischer-schutzhandschuh-copie\/#primaryimage"},"image":{"@id":"https:\/\/atndiffusion.ch\/de\/produit\/chemischer-schutzhandschuh-copie\/#primaryimage"},"thumbnailUrl":"https:\/\/atndiffusion.ch\/wp-content\/uploads\/2025\/01\/gant-terega-produit-chimique-XL-12910.jpg","datePublished":"2025-01-28T07:05:02+00:00","dateModified":"2025-01-28T07:21:53+00:00","description":"Chemikalienschutzhandschuh TEREGA XL - Pers\u00f6nliche Schutzausr\u00fcstung (PSA), Technische Produkte Retrouvez une gamme de produits innovants et performants pour la r\u00e9novation de maintenance et les probl\u00e8mes de s\u00e9curit\u00e9 par ATN Diffusion","breadcrumb":{"@id":"https:\/\/atndiffusion.ch\/de\/produit\/chemischer-schutzhandschuh-copie\/#breadcrumb"},"inLanguage":"de","potentialAction":[{"@type":"ReadAction","target":["https:\/\/atndiffusion.ch\/de\/produit\/chemischer-schutzhandschuh-copie\/"]}]},{"@type":"ImageObject","inLanguage":"de","@id":"https:\/\/atndiffusion.ch\/de\/produit\/chemischer-schutzhandschuh-copie\/#primaryimage","url":"https:\/\/atndiffusion.ch\/wp-content\/uploads\/2025\/01\/gant-terega-produit-chimique-XL-12910.jpg","contentUrl":"https:\/\/atndiffusion.ch\/wp-content\/uploads\/2025\/01\/gant-terega-produit-chimique-XL-12910.jpg","width":750,"height":750},{"@type":"BreadcrumbList","@id":"https:\/\/atndiffusion.ch\/de\/produit\/chemischer-schutzhandschuh-copie\/#breadcrumb","itemListElement":[{"@type":"ListItem","position":1,"name":"Accueil","item":"https:\/\/atndiffusion.ch\/de\/"},{"@type":"ListItem","position":2,"name":"Katalog","item":"https:\/\/atndiffusion.ch\/de\/katalog\/"},{"@type":"ListItem","position":3,"name":"Chemikalienschutzhandschuh TEREGA XL"}]},{"@type":"WebSite","@id":"https:\/\/atndiffusion.ch\/de\/#website","url":"https:\/\/atndiffusion.ch\/de\/","name":"ATN Diffusion","description":"Produits techniques professionnels - Traitement des eaux","publisher":{"@id":"https:\/\/atndiffusion.ch\/de\/#organization"},"potentialAction":[{"@type":"SearchAction","target":{"@type":"EntryPoint","urlTemplate":"https:\/\/atndiffusion.ch\/de\/?s={search_term_string}"},"query-input":{"@type":"PropertyValueSpecification","valueRequired":true,"valueName":"search_term_string"}}],"inLanguage":"de"},{"@type":"Organization","@id":"https:\/\/atndiffusion.ch\/de\/#organization","name":"ATN DIffusion","url":"https:\/\/atndiffusion.ch\/de\/","logo":{"@type":"ImageObject","inLanguage":"de","@id":"https:\/\/atndiffusion.ch\/de\/#\/schema\/logo\/image\/","url":"https:\/\/atndiffusion.ch\/wp-content\/uploads\/2019\/12\/Logo_noir.png","contentUrl":"https:\/\/atndiffusion.ch\/wp-content\/uploads\/2019\/12\/Logo_noir.png","width":795,"height":138,"caption":"ATN DIffusion"},"image":{"@id":"https:\/\/atndiffusion.ch\/de\/#\/schema\/logo\/image\/"}}]}},"_links":{"self":[{"href":"https:\/\/atndiffusion.ch\/de\/wp-json\/wp\/v2\/product\/7399","targetHints":{"allow":["GET"]}}],"collection":[{"href":"https:\/\/atndiffusion.ch\/de\/wp-json\/wp\/v2\/product"}],"about":[{"href":"https:\/\/atndiffusion.ch\/de\/wp-json\/wp\/v2\/types\/product"}],"wp:featuredmedia":[{"embeddable":true,"href":"https:\/\/atndiffusion.ch\/de\/wp-json\/wp\/v2\/media\/7401"}],"wp:attachment":[{"href":"https:\/\/atndiffusion.ch\/de\/wp-json\/wp\/v2\/media?parent=7399"}],"wp:term":[{"taxonomy":"product_brand","embeddable":true,"href":"https:\/\/atndiffusion.ch\/de\/wp-json\/wp\/v2\/product_brand?post=7399"},{"taxonomy":"product_cat","embeddable":true,"href":"https:\/\/atndiffusion.ch\/de\/wp-json\/wp\/v2\/product_cat?post=7399"},{"taxonomy":"product_tag","embeddable":true,"href":"https:\/\/atndiffusion.ch\/de\/wp-json\/wp\/v2\/product_tag?post=7399"}],"curies":[{"name":"wp","href":"https:\/\/api.w.org\/{rel}","templated":true}]}}