{"id":7201,"date":"2024-02-29T10:47:30","date_gmt":"2024-02-29T09:47:30","guid":{"rendered":"https:\/\/atndiffusion.ch\/produit\/anaqua-750-pro\/"},"modified":"2024-02-29T10:56:51","modified_gmt":"2024-02-29T09:56:51","slug":"anaqua-750-pro","status":"publish","type":"product","link":"https:\/\/atndiffusion.ch\/de\/produit\/anaqua-750-pro\/","title":{"rendered":"Anaqua 750 Pro"},"content":{"rendered":"<p>Die ANAQUA 750 PRO-L\u00f6sung wird durch Elektrolyse gewonnen. Dank seiner aktiven, alkoholfreien<br \/>\nFormulierung, die bakterizid, fungizid, sporizid und viruzid ist, ist ANAQUA 750 PRO die desinfizierende<br \/>\nund reinigende L\u00f6sung, die H\u00e4nde, Oberfl\u00e4chen, Arbeitsumgebungen und Privatr\u00e4ume in einem einzigen<br \/>\nSchritt saniert und dekontaminiert.<br \/>\nDesinfizieren Sie Ihre H\u00e4nde, Oberfl\u00e4chen und privaten R\u00e4ume (Wohnzimmer, Sanit\u00e4ranlagen, K\u00fcchen,<br \/>\nSchlafzimmer, Fahrzeuge &#8230;) mit einer Wirkung gegen beh\u00fcllte Viren in nur 30 Sekunden. ANAQUA 750<br \/>\nPRO ist sicher auf Oberfl\u00e4chen wie Glas, Holz, Kunststoff, Metall, Stoffen und Farben. Es enth\u00e4lt keine<br \/>\nChemikalien und hinterl\u00e4sst daher keine giftigen R\u00fcckst\u00e4nde. ANAQUA 750 PRO ist auch in professionellen<br \/>\nUmgebungen und an \u00f6ffentlichen Orten wirksam und erm\u00f6glicht in Kombination mit einem Spr\u00fchnebel<br \/>\n(Verwendung von ECOFOGGER\u00ae oder AQUABRUME\u00ae) eine optimale und sichere Desinfektion Ihrer R\u00e4ume<br \/>\nund Materialien, mit oder ohne menschliche Anwesenheit: Restaurants, Veranstaltungs- oder Sporthallen,<br \/>\nFabriken, B\u00fcros oder Gesch\u00e4fte, Nutzfahrzeuge, Lebensmittelindustrie, Kulturen, Schwimmb\u00e4der und<br \/>\nThermalwasser, Aquarien und Teiche, Klimaanlagen &#8230;<\/p>\n","protected":false},"excerpt":{"rendered":"<p>Desinfektionsl\u00f6sung ohne alkohol f\u00fcr die menschliche Hygiene<\/p>\n","protected":false},"featured_media":7198,"template":"","meta":{"_acf_changed":false},"product_brand":[],"product_cat":[174,192],"product_tag":[],"class_list":{"0":"post-7201","1":"product","2":"type-product","3":"status-publish","4":"has-post-thumbnail","6":"product_cat-biozid","7":"product_cat-desinfektionsmittel","9":"first","10":"instock","11":"shipping-taxable","12":"product-type-simple"},"acf":[],"yoast_head":"<!-- This site is optimized with the Yoast SEO plugin v27.4 - https:\/\/yoast.com\/product\/yoast-seo-wordpress\/ -->\n<title>Anaqua 750 Pro - Desinfektionsl\u00f6sung ohne alkohol - Biozid | ATN Diffusion<\/title>\n<meta name=\"description\" content=\"Desinfektionsl\u00f6sung ohne alkohol - Mehrzwechbiozid. Die ANAQUA 750 PRO-L\u00f6sung wird durch Elektrolyse gewonnen. ANAQUA 750 PRO die desinfizierende und reinigende L\u00f6sung, die H\u00e4nde, Oberfl\u00e4chen, Arbeitsumgebungen und Privatr\u00e4ume in einem einzigen Schritt saniert und dekontaminiert.\" \/>\n<meta name=\"robots\" content=\"index, follow, max-snippet:-1, max-image-preview:large, max-video-preview:-1\" \/>\n<link rel=\"canonical\" href=\"https:\/\/atndiffusion.ch\/de\/produit\/anaqua-750-pro\/\" \/>\n<meta property=\"og:locale\" content=\"de_DE\" \/>\n<meta property=\"og:type\" content=\"article\" \/>\n<meta property=\"og:title\" content=\"Anaqua 750 Pro - Desinfektionsl\u00f6sung ohne alkohol - Biozid | ATN Diffusion\" \/>\n<meta property=\"og:description\" content=\"Desinfektionsl\u00f6sung ohne alkohol - Mehrzwechbiozid. Die ANAQUA 750 PRO-L\u00f6sung wird durch Elektrolyse gewonnen. ANAQUA 750 PRO die desinfizierende und reinigende L\u00f6sung, die H\u00e4nde, Oberfl\u00e4chen, Arbeitsumgebungen und Privatr\u00e4ume in einem einzigen Schritt saniert und dekontaminiert.\" \/>\n<meta property=\"og:url\" content=\"https:\/\/atndiffusion.ch\/de\/produit\/anaqua-750-pro\/\" \/>\n<meta property=\"og:site_name\" content=\"ATN Diffusion\" \/>\n<meta property=\"article:modified_time\" content=\"2024-02-29T09:56:51+00:00\" \/>\n<meta property=\"og:image\" content=\"https:\/\/example.com\/wp-content\/uploads\/2024\/02\/Anaqua_750-Pro-P750-30L.jpg\" \/>\n\t<meta property=\"og:image:width\" content=\"1300\" \/>\n\t<meta property=\"og:image:height\" content=\"1300\" \/>\n\t<meta property=\"og:image:type\" content=\"image\/jpeg\" \/>\n<meta name=\"twitter:card\" content=\"summary_large_image\" \/>\n<meta name=\"twitter:label1\" content=\"Gesch\u00e4tzte Lesezeit\" \/>\n\t<meta name=\"twitter:data1\" content=\"1\u00a0Minute\" \/>\n<script type=\"application\/ld+json\" class=\"yoast-schema-graph\">{\n\t    \"@context\": \"https:\\\/\\\/schema.org\",\n\t    \"@graph\": [\n\t        {\n\t            \"@type\": \"WebPage\",\n\t            \"@id\": \"https:\\\/\\\/example.com\\\/de\\\/produit\\\/anaqua-750-pro\\\/\",\n\t            \"url\": \"https:\\\/\\\/example.com\\\/de\\\/produit\\\/anaqua-750-pro\\\/\",\n\t            \"name\": \"Anaqua 750 Pro - Desinfektionsl\u00f6sung ohne alkohol - Biozid | ATN Diffusion\",\n\t            \"isPartOf\": {\n\t                \"@id\": \"https:\\\/\\\/example.com\\\/de\\\/#website\"\n\t            },\n\t            \"primaryImageOfPage\": {\n\t                \"@id\": \"https:\\\/\\\/example.com\\\/de\\\/produit\\\/anaqua-750-pro\\\/#primaryimage\"\n\t            },\n\t            \"image\": {\n\t                \"@id\": \"https:\\\/\\\/example.com\\\/de\\\/produit\\\/anaqua-750-pro\\\/#primaryimage\"\n\t            },\n\t            \"thumbnailUrl\": \"https:\\\/\\\/example.com\\\/wp-content\\\/uploads\\\/2024\\\/02\\\/Anaqua_750-Pro-P750-30L.jpg\",\n\t            \"datePublished\": \"2024-02-29T09:47:30+00:00\",\n\t            \"dateModified\": \"2024-02-29T09:56:51+00:00\",\n\t            \"description\": \"Desinfektionsl\u00f6sung ohne alkohol - Mehrzwechbiozid. Die ANAQUA 750 PRO-L\u00f6sung wird durch Elektrolyse gewonnen. ANAQUA 750 PRO die desinfizierende und reinigende L\u00f6sung, die H\u00e4nde, Oberfl\u00e4chen, Arbeitsumgebungen und Privatr\u00e4ume in einem einzigen Schritt saniert und dekontaminiert.\",\n\t            \"breadcrumb\": {\n\t                \"@id\": \"https:\\\/\\\/example.com\\\/de\\\/produit\\\/anaqua-750-pro\\\/#breadcrumb\"\n\t            },\n\t            \"inLanguage\": \"de\",\n\t            \"potentialAction\": [\n\t                {\n\t                    \"@type\": \"ReadAction\",\n\t                    \"target\": [\n\t                        \"https:\\\/\\\/example.com\\\/de\\\/produit\\\/anaqua-750-pro\\\/\"\n\t                    ]\n\t                }\n\t            ]\n\t        },\n\t        {\n\t            \"@type\": \"ImageObject\",\n\t            \"inLanguage\": \"de\",\n\t            \"@id\": \"https:\\\/\\\/example.com\\\/de\\\/produit\\\/anaqua-750-pro\\\/#primaryimage\",\n\t            \"url\": \"https:\\\/\\\/example.com\\\/wp-content\\\/uploads\\\/2024\\\/02\\\/Anaqua_750-Pro-P750-30L.jpg\",\n\t            \"contentUrl\": \"https:\\\/\\\/example.com\\\/wp-content\\\/uploads\\\/2024\\\/02\\\/Anaqua_750-Pro-P750-30L.jpg\",\n\t            \"width\": 1300,\n\t            \"height\": 1300\n\t        },\n\t        {\n\t            \"@type\": \"BreadcrumbList\",\n\t            \"@id\": \"https:\\\/\\\/example.com\\\/de\\\/produit\\\/anaqua-750-pro\\\/#breadcrumb\",\n\t            \"itemListElement\": [\n\t                {\n\t                    \"@type\": \"ListItem\",\n\t                    \"position\": 1,\n\t                    \"name\": \"Accueil\",\n\t                    \"item\": \"https:\\\/\\\/example.com\\\/de\\\/\"\n\t                },\n\t                {\n\t                    \"@type\": \"ListItem\",\n\t                    \"position\": 2,\n\t                    \"name\": \"Katalog\",\n\t                    \"item\": \"https:\\\/\\\/example.com\\\/de\\\/katalog\\\/\"\n\t                },\n\t                {\n\t                    \"@type\": \"ListItem\",\n\t                    \"position\": 3,\n\t                    \"name\": \"Anaqua 750 Pro\"\n\t                }\n\t            ]\n\t        },\n\t        {\n\t            \"@type\": \"WebSite\",\n\t            \"@id\": \"https:\\\/\\\/example.com\\\/de\\\/#website\",\n\t            \"url\": \"https:\\\/\\\/example.com\\\/de\\\/\",\n\t            \"name\": \"ATN Diffusion\",\n\t            \"description\": \"Produits techniques professionnels - Traitement des eaux\",\n\t            \"publisher\": {\n\t                \"@id\": \"https:\\\/\\\/example.com\\\/de\\\/#organization\"\n\t            },\n\t            \"potentialAction\": [\n\t                {\n\t                    \"@type\": \"SearchAction\",\n\t                    \"target\": {\n\t                        \"@type\": \"EntryPoint\",\n\t                        \"urlTemplate\": \"https:\\\/\\\/example.com\\\/de\\\/?s={search_term_string}\"\n\t                    },\n\t                    \"query-input\": {\n\t                        \"@type\": \"PropertyValueSpecification\",\n\t                        \"valueRequired\": true,\n\t                        \"valueName\": \"search_term_string\"\n\t                    }\n\t                }\n\t            ],\n\t            \"inLanguage\": \"de\"\n\t        },\n\t        {\n\t            \"@type\": \"Organization\",\n\t            \"@id\": \"https:\\\/\\\/example.com\\\/de\\\/#organization\",\n\t            \"name\": \"ATN DIffusion\",\n\t            \"url\": \"https:\\\/\\\/example.com\\\/de\\\/\",\n\t            \"logo\": {\n\t                \"@type\": \"ImageObject\",\n\t                \"inLanguage\": \"de\",\n\t                \"@id\": \"https:\\\/\\\/example.com\\\/de\\\/#\\\/schema\\\/logo\\\/image\\\/\",\n\t                \"url\": \"https:\\\/\\\/example.com\\\/wp-content\\\/uploads\\\/2019\\\/12\\\/Logo_noir.png\",\n\t                \"contentUrl\": \"https:\\\/\\\/example.com\\\/wp-content\\\/uploads\\\/2019\\\/12\\\/Logo_noir.png\",\n\t                \"width\": 795,\n\t                \"height\": 138,\n\t                \"caption\": \"ATN DIffusion\"\n\t            },\n\t            \"image\": {\n\t                \"@id\": \"https:\\\/\\\/example.com\\\/de\\\/#\\\/schema\\\/logo\\\/image\\\/\"\n\t            }\n\t        }\n\t    ]\n\t}<\/script>\n<!-- \/ Yoast SEO plugin. -->","yoast_head_json":{"title":"Anaqua 750 Pro - Desinfektionsl\u00f6sung ohne alkohol - Biozid | ATN Diffusion","description":"Desinfektionsl\u00f6sung ohne alkohol - Mehrzwechbiozid. Die ANAQUA 750 PRO-L\u00f6sung wird durch Elektrolyse gewonnen. ANAQUA 750 PRO die desinfizierende und reinigende L\u00f6sung, die H\u00e4nde, Oberfl\u00e4chen, Arbeitsumgebungen und Privatr\u00e4ume in einem einzigen Schritt saniert und dekontaminiert.","robots":{"index":"index","follow":"follow","max-snippet":"max-snippet:-1","max-image-preview":"max-image-preview:large","max-video-preview":"max-video-preview:-1"},"canonical":"https:\/\/atndiffusion.ch\/de\/produit\/anaqua-750-pro\/","og_locale":"de_DE","og_type":"article","og_title":"Anaqua 750 Pro - Desinfektionsl\u00f6sung ohne alkohol - Biozid | ATN Diffusion","og_description":"Desinfektionsl\u00f6sung ohne alkohol - Mehrzwechbiozid. Die ANAQUA 750 PRO-L\u00f6sung wird durch Elektrolyse gewonnen. ANAQUA 750 PRO die desinfizierende und reinigende L\u00f6sung, die H\u00e4nde, Oberfl\u00e4chen, Arbeitsumgebungen und Privatr\u00e4ume in einem einzigen Schritt saniert und dekontaminiert.","og_url":"https:\/\/atndiffusion.ch\/de\/produit\/anaqua-750-pro\/","og_site_name":"ATN Diffusion","article_modified_time":"2024-02-29T09:56:51+00:00","og_image":[{"width":1300,"height":1300,"url":"https:\/\/example.com\/wp-content\/uploads\/2024\/02\/Anaqua_750-Pro-P750-30L.jpg","type":"image\/jpeg"}],"twitter_card":"summary_large_image","twitter_misc":{"Gesch\u00e4tzte Lesezeit":"1\u00a0Minute"},"schema":{"@context":"https:\/\/schema.org","@graph":[{"@type":"WebPage","@id":"https:\/\/atndiffusion.ch\/de\/produit\/anaqua-750-pro\/","url":"https:\/\/atndiffusion.ch\/de\/produit\/anaqua-750-pro\/","name":"Anaqua 750 Pro - Desinfektionsl\u00f6sung ohne alkohol - Biozid | ATN Diffusion","isPartOf":{"@id":"https:\/\/atndiffusion.ch\/de\/#website"},"primaryImageOfPage":{"@id":"https:\/\/atndiffusion.ch\/de\/produit\/anaqua-750-pro\/#primaryimage"},"image":{"@id":"https:\/\/atndiffusion.ch\/de\/produit\/anaqua-750-pro\/#primaryimage"},"thumbnailUrl":"https:\/\/atndiffusion.ch\/wp-content\/uploads\/2024\/02\/Anaqua_750-Pro-P750-30L.jpg","datePublished":"2024-02-29T09:47:30+00:00","dateModified":"2024-02-29T09:56:51+00:00","description":"Desinfektionsl\u00f6sung ohne alkohol - Mehrzwechbiozid. Die ANAQUA 750 PRO-L\u00f6sung wird durch Elektrolyse gewonnen. ANAQUA 750 PRO die desinfizierende und reinigende L\u00f6sung, die H\u00e4nde, Oberfl\u00e4chen, Arbeitsumgebungen und Privatr\u00e4ume in einem einzigen Schritt saniert und dekontaminiert.","breadcrumb":{"@id":"https:\/\/atndiffusion.ch\/de\/produit\/anaqua-750-pro\/#breadcrumb"},"inLanguage":"de","potentialAction":[{"@type":"ReadAction","target":["https:\/\/atndiffusion.ch\/de\/produit\/anaqua-750-pro\/"]}]},{"@type":"ImageObject","inLanguage":"de","@id":"https:\/\/atndiffusion.ch\/de\/produit\/anaqua-750-pro\/#primaryimage","url":"https:\/\/atndiffusion.ch\/wp-content\/uploads\/2024\/02\/Anaqua_750-Pro-P750-30L.jpg","contentUrl":"https:\/\/atndiffusion.ch\/wp-content\/uploads\/2024\/02\/Anaqua_750-Pro-P750-30L.jpg","width":1300,"height":1300},{"@type":"BreadcrumbList","@id":"https:\/\/atndiffusion.ch\/de\/produit\/anaqua-750-pro\/#breadcrumb","itemListElement":[{"@type":"ListItem","position":1,"name":"Accueil","item":"https:\/\/atndiffusion.ch\/de\/"},{"@type":"ListItem","position":2,"name":"Katalog","item":"https:\/\/atndiffusion.ch\/de\/katalog\/"},{"@type":"ListItem","position":3,"name":"Anaqua 750 Pro"}]},{"@type":"WebSite","@id":"https:\/\/atndiffusion.ch\/de\/#website","url":"https:\/\/atndiffusion.ch\/de\/","name":"ATN Diffusion","description":"Produits techniques professionnels - Traitement des eaux","publisher":{"@id":"https:\/\/atndiffusion.ch\/de\/#organization"},"potentialAction":[{"@type":"SearchAction","target":{"@type":"EntryPoint","urlTemplate":"https:\/\/atndiffusion.ch\/de\/?s={search_term_string}"},"query-input":{"@type":"PropertyValueSpecification","valueRequired":true,"valueName":"search_term_string"}}],"inLanguage":"de"},{"@type":"Organization","@id":"https:\/\/atndiffusion.ch\/de\/#organization","name":"ATN DIffusion","url":"https:\/\/atndiffusion.ch\/de\/","logo":{"@type":"ImageObject","inLanguage":"de","@id":"https:\/\/atndiffusion.ch\/de\/#\/schema\/logo\/image\/","url":"https:\/\/atndiffusion.ch\/wp-content\/uploads\/2019\/12\/Logo_noir.png","contentUrl":"https:\/\/atndiffusion.ch\/wp-content\/uploads\/2019\/12\/Logo_noir.png","width":795,"height":138,"caption":"ATN DIffusion"},"image":{"@id":"https:\/\/atndiffusion.ch\/de\/#\/schema\/logo\/image\/"}}]}},"_links":{"self":[{"href":"https:\/\/atndiffusion.ch\/de\/wp-json\/wp\/v2\/product\/7201","targetHints":{"allow":["GET"]}}],"collection":[{"href":"https:\/\/atndiffusion.ch\/de\/wp-json\/wp\/v2\/product"}],"about":[{"href":"https:\/\/atndiffusion.ch\/de\/wp-json\/wp\/v2\/types\/product"}],"wp:featuredmedia":[{"embeddable":true,"href":"https:\/\/atndiffusion.ch\/de\/wp-json\/wp\/v2\/media\/7198"}],"wp:attachment":[{"href":"https:\/\/atndiffusion.ch\/de\/wp-json\/wp\/v2\/media?parent=7201"}],"wp:term":[{"taxonomy":"product_brand","embeddable":true,"href":"https:\/\/atndiffusion.ch\/de\/wp-json\/wp\/v2\/product_brand?post=7201"},{"taxonomy":"product_cat","embeddable":true,"href":"https:\/\/atndiffusion.ch\/de\/wp-json\/wp\/v2\/product_cat?post=7201"},{"taxonomy":"product_tag","embeddable":true,"href":"https:\/\/atndiffusion.ch\/de\/wp-json\/wp\/v2\/product_tag?post=7201"}],"curies":[{"name":"wp","href":"https:\/\/api.w.org\/{rel}","templated":true}]}}