{"id":6454,"date":"2023-02-28T18:04:12","date_gmt":"2021-12-10T17:04:12","guid":{"rendered":"https:\/\/atndiffusion.ch\/produit\/wasserentharter-atn-modell-clack-11-2-biblock\/"},"modified":"2023-03-08T10:09:10","modified_gmt":"2023-03-08T09:09:10","slug":"wasserentharter-atn-modell-clack-11-2-biblock","status":"publish","type":"product","link":"https:\/\/atndiffusion.ch\/de\/produit\/wasserentharter-atn-modell-clack-11-2-biblock\/","title":{"rendered":"Wasserenth\u00e4rter ATN Modell CLACK 1&#8243;1\/2 Biblock"},"content":{"rendered":"<ul>\n<li>Betriebsdruck: 2.0 bis 8.5 Bar<\/li>\n<li>Betriebstemperatur: 4 bis 40\u00b0C<\/li>\n<li>Verbindungsdurchmesser: 1&#8243;1\u20442<\/li>\n<li>Netzanschluss: 230V, 500mA<\/li>\n<li>Ventilspannung: 12V<\/li>\n<li>Korrosionsbest\u00e4ndige Faserflasche<\/li>\n<li>Harze, die f\u00fcr das Trinkwasser erlaubt sind<\/li>\n<li>Salzbeh\u00e4lter aus Polyethylen, ausgestattet mit einem festen Boden, mit einem Salzlaugenbrunnen und mit einem Salzlaugenstock<\/li>\n<li>Sicherheitsschwimmer um ein \u00dcberlaufen des Salzbeh\u00e4lters zu verhindern<\/li>\n<li>Die Gesamtheit der Bestandteile verf\u00fcgt \u00fcber ein sanit\u00e4res \u00dcbereinstimmungszertifikat (ACS)<\/li>\n<\/ul>\n","protected":false},"excerpt":{"rendered":"<p>Volumetrisch \/ elektronischer Wasserenth\u00e4rter, Anschluss 1&#8243;1\/2 \u203a<\/p>\n<p>100L \/ 150L \/ 200L \/ 250L \/ 300L \/ 325L<\/p>\n<p class=\"n-ref\">ADBI100-1.5 \/ ADBI150-1.5 \/ ADBI200-1.5 \/ ADBI250-1.5 \/ ADBI300-1.5 \/ ADBI325-1.5<\/p>\n","protected":false},"featured_media":6481,"template":"","meta":{"_acf_changed":false},"product_brand":[],"product_cat":[976,145],"product_tag":[],"class_list":{"0":"post-6454","1":"product","2":"type-product","3":"status-publish","4":"has-post-thumbnail","6":"product_cat-industriebereich","7":"product_cat-wasseraufbereitung","9":"first","10":"instock","11":"shipping-taxable","12":"product-type-simple"},"acf":[],"yoast_head":"<!-- This site is optimized with the Yoast SEO plugin v27.3 - https:\/\/yoast.com\/product\/yoast-seo-wordpress\/ -->\n<title>Wasserenth\u00e4rter ATN Modell CLACK 1&quot;1\/2 Biblock - Industriebereich, Wasseraufbereitung | ATN Diffusion<\/title>\n<meta name=\"description\" content=\"Wasserenth\u00e4rter ATN Modell CLACK 1&quot;1\/2 Biblock - Industriebereich, Wasseraufbereitung Retrouvez une gamme de produits innovants et performants pour la r\u00e9novation de maintenance et les probl\u00e8mes de s\u00e9curit\u00e9 par ATN Diffusion\" \/>\n<meta name=\"robots\" content=\"index, follow, max-snippet:-1, max-image-preview:large, max-video-preview:-1\" \/>\n<link rel=\"canonical\" href=\"https:\/\/atndiffusion.ch\/de\/produit\/wasserentharter-atn-modell-clack-11-2-biblock\/\" \/>\n<meta property=\"og:locale\" content=\"de_DE\" \/>\n<meta property=\"og:type\" content=\"article\" \/>\n<meta property=\"og:title\" content=\"Wasserenth\u00e4rter ATN Modell CLACK 1&quot;1\/2 Biblock - Industriebereich, Wasseraufbereitung | ATN Diffusion\" \/>\n<meta property=\"og:description\" content=\"Wasserenth\u00e4rter ATN Modell CLACK 1&quot;1\/2 Biblock - Industriebereich, Wasseraufbereitung Retrouvez une gamme de produits innovants et performants pour la r\u00e9novation de maintenance et les probl\u00e8mes de s\u00e9curit\u00e9 par ATN Diffusion\" \/>\n<meta property=\"og:url\" content=\"https:\/\/atndiffusion.ch\/de\/produit\/wasserentharter-atn-modell-clack-11-2-biblock\/\" \/>\n<meta property=\"og:site_name\" content=\"ATN Diffusion\" \/>\n<meta property=\"article:modified_time\" content=\"2023-03-08T09:09:10+00:00\" \/>\n<meta property=\"og:image\" content=\"https:\/\/example.com\/wp-content\/uploads\/2023\/03\/Adoucisseur-eau-ATN-bibloc-grand.jpg\" \/>\n\t<meta property=\"og:image:width\" content=\"1300\" \/>\n\t<meta property=\"og:image:height\" content=\"1300\" \/>\n\t<meta property=\"og:image:type\" content=\"image\/jpeg\" \/>\n<meta name=\"twitter:card\" content=\"summary_large_image\" \/>\n<script type=\"application\/ld+json\" class=\"yoast-schema-graph\">{\n\t    \"@context\": \"https:\\\/\\\/schema.org\",\n\t    \"@graph\": [\n\t        {\n\t            \"@type\": \"WebPage\",\n\t            \"@id\": \"https:\\\/\\\/example.com\\\/de\\\/produit\\\/wasserentharter-atn-modell-clack-11-2-biblock\\\/\",\n\t            \"url\": \"https:\\\/\\\/example.com\\\/de\\\/produit\\\/wasserentharter-atn-modell-clack-11-2-biblock\\\/\",\n\t            \"name\": \"Wasserenth\u00e4rter ATN Modell CLACK 1\\\"1\\\/2 Biblock - Industriebereich, Wasseraufbereitung | ATN Diffusion\",\n\t            \"isPartOf\": {\n\t                \"@id\": \"https:\\\/\\\/example.com\\\/de\\\/#website\"\n\t            },\n\t            \"primaryImageOfPage\": {\n\t                \"@id\": \"https:\\\/\\\/example.com\\\/de\\\/produit\\\/wasserentharter-atn-modell-clack-11-2-biblock\\\/#primaryimage\"\n\t            },\n\t            \"image\": {\n\t                \"@id\": \"https:\\\/\\\/example.com\\\/de\\\/produit\\\/wasserentharter-atn-modell-clack-11-2-biblock\\\/#primaryimage\"\n\t            },\n\t            \"thumbnailUrl\": \"https:\\\/\\\/example.com\\\/wp-content\\\/uploads\\\/2023\\\/03\\\/Adoucisseur-eau-ATN-bibloc-grand.jpg\",\n\t            \"datePublished\": \"2021-12-10T17:04:12+00:00\",\n\t            \"dateModified\": \"2023-03-08T09:09:10+00:00\",\n\t            \"description\": \"Wasserenth\u00e4rter ATN Modell CLACK 1\\\"1\\\/2 Biblock - Industriebereich, Wasseraufbereitung Retrouvez une gamme de produits innovants et performants pour la r\u00e9novation de maintenance et les probl\u00e8mes de s\u00e9curit\u00e9 par ATN Diffusion\",\n\t            \"breadcrumb\": {\n\t                \"@id\": \"https:\\\/\\\/example.com\\\/de\\\/produit\\\/wasserentharter-atn-modell-clack-11-2-biblock\\\/#breadcrumb\"\n\t            },\n\t            \"inLanguage\": \"de\",\n\t            \"potentialAction\": [\n\t                {\n\t                    \"@type\": \"ReadAction\",\n\t                    \"target\": [\n\t                        \"https:\\\/\\\/example.com\\\/de\\\/produit\\\/wasserentharter-atn-modell-clack-11-2-biblock\\\/\"\n\t                    ]\n\t                }\n\t            ]\n\t        },\n\t        {\n\t            \"@type\": \"ImageObject\",\n\t            \"inLanguage\": \"de\",\n\t            \"@id\": \"https:\\\/\\\/example.com\\\/de\\\/produit\\\/wasserentharter-atn-modell-clack-11-2-biblock\\\/#primaryimage\",\n\t            \"url\": \"https:\\\/\\\/example.com\\\/wp-content\\\/uploads\\\/2023\\\/03\\\/Adoucisseur-eau-ATN-bibloc-grand.jpg\",\n\t            \"contentUrl\": \"https:\\\/\\\/example.com\\\/wp-content\\\/uploads\\\/2023\\\/03\\\/Adoucisseur-eau-ATN-bibloc-grand.jpg\",\n\t            \"width\": 1300,\n\t            \"height\": 1300\n\t        },\n\t        {\n\t            \"@type\": \"BreadcrumbList\",\n\t            \"@id\": \"https:\\\/\\\/example.com\\\/de\\\/produit\\\/wasserentharter-atn-modell-clack-11-2-biblock\\\/#breadcrumb\",\n\t            \"itemListElement\": [\n\t                {\n\t                    \"@type\": \"ListItem\",\n\t                    \"position\": 1,\n\t                    \"name\": \"Accueil\",\n\t                    \"item\": \"https:\\\/\\\/example.com\\\/de\\\/\"\n\t                },\n\t                {\n\t                    \"@type\": \"ListItem\",\n\t                    \"position\": 2,\n\t                    \"name\": \"Katalog\",\n\t                    \"item\": \"https:\\\/\\\/example.com\\\/de\\\/katalog\\\/\"\n\t                },\n\t                {\n\t                    \"@type\": \"ListItem\",\n\t                    \"position\": 3,\n\t                    \"name\": \"Wasserenth\u00e4rter ATN Modell CLACK 1&#8243;1\\\/2 Biblock\"\n\t                }\n\t            ]\n\t        },\n\t        {\n\t            \"@type\": \"WebSite\",\n\t            \"@id\": \"https:\\\/\\\/example.com\\\/de\\\/#website\",\n\t            \"url\": \"https:\\\/\\\/example.com\\\/de\\\/\",\n\t            \"name\": \"ATN Diffusion\",\n\t            \"description\": \"Produits techniques professionnels - Traitement des eaux\",\n\t            \"publisher\": {\n\t                \"@id\": \"https:\\\/\\\/example.com\\\/de\\\/#organization\"\n\t            },\n\t            \"potentialAction\": [\n\t                {\n\t                    \"@type\": \"SearchAction\",\n\t                    \"target\": {\n\t                        \"@type\": \"EntryPoint\",\n\t                        \"urlTemplate\": \"https:\\\/\\\/example.com\\\/de\\\/?s={search_term_string}\"\n\t                    },\n\t                    \"query-input\": {\n\t                        \"@type\": \"PropertyValueSpecification\",\n\t                        \"valueRequired\": true,\n\t                        \"valueName\": \"search_term_string\"\n\t                    }\n\t                }\n\t            ],\n\t            \"inLanguage\": \"de\"\n\t        },\n\t        {\n\t            \"@type\": \"Organization\",\n\t            \"@id\": \"https:\\\/\\\/example.com\\\/de\\\/#organization\",\n\t            \"name\": \"ATN DIffusion\",\n\t            \"url\": \"https:\\\/\\\/example.com\\\/de\\\/\",\n\t            \"logo\": {\n\t                \"@type\": \"ImageObject\",\n\t                \"inLanguage\": \"de\",\n\t                \"@id\": \"https:\\\/\\\/example.com\\\/de\\\/#\\\/schema\\\/logo\\\/image\\\/\",\n\t                \"url\": \"https:\\\/\\\/example.com\\\/wp-content\\\/uploads\\\/2019\\\/12\\\/Logo_noir.png\",\n\t                \"contentUrl\": \"https:\\\/\\\/example.com\\\/wp-content\\\/uploads\\\/2019\\\/12\\\/Logo_noir.png\",\n\t                \"width\": 795,\n\t                \"height\": 138,\n\t                \"caption\": \"ATN DIffusion\"\n\t            },\n\t            \"image\": {\n\t                \"@id\": \"https:\\\/\\\/example.com\\\/de\\\/#\\\/schema\\\/logo\\\/image\\\/\"\n\t            }\n\t        }\n\t    ]\n\t}<\/script>\n<!-- \/ Yoast SEO plugin. -->","yoast_head_json":{"title":"Wasserenth\u00e4rter ATN Modell CLACK 1\"1\/2 Biblock - Industriebereich, Wasseraufbereitung | ATN Diffusion","description":"Wasserenth\u00e4rter ATN Modell CLACK 1\"1\/2 Biblock - Industriebereich, Wasseraufbereitung Retrouvez une gamme de produits innovants et performants pour la r\u00e9novation de maintenance et les probl\u00e8mes de s\u00e9curit\u00e9 par ATN Diffusion","robots":{"index":"index","follow":"follow","max-snippet":"max-snippet:-1","max-image-preview":"max-image-preview:large","max-video-preview":"max-video-preview:-1"},"canonical":"https:\/\/atndiffusion.ch\/de\/produit\/wasserentharter-atn-modell-clack-11-2-biblock\/","og_locale":"de_DE","og_type":"article","og_title":"Wasserenth\u00e4rter ATN Modell CLACK 1\"1\/2 Biblock - Industriebereich, Wasseraufbereitung | ATN Diffusion","og_description":"Wasserenth\u00e4rter ATN Modell CLACK 1\"1\/2 Biblock - Industriebereich, Wasseraufbereitung Retrouvez une gamme de produits innovants et performants pour la r\u00e9novation de maintenance et les probl\u00e8mes de s\u00e9curit\u00e9 par ATN Diffusion","og_url":"https:\/\/atndiffusion.ch\/de\/produit\/wasserentharter-atn-modell-clack-11-2-biblock\/","og_site_name":"ATN Diffusion","article_modified_time":"2023-03-08T09:09:10+00:00","og_image":[{"width":1300,"height":1300,"url":"https:\/\/example.com\/wp-content\/uploads\/2023\/03\/Adoucisseur-eau-ATN-bibloc-grand.jpg","type":"image\/jpeg"}],"twitter_card":"summary_large_image","schema":{"@context":"https:\/\/schema.org","@graph":[{"@type":"WebPage","@id":"https:\/\/atndiffusion.ch\/de\/produit\/wasserentharter-atn-modell-clack-11-2-biblock\/","url":"https:\/\/atndiffusion.ch\/de\/produit\/wasserentharter-atn-modell-clack-11-2-biblock\/","name":"Wasserenth\u00e4rter ATN Modell CLACK 1\"1\/2 Biblock - Industriebereich, Wasseraufbereitung | ATN Diffusion","isPartOf":{"@id":"https:\/\/atndiffusion.ch\/de\/#website"},"primaryImageOfPage":{"@id":"https:\/\/atndiffusion.ch\/de\/produit\/wasserentharter-atn-modell-clack-11-2-biblock\/#primaryimage"},"image":{"@id":"https:\/\/atndiffusion.ch\/de\/produit\/wasserentharter-atn-modell-clack-11-2-biblock\/#primaryimage"},"thumbnailUrl":"https:\/\/atndiffusion.ch\/wp-content\/uploads\/2023\/03\/Adoucisseur-eau-ATN-bibloc-grand.jpg","datePublished":"2021-12-10T17:04:12+00:00","dateModified":"2023-03-08T09:09:10+00:00","description":"Wasserenth\u00e4rter ATN Modell CLACK 1\"1\/2 Biblock - Industriebereich, Wasseraufbereitung Retrouvez une gamme de produits innovants et performants pour la r\u00e9novation de maintenance et les probl\u00e8mes de s\u00e9curit\u00e9 par ATN Diffusion","breadcrumb":{"@id":"https:\/\/atndiffusion.ch\/de\/produit\/wasserentharter-atn-modell-clack-11-2-biblock\/#breadcrumb"},"inLanguage":"de","potentialAction":[{"@type":"ReadAction","target":["https:\/\/atndiffusion.ch\/de\/produit\/wasserentharter-atn-modell-clack-11-2-biblock\/"]}]},{"@type":"ImageObject","inLanguage":"de","@id":"https:\/\/atndiffusion.ch\/de\/produit\/wasserentharter-atn-modell-clack-11-2-biblock\/#primaryimage","url":"https:\/\/atndiffusion.ch\/wp-content\/uploads\/2023\/03\/Adoucisseur-eau-ATN-bibloc-grand.jpg","contentUrl":"https:\/\/atndiffusion.ch\/wp-content\/uploads\/2023\/03\/Adoucisseur-eau-ATN-bibloc-grand.jpg","width":1300,"height":1300},{"@type":"BreadcrumbList","@id":"https:\/\/atndiffusion.ch\/de\/produit\/wasserentharter-atn-modell-clack-11-2-biblock\/#breadcrumb","itemListElement":[{"@type":"ListItem","position":1,"name":"Accueil","item":"https:\/\/atndiffusion.ch\/de\/"},{"@type":"ListItem","position":2,"name":"Katalog","item":"https:\/\/atndiffusion.ch\/de\/katalog\/"},{"@type":"ListItem","position":3,"name":"Wasserenth\u00e4rter ATN Modell CLACK 1&#8243;1\/2 Biblock"}]},{"@type":"WebSite","@id":"https:\/\/atndiffusion.ch\/de\/#website","url":"https:\/\/atndiffusion.ch\/de\/","name":"ATN Diffusion","description":"Produits techniques professionnels - Traitement des eaux","publisher":{"@id":"https:\/\/atndiffusion.ch\/de\/#organization"},"potentialAction":[{"@type":"SearchAction","target":{"@type":"EntryPoint","urlTemplate":"https:\/\/atndiffusion.ch\/de\/?s={search_term_string}"},"query-input":{"@type":"PropertyValueSpecification","valueRequired":true,"valueName":"search_term_string"}}],"inLanguage":"de"},{"@type":"Organization","@id":"https:\/\/atndiffusion.ch\/de\/#organization","name":"ATN DIffusion","url":"https:\/\/atndiffusion.ch\/de\/","logo":{"@type":"ImageObject","inLanguage":"de","@id":"https:\/\/atndiffusion.ch\/de\/#\/schema\/logo\/image\/","url":"https:\/\/atndiffusion.ch\/wp-content\/uploads\/2019\/12\/Logo_noir.png","contentUrl":"https:\/\/atndiffusion.ch\/wp-content\/uploads\/2019\/12\/Logo_noir.png","width":795,"height":138,"caption":"ATN DIffusion"},"image":{"@id":"https:\/\/atndiffusion.ch\/de\/#\/schema\/logo\/image\/"}}]}},"_links":{"self":[{"href":"https:\/\/atndiffusion.ch\/de\/wp-json\/wp\/v2\/product\/6454","targetHints":{"allow":["GET"]}}],"collection":[{"href":"https:\/\/atndiffusion.ch\/de\/wp-json\/wp\/v2\/product"}],"about":[{"href":"https:\/\/atndiffusion.ch\/de\/wp-json\/wp\/v2\/types\/product"}],"wp:featuredmedia":[{"embeddable":true,"href":"https:\/\/atndiffusion.ch\/de\/wp-json\/wp\/v2\/media\/6481"}],"wp:attachment":[{"href":"https:\/\/atndiffusion.ch\/de\/wp-json\/wp\/v2\/media?parent=6454"}],"wp:term":[{"taxonomy":"product_brand","embeddable":true,"href":"https:\/\/atndiffusion.ch\/de\/wp-json\/wp\/v2\/product_brand?post=6454"},{"taxonomy":"product_cat","embeddable":true,"href":"https:\/\/atndiffusion.ch\/de\/wp-json\/wp\/v2\/product_cat?post=6454"},{"taxonomy":"product_tag","embeddable":true,"href":"https:\/\/atndiffusion.ch\/de\/wp-json\/wp\/v2\/product_tag?post=6454"}],"curies":[{"name":"wp","href":"https:\/\/api.w.org\/{rel}","templated":true}]}}