{"id":6339,"date":"2023-01-17T10:10:03","date_gmt":"2023-01-17T09:10:03","guid":{"rendered":"https:\/\/atndiffusion.ch\/?post_type=product&#038;p=6339"},"modified":"2023-01-17T10:24:03","modified_gmt":"2023-01-17T09:24:03","slug":"insectibio-c","status":"publish","type":"product","link":"https:\/\/atndiffusion.ch\/de\/produit\/insectibio-c\/","title":{"rendered":"Insectibio C"},"content":{"rendered":"<p class=\"p1\">Insektizid mit lang anhaltender, absto\u00dfender Wirkung. Konzentrierte, klare, w\u00e4sserige L\u00f6sung aus zu 100% reinen und natu\u0308rtichen, wassergel\u00f6sten \u00e4therischen \u00d6len. Zusammense1zung ausschlie\u00dflich p!anzlichen Ursprungs. In der Natur bilden \u00e4therische \u00d6le einen echten natu\u0308rlichen Schutz vor Sch\u00e4dlingen. Gewisse P!anzen erzeugen diese \u00d6le, um sich mittels ihrer natu\u0308rtichen insektiziden Eigenschaften vor p!anzenfressenden Insekten zu schu\u0308tzen. Das vorliegende Produkt ist gegen die meisten Insekten zu empfehlen, erweist sich jedoch besonders bei der Abwehr u\u0308berm..iger Angriffe von Haussch\u00e4dlingen wie Wanzen, Schaben, Motten, Milben, Fl\u00f6hen und L\u00e4usen von Nutzen. Es zeigt auch sehr gute Wirkung gegen Fliegen, Schnaken, Mu\u0308cken, Wespen, rote Spinnmilben, Mottenschildl\u00e4use (wei\u00dfe Fliegen), Woll- oder Schmier1\u00e4use, Spanner (Nachtschmetter1inge), tropische Krankherten wie Dengue- oder Chikungunya&#8221;eber u\u0308bertragende Stechmu\u0308cken und andere Arboviren u\u0308bertragende Arthropoden. In der P!anzenzucht wird es zur Bek\u00e4mpfung sch\u00e4dlicher L\u00e4use und K\u00e4fer eingesetzt. Es hat auf Grund seiner natu\u0308rtichen sch\u00e4dlings bek\u00e4mpfenden Eigenschaften eine reinigende Wirkung auf Luft und Ober!\u00e4chen. In seiner Formulierung enthaltenes Geraniol zerst\u00f6rt Larven, indem es mit sofortiger Wirkung das deren \u00e4u\u00dfere Hu\u0308lle (Exoskelett) bildende Chitin angreift.<\/p>\n","protected":false},"excerpt":{"rendered":"<p class=\"p1\">Biologisch abbaubares pflanzliches Insektizid und Larvizid.<\/p>\n<p class=\"p1\">Konzentrierte, klare, w\u00e4sserige L\u00f6sung aus zu 100% reinen und natu\u0308rtichen, wassergel\u00f6sten \u00e4therischen \u00d6len.<\/p>\n","protected":false},"featured_media":7701,"template":"","meta":{"_acf_changed":false},"product_brand":[],"product_cat":[199,166],"product_tag":[],"class_list":{"0":"post-6339","1":"product","2":"type-product","3":"status-publish","4":"has-post-thumbnail","6":"product_cat-insektizide-rodentizide","7":"product_cat-technische-produkte","9":"first","10":"instock","11":"shipping-taxable","12":"product-type-simple"},"acf":[],"yoast_head":"<!-- This site is optimized with the Yoast SEO plugin v27.6 - https:\/\/yoast.com\/product\/yoast-seo-wordpress\/ -->\n<title>Insectibio C - Insektizide, Rodentizide, Technische Produkte | ATN Diffusion<\/title>\n<meta name=\"description\" content=\"Insectibio C - Insektizide, Rodentizide, Technische Produkte Retrouvez une gamme de produits innovants et performants pour la r\u00e9novation de maintenance et les probl\u00e8mes de s\u00e9curit\u00e9 par ATN Diffusion\" \/>\n<meta name=\"robots\" content=\"index, follow, max-snippet:-1, max-image-preview:large, max-video-preview:-1\" \/>\n<link rel=\"canonical\" href=\"https:\/\/atndiffusion.ch\/de\/produit\/insectibio-c\/\" \/>\n<meta property=\"og:locale\" content=\"de_DE\" \/>\n<meta property=\"og:type\" content=\"article\" \/>\n<meta property=\"og:title\" content=\"Insectibio C - Insektizide, Rodentizide, Technische Produkte | ATN Diffusion\" \/>\n<meta property=\"og:description\" content=\"Insectibio C - Insektizide, Rodentizide, Technische Produkte Retrouvez une gamme de produits innovants et performants pour la r\u00e9novation de maintenance et les probl\u00e8mes de s\u00e9curit\u00e9 par ATN Diffusion\" \/>\n<meta property=\"og:url\" content=\"https:\/\/atndiffusion.ch\/de\/produit\/insectibio-c\/\" \/>\n<meta property=\"og:site_name\" content=\"ATN Diffusion\" \/>\n<meta property=\"article:modified_time\" content=\"2023-01-17T09:24:03+00:00\" \/>\n<meta property=\"og:image\" content=\"https:\/\/example.com\/wp-content\/uploads\/2020\/02\/bidon_blanc_5L.jpg\" \/>\n\t<meta property=\"og:image:width\" content=\"800\" \/>\n\t<meta property=\"og:image:height\" content=\"800\" \/>\n\t<meta property=\"og:image:type\" content=\"image\/jpeg\" \/>\n<meta name=\"twitter:card\" content=\"summary_large_image\" \/>\n<meta name=\"twitter:label1\" content=\"Gesch\u00e4tzte Lesezeit\" \/>\n\t<meta name=\"twitter:data1\" content=\"1\u00a0Minute\" \/>\n<script type=\"application\/ld+json\" class=\"yoast-schema-graph\">{\n\t    \"@context\": \"https:\\\/\\\/schema.org\",\n\t    \"@graph\": [\n\t        {\n\t            \"@type\": \"WebPage\",\n\t            \"@id\": \"https:\\\/\\\/example.com\\\/de\\\/produit\\\/insectibio-c\\\/\",\n\t            \"url\": \"https:\\\/\\\/example.com\\\/de\\\/produit\\\/insectibio-c\\\/\",\n\t            \"name\": \"Insectibio C - Insektizide, Rodentizide, Technische Produkte | ATN Diffusion\",\n\t            \"isPartOf\": {\n\t                \"@id\": \"https:\\\/\\\/example.com\\\/de\\\/#website\"\n\t            },\n\t            \"primaryImageOfPage\": {\n\t                \"@id\": \"https:\\\/\\\/example.com\\\/de\\\/produit\\\/insectibio-c\\\/#primaryimage\"\n\t            },\n\t            \"image\": {\n\t                \"@id\": \"https:\\\/\\\/example.com\\\/de\\\/produit\\\/insectibio-c\\\/#primaryimage\"\n\t            },\n\t            \"thumbnailUrl\": \"https:\\\/\\\/example.com\\\/wp-content\\\/uploads\\\/2023\\\/01\\\/512.05-Insectiobio-c.jpeg\",\n\t            \"datePublished\": \"2023-01-17T09:10:03+00:00\",\n\t            \"dateModified\": \"2023-01-17T09:24:03+00:00\",\n\t            \"description\": \"Insectibio C - Insektizide, Rodentizide, Technische Produkte Retrouvez une gamme de produits innovants et performants pour la r\u00e9novation de maintenance et les probl\u00e8mes de s\u00e9curit\u00e9 par ATN Diffusion\",\n\t            \"breadcrumb\": {\n\t                \"@id\": \"https:\\\/\\\/example.com\\\/de\\\/produit\\\/insectibio-c\\\/#breadcrumb\"\n\t            },\n\t            \"inLanguage\": \"de\",\n\t            \"potentialAction\": [\n\t                {\n\t                    \"@type\": \"ReadAction\",\n\t                    \"target\": [\n\t                        \"https:\\\/\\\/example.com\\\/de\\\/produit\\\/insectibio-c\\\/\"\n\t                    ]\n\t                }\n\t            ]\n\t        },\n\t        {\n\t            \"@type\": \"ImageObject\",\n\t            \"inLanguage\": \"de\",\n\t            \"@id\": \"https:\\\/\\\/example.com\\\/de\\\/produit\\\/insectibio-c\\\/#primaryimage\",\n\t            \"url\": \"https:\\\/\\\/example.com\\\/wp-content\\\/uploads\\\/2023\\\/01\\\/512.05-Insectiobio-c.jpeg\",\n\t            \"contentUrl\": \"https:\\\/\\\/example.com\\\/wp-content\\\/uploads\\\/2023\\\/01\\\/512.05-Insectiobio-c.jpeg\",\n\t            \"width\": 1500,\n\t            \"height\": 1500\n\t        },\n\t        {\n\t            \"@type\": \"BreadcrumbList\",\n\t            \"@id\": \"https:\\\/\\\/example.com\\\/de\\\/produit\\\/insectibio-c\\\/#breadcrumb\",\n\t            \"itemListElement\": [\n\t                {\n\t                    \"@type\": \"ListItem\",\n\t                    \"position\": 1,\n\t                    \"name\": \"Accueil\",\n\t                    \"item\": \"https:\\\/\\\/example.com\\\/de\\\/\"\n\t                },\n\t                {\n\t                    \"@type\": \"ListItem\",\n\t                    \"position\": 2,\n\t                    \"name\": \"Katalog\",\n\t                    \"item\": \"https:\\\/\\\/example.com\\\/de\\\/katalog\\\/\"\n\t                },\n\t                {\n\t                    \"@type\": \"ListItem\",\n\t                    \"position\": 3,\n\t                    \"name\": \"Insectibio C\"\n\t                }\n\t            ]\n\t        },\n\t        {\n\t            \"@type\": \"WebSite\",\n\t            \"@id\": \"https:\\\/\\\/example.com\\\/de\\\/#website\",\n\t            \"url\": \"https:\\\/\\\/example.com\\\/de\\\/\",\n\t            \"name\": \"ATN Diffusion\",\n\t            \"description\": \"Produits techniques professionnels - Traitement des eaux\",\n\t            \"publisher\": {\n\t                \"@id\": \"https:\\\/\\\/example.com\\\/de\\\/#organization\"\n\t            },\n\t            \"potentialAction\": [\n\t                {\n\t                    \"@type\": \"SearchAction\",\n\t                    \"target\": {\n\t                        \"@type\": \"EntryPoint\",\n\t                        \"urlTemplate\": \"https:\\\/\\\/example.com\\\/de\\\/?s={search_term_string}\"\n\t                    },\n\t                    \"query-input\": {\n\t                        \"@type\": \"PropertyValueSpecification\",\n\t                        \"valueRequired\": true,\n\t                        \"valueName\": \"search_term_string\"\n\t                    }\n\t                }\n\t            ],\n\t            \"inLanguage\": \"de\"\n\t        },\n\t        {\n\t            \"@type\": \"Organization\",\n\t            \"@id\": \"https:\\\/\\\/example.com\\\/de\\\/#organization\",\n\t            \"name\": \"ATN DIffusion\",\n\t            \"url\": \"https:\\\/\\\/example.com\\\/de\\\/\",\n\t            \"logo\": {\n\t                \"@type\": \"ImageObject\",\n\t                \"inLanguage\": \"de\",\n\t                \"@id\": \"https:\\\/\\\/example.com\\\/de\\\/#\\\/schema\\\/logo\\\/image\\\/\",\n\t                \"url\": \"https:\\\/\\\/example.com\\\/wp-content\\\/uploads\\\/2019\\\/12\\\/Logo_noir.png\",\n\t                \"contentUrl\": \"https:\\\/\\\/example.com\\\/wp-content\\\/uploads\\\/2019\\\/12\\\/Logo_noir.png\",\n\t                \"width\": 795,\n\t                \"height\": 138,\n\t                \"caption\": \"ATN DIffusion\"\n\t            },\n\t            \"image\": {\n\t                \"@id\": \"https:\\\/\\\/example.com\\\/de\\\/#\\\/schema\\\/logo\\\/image\\\/\"\n\t            }\n\t        }\n\t    ]\n\t}<\/script>\n<!-- \/ Yoast SEO plugin. -->","yoast_head_json":{"title":"Insectibio C - Insektizide, Rodentizide, Technische Produkte | ATN Diffusion","description":"Insectibio C - Insektizide, Rodentizide, Technische Produkte Retrouvez une gamme de produits innovants et performants pour la r\u00e9novation de maintenance et les probl\u00e8mes de s\u00e9curit\u00e9 par ATN Diffusion","robots":{"index":"index","follow":"follow","max-snippet":"max-snippet:-1","max-image-preview":"max-image-preview:large","max-video-preview":"max-video-preview:-1"},"canonical":"https:\/\/atndiffusion.ch\/de\/produit\/insectibio-c\/","og_locale":"de_DE","og_type":"article","og_title":"Insectibio C - Insektizide, Rodentizide, Technische Produkte | ATN Diffusion","og_description":"Insectibio C - Insektizide, Rodentizide, Technische Produkte Retrouvez une gamme de produits innovants et performants pour la r\u00e9novation de maintenance et les probl\u00e8mes de s\u00e9curit\u00e9 par ATN Diffusion","og_url":"https:\/\/atndiffusion.ch\/de\/produit\/insectibio-c\/","og_site_name":"ATN Diffusion","article_modified_time":"2023-01-17T09:24:03+00:00","og_image":[{"width":800,"height":800,"url":"https:\/\/example.com\/wp-content\/uploads\/2020\/02\/bidon_blanc_5L.jpg","type":"image\/jpeg"}],"twitter_card":"summary_large_image","twitter_misc":{"Gesch\u00e4tzte Lesezeit":"1\u00a0Minute"},"schema":{"@context":"https:\/\/schema.org","@graph":[{"@type":"WebPage","@id":"https:\/\/atndiffusion.ch\/de\/produit\/insectibio-c\/","url":"https:\/\/atndiffusion.ch\/de\/produit\/insectibio-c\/","name":"Insectibio C - Insektizide, Rodentizide, Technische Produkte | ATN Diffusion","isPartOf":{"@id":"https:\/\/atndiffusion.ch\/de\/#website"},"primaryImageOfPage":{"@id":"https:\/\/atndiffusion.ch\/de\/produit\/insectibio-c\/#primaryimage"},"image":{"@id":"https:\/\/atndiffusion.ch\/de\/produit\/insectibio-c\/#primaryimage"},"thumbnailUrl":"https:\/\/atndiffusion.ch\/wp-content\/uploads\/2023\/01\/512.05-Insectiobio-c.jpeg","datePublished":"2023-01-17T09:10:03+00:00","dateModified":"2023-01-17T09:24:03+00:00","description":"Insectibio C - Insektizide, Rodentizide, Technische Produkte Retrouvez une gamme de produits innovants et performants pour la r\u00e9novation de maintenance et les probl\u00e8mes de s\u00e9curit\u00e9 par ATN Diffusion","breadcrumb":{"@id":"https:\/\/atndiffusion.ch\/de\/produit\/insectibio-c\/#breadcrumb"},"inLanguage":"de","potentialAction":[{"@type":"ReadAction","target":["https:\/\/atndiffusion.ch\/de\/produit\/insectibio-c\/"]}]},{"@type":"ImageObject","inLanguage":"de","@id":"https:\/\/atndiffusion.ch\/de\/produit\/insectibio-c\/#primaryimage","url":"https:\/\/atndiffusion.ch\/wp-content\/uploads\/2023\/01\/512.05-Insectiobio-c.jpeg","contentUrl":"https:\/\/atndiffusion.ch\/wp-content\/uploads\/2023\/01\/512.05-Insectiobio-c.jpeg","width":1500,"height":1500},{"@type":"BreadcrumbList","@id":"https:\/\/atndiffusion.ch\/de\/produit\/insectibio-c\/#breadcrumb","itemListElement":[{"@type":"ListItem","position":1,"name":"Accueil","item":"https:\/\/atndiffusion.ch\/de\/"},{"@type":"ListItem","position":2,"name":"Katalog","item":"https:\/\/atndiffusion.ch\/de\/katalog\/"},{"@type":"ListItem","position":3,"name":"Insectibio C"}]},{"@type":"WebSite","@id":"https:\/\/atndiffusion.ch\/de\/#website","url":"https:\/\/atndiffusion.ch\/de\/","name":"ATN Diffusion","description":"Produits techniques professionnels - Traitement des eaux","publisher":{"@id":"https:\/\/atndiffusion.ch\/de\/#organization"},"potentialAction":[{"@type":"SearchAction","target":{"@type":"EntryPoint","urlTemplate":"https:\/\/atndiffusion.ch\/de\/?s={search_term_string}"},"query-input":{"@type":"PropertyValueSpecification","valueRequired":true,"valueName":"search_term_string"}}],"inLanguage":"de"},{"@type":"Organization","@id":"https:\/\/atndiffusion.ch\/de\/#organization","name":"ATN DIffusion","url":"https:\/\/atndiffusion.ch\/de\/","logo":{"@type":"ImageObject","inLanguage":"de","@id":"https:\/\/atndiffusion.ch\/de\/#\/schema\/logo\/image\/","url":"https:\/\/atndiffusion.ch\/wp-content\/uploads\/2019\/12\/Logo_noir.png","contentUrl":"https:\/\/atndiffusion.ch\/wp-content\/uploads\/2019\/12\/Logo_noir.png","width":795,"height":138,"caption":"ATN DIffusion"},"image":{"@id":"https:\/\/atndiffusion.ch\/de\/#\/schema\/logo\/image\/"}}]}},"_links":{"self":[{"href":"https:\/\/atndiffusion.ch\/de\/wp-json\/wp\/v2\/product\/6339","targetHints":{"allow":["GET"]}}],"collection":[{"href":"https:\/\/atndiffusion.ch\/de\/wp-json\/wp\/v2\/product"}],"about":[{"href":"https:\/\/atndiffusion.ch\/de\/wp-json\/wp\/v2\/types\/product"}],"wp:featuredmedia":[{"embeddable":true,"href":"https:\/\/atndiffusion.ch\/de\/wp-json\/wp\/v2\/media\/7701"}],"wp:attachment":[{"href":"https:\/\/atndiffusion.ch\/de\/wp-json\/wp\/v2\/media?parent=6339"}],"wp:term":[{"taxonomy":"product_brand","embeddable":true,"href":"https:\/\/atndiffusion.ch\/de\/wp-json\/wp\/v2\/product_brand?post=6339"},{"taxonomy":"product_cat","embeddable":true,"href":"https:\/\/atndiffusion.ch\/de\/wp-json\/wp\/v2\/product_cat?post=6339"},{"taxonomy":"product_tag","embeddable":true,"href":"https:\/\/atndiffusion.ch\/de\/wp-json\/wp\/v2\/product_tag?post=6339"}],"curies":[{"name":"wp","href":"https:\/\/api.w.org\/{rel}","templated":true}]}}