{"id":6165,"date":"2022-12-14T10:24:37","date_gmt":"2022-12-14T09:24:38","guid":{"rendered":"https:\/\/atndiffusion.ch\/?post_type=product&#038;p=6165"},"modified":"2022-12-15T10:53:15","modified_gmt":"2022-12-15T09:53:15","slug":"saniclip-tutti-frutti","status":"publish","type":"product","link":"https:\/\/atndiffusion.ch\/de\/produit\/saniclip-tutti-frutti\/","title":{"rendered":"Saniclip Tutti-frutti"},"content":{"rendered":"<p class=\"p1\">Durchsichtig, stark duftend, <b>Saniclip <\/b>ist ein Duftspender, um kleine R\u00e4ume (bis zu 12m<span class=\"s1\">2<\/span>) wie Toilettenr\u00e4ume, Umkleider\u00e4ume, B\u00fcros, M\u00fcllr\u00e4ume zu desodorieren.<span class=\"Apple-converted-space\">\u00a0<\/span><\/p>\n<p class=\"p1\">Durch seine Form, die urspr\u00fcnglich f\u00fcr Toilettensch\u00fcsseln entwickelt wurde, kann <b>Saniclip <\/b>auch aufgeh\u00e4ngt oder einfach aufgestellt werden; <b>Saniclip <\/b>ist ein vielseitig verwendbarer Duftspender.<span class=\"Apple-converted-space\">\u00a0<\/span><\/p>\n<p class=\"p1\">Besteht aus Duftstoffen, die in einem flexiblen Polymer impr\u00e4gniert sind, das in verschiedenen Duftstoffen erh\u00e4ltlich ist. Jeder Duftstoff ist direkt in den Polymertr\u00e4ger impr\u00e4gniert und erm\u00f6glicht eine wirksame und dauerhafte Kontrolle f\u00fcr bis zu 4 Wochen, je nach den Anwendungsbedingungen.<span class=\"Apple-converted-space\">\u00a0<\/span><\/p>\n","protected":false},"excerpt":{"rendered":"<p class=\"p1\">Desodorierender Clip<span class=\"Apple-converted-space\">\u00a0<\/span><\/p>\n","protected":false},"featured_media":6170,"template":"","meta":{"_acf_changed":false},"product_brand":[],"product_cat":[191,166],"product_tag":[],"class_list":{"0":"post-6165","1":"product","2":"type-product","3":"status-publish","4":"has-post-thumbnail","6":"product_cat-erfrischer-lufterfrischer","7":"product_cat-technische-produkte","9":"first","10":"instock","11":"shipping-taxable","12":"product-type-simple"},"acf":[],"yoast_head":"<!-- This site is optimized with the Yoast SEO plugin v27.3 - https:\/\/yoast.com\/product\/yoast-seo-wordpress\/ -->\n<title>Saniclip Tutti-frutti - Erfrischer, Lufterfrischer, Technische Produkte | ATN Diffusion<\/title>\n<meta name=\"description\" content=\"Saniclip Tutti-frutti - Erfrischer, Lufterfrischer, Technische Produkte Retrouvez une gamme de produits innovants et performants pour la r\u00e9novation de maintenance et les probl\u00e8mes de s\u00e9curit\u00e9 par ATN Diffusion\" \/>\n<meta name=\"robots\" content=\"index, follow, max-snippet:-1, max-image-preview:large, max-video-preview:-1\" \/>\n<link rel=\"canonical\" href=\"https:\/\/atndiffusion.ch\/de\/produit\/saniclip-tutti-frutti\/\" \/>\n<meta property=\"og:locale\" content=\"de_DE\" \/>\n<meta property=\"og:type\" content=\"article\" \/>\n<meta property=\"og:title\" content=\"Saniclip Tutti-frutti - Erfrischer, Lufterfrischer, Technische Produkte | ATN Diffusion\" \/>\n<meta property=\"og:description\" content=\"Saniclip Tutti-frutti - Erfrischer, Lufterfrischer, Technische Produkte Retrouvez une gamme de produits innovants et performants pour la r\u00e9novation de maintenance et les probl\u00e8mes de s\u00e9curit\u00e9 par ATN Diffusion\" \/>\n<meta property=\"og:url\" content=\"https:\/\/atndiffusion.ch\/de\/produit\/saniclip-tutti-frutti\/\" \/>\n<meta property=\"og:site_name\" content=\"ATN Diffusion\" \/>\n<meta property=\"article:modified_time\" content=\"2022-12-15T09:53:15+00:00\" \/>\n<meta property=\"og:image\" content=\"https:\/\/example.com\/wp-content\/uploads\/2022\/12\/61027-SaniClip-Tutti-Frutti-2.webp\" \/>\n\t<meta property=\"og:image:width\" content=\"808\" \/>\n\t<meta property=\"og:image:height\" content=\"801\" \/>\n\t<meta property=\"og:image:type\" content=\"image\/webp\" \/>\n<meta name=\"twitter:card\" content=\"summary_large_image\" \/>\n<script type=\"application\/ld+json\" class=\"yoast-schema-graph\">{\n\t    \"@context\": \"https:\\\/\\\/schema.org\",\n\t    \"@graph\": [\n\t        {\n\t            \"@type\": \"WebPage\",\n\t            \"@id\": \"https:\\\/\\\/example.com\\\/de\\\/produit\\\/saniclip-tutti-frutti\\\/\",\n\t            \"url\": \"https:\\\/\\\/example.com\\\/de\\\/produit\\\/saniclip-tutti-frutti\\\/\",\n\t            \"name\": \"Saniclip Tutti-frutti - Erfrischer, Lufterfrischer, Technische Produkte | ATN Diffusion\",\n\t            \"isPartOf\": {\n\t                \"@id\": \"https:\\\/\\\/example.com\\\/de\\\/#website\"\n\t            },\n\t            \"primaryImageOfPage\": {\n\t                \"@id\": \"https:\\\/\\\/example.com\\\/de\\\/produit\\\/saniclip-tutti-frutti\\\/#primaryimage\"\n\t            },\n\t            \"image\": {\n\t                \"@id\": \"https:\\\/\\\/example.com\\\/de\\\/produit\\\/saniclip-tutti-frutti\\\/#primaryimage\"\n\t            },\n\t            \"thumbnailUrl\": \"https:\\\/\\\/example.com\\\/wp-content\\\/uploads\\\/2022\\\/12\\\/61027-SaniClip-Tutti-Frutti-2.webp\",\n\t            \"datePublished\": \"2022-12-14T09:24:38+00:00\",\n\t            \"dateModified\": \"2022-12-15T09:53:15+00:00\",\n\t            \"description\": \"Saniclip Tutti-frutti - Erfrischer, Lufterfrischer, Technische Produkte Retrouvez une gamme de produits innovants et performants pour la r\u00e9novation de maintenance et les probl\u00e8mes de s\u00e9curit\u00e9 par ATN Diffusion\",\n\t            \"breadcrumb\": {\n\t                \"@id\": \"https:\\\/\\\/example.com\\\/de\\\/produit\\\/saniclip-tutti-frutti\\\/#breadcrumb\"\n\t            },\n\t            \"inLanguage\": \"de\",\n\t            \"potentialAction\": [\n\t                {\n\t                    \"@type\": \"ReadAction\",\n\t                    \"target\": [\n\t                        \"https:\\\/\\\/example.com\\\/de\\\/produit\\\/saniclip-tutti-frutti\\\/\"\n\t                    ]\n\t                }\n\t            ]\n\t        },\n\t        {\n\t            \"@type\": \"ImageObject\",\n\t            \"inLanguage\": \"de\",\n\t            \"@id\": \"https:\\\/\\\/example.com\\\/de\\\/produit\\\/saniclip-tutti-frutti\\\/#primaryimage\",\n\t            \"url\": \"https:\\\/\\\/example.com\\\/wp-content\\\/uploads\\\/2022\\\/12\\\/61027-SaniClip-Tutti-Frutti-2.webp\",\n\t            \"contentUrl\": \"https:\\\/\\\/example.com\\\/wp-content\\\/uploads\\\/2022\\\/12\\\/61027-SaniClip-Tutti-Frutti-2.webp\",\n\t            \"width\": 808,\n\t            \"height\": 801\n\t        },\n\t        {\n\t            \"@type\": \"BreadcrumbList\",\n\t            \"@id\": \"https:\\\/\\\/example.com\\\/de\\\/produit\\\/saniclip-tutti-frutti\\\/#breadcrumb\",\n\t            \"itemListElement\": [\n\t                {\n\t                    \"@type\": \"ListItem\",\n\t                    \"position\": 1,\n\t                    \"name\": \"Accueil\",\n\t                    \"item\": \"https:\\\/\\\/example.com\\\/de\\\/\"\n\t                },\n\t                {\n\t                    \"@type\": \"ListItem\",\n\t                    \"position\": 2,\n\t                    \"name\": \"Katalog\",\n\t                    \"item\": \"https:\\\/\\\/example.com\\\/de\\\/katalog\\\/\"\n\t                },\n\t                {\n\t                    \"@type\": \"ListItem\",\n\t                    \"position\": 3,\n\t                    \"name\": \"Saniclip Tutti-frutti\"\n\t                }\n\t            ]\n\t        },\n\t        {\n\t            \"@type\": \"WebSite\",\n\t            \"@id\": \"https:\\\/\\\/example.com\\\/de\\\/#website\",\n\t            \"url\": \"https:\\\/\\\/example.com\\\/de\\\/\",\n\t            \"name\": \"ATN Diffusion\",\n\t            \"description\": \"Produits techniques professionnels - Traitement des eaux\",\n\t            \"publisher\": {\n\t                \"@id\": \"https:\\\/\\\/example.com\\\/de\\\/#organization\"\n\t            },\n\t            \"potentialAction\": [\n\t                {\n\t                    \"@type\": \"SearchAction\",\n\t                    \"target\": {\n\t                        \"@type\": \"EntryPoint\",\n\t                        \"urlTemplate\": \"https:\\\/\\\/example.com\\\/de\\\/?s={search_term_string}\"\n\t                    },\n\t                    \"query-input\": {\n\t                        \"@type\": \"PropertyValueSpecification\",\n\t                        \"valueRequired\": true,\n\t                        \"valueName\": \"search_term_string\"\n\t                    }\n\t                }\n\t            ],\n\t            \"inLanguage\": \"de\"\n\t        },\n\t        {\n\t            \"@type\": \"Organization\",\n\t            \"@id\": \"https:\\\/\\\/example.com\\\/de\\\/#organization\",\n\t            \"name\": \"ATN DIffusion\",\n\t            \"url\": \"https:\\\/\\\/example.com\\\/de\\\/\",\n\t            \"logo\": {\n\t                \"@type\": \"ImageObject\",\n\t                \"inLanguage\": \"de\",\n\t                \"@id\": \"https:\\\/\\\/example.com\\\/de\\\/#\\\/schema\\\/logo\\\/image\\\/\",\n\t                \"url\": \"https:\\\/\\\/example.com\\\/wp-content\\\/uploads\\\/2019\\\/12\\\/Logo_noir.png\",\n\t                \"contentUrl\": \"https:\\\/\\\/example.com\\\/wp-content\\\/uploads\\\/2019\\\/12\\\/Logo_noir.png\",\n\t                \"width\": 795,\n\t                \"height\": 138,\n\t                \"caption\": \"ATN DIffusion\"\n\t            },\n\t            \"image\": {\n\t                \"@id\": \"https:\\\/\\\/example.com\\\/de\\\/#\\\/schema\\\/logo\\\/image\\\/\"\n\t            }\n\t        }\n\t    ]\n\t}<\/script>\n<!-- \/ Yoast SEO plugin. -->","yoast_head_json":{"title":"Saniclip Tutti-frutti - Erfrischer, Lufterfrischer, Technische Produkte | ATN Diffusion","description":"Saniclip Tutti-frutti - Erfrischer, Lufterfrischer, Technische Produkte Retrouvez une gamme de produits innovants et performants pour la r\u00e9novation de maintenance et les probl\u00e8mes de s\u00e9curit\u00e9 par ATN Diffusion","robots":{"index":"index","follow":"follow","max-snippet":"max-snippet:-1","max-image-preview":"max-image-preview:large","max-video-preview":"max-video-preview:-1"},"canonical":"https:\/\/atndiffusion.ch\/de\/produit\/saniclip-tutti-frutti\/","og_locale":"de_DE","og_type":"article","og_title":"Saniclip Tutti-frutti - Erfrischer, Lufterfrischer, Technische Produkte | ATN Diffusion","og_description":"Saniclip Tutti-frutti - Erfrischer, Lufterfrischer, Technische Produkte Retrouvez une gamme de produits innovants et performants pour la r\u00e9novation de maintenance et les probl\u00e8mes de s\u00e9curit\u00e9 par ATN Diffusion","og_url":"https:\/\/atndiffusion.ch\/de\/produit\/saniclip-tutti-frutti\/","og_site_name":"ATN Diffusion","article_modified_time":"2022-12-15T09:53:15+00:00","og_image":[{"width":808,"height":801,"url":"https:\/\/example.com\/wp-content\/uploads\/2022\/12\/61027-SaniClip-Tutti-Frutti-2.webp","type":"image\/webp"}],"twitter_card":"summary_large_image","schema":{"@context":"https:\/\/schema.org","@graph":[{"@type":"WebPage","@id":"https:\/\/atndiffusion.ch\/de\/produit\/saniclip-tutti-frutti\/","url":"https:\/\/atndiffusion.ch\/de\/produit\/saniclip-tutti-frutti\/","name":"Saniclip Tutti-frutti - Erfrischer, Lufterfrischer, Technische Produkte | ATN Diffusion","isPartOf":{"@id":"https:\/\/atndiffusion.ch\/de\/#website"},"primaryImageOfPage":{"@id":"https:\/\/atndiffusion.ch\/de\/produit\/saniclip-tutti-frutti\/#primaryimage"},"image":{"@id":"https:\/\/atndiffusion.ch\/de\/produit\/saniclip-tutti-frutti\/#primaryimage"},"thumbnailUrl":"https:\/\/atndiffusion.ch\/wp-content\/uploads\/2022\/12\/61027-SaniClip-Tutti-Frutti-2.webp","datePublished":"2022-12-14T09:24:38+00:00","dateModified":"2022-12-15T09:53:15+00:00","description":"Saniclip Tutti-frutti - Erfrischer, Lufterfrischer, Technische Produkte Retrouvez une gamme de produits innovants et performants pour la r\u00e9novation de maintenance et les probl\u00e8mes de s\u00e9curit\u00e9 par ATN Diffusion","breadcrumb":{"@id":"https:\/\/atndiffusion.ch\/de\/produit\/saniclip-tutti-frutti\/#breadcrumb"},"inLanguage":"de","potentialAction":[{"@type":"ReadAction","target":["https:\/\/atndiffusion.ch\/de\/produit\/saniclip-tutti-frutti\/"]}]},{"@type":"ImageObject","inLanguage":"de","@id":"https:\/\/atndiffusion.ch\/de\/produit\/saniclip-tutti-frutti\/#primaryimage","url":"https:\/\/atndiffusion.ch\/wp-content\/uploads\/2022\/12\/61027-SaniClip-Tutti-Frutti-2.webp","contentUrl":"https:\/\/atndiffusion.ch\/wp-content\/uploads\/2022\/12\/61027-SaniClip-Tutti-Frutti-2.webp","width":808,"height":801},{"@type":"BreadcrumbList","@id":"https:\/\/atndiffusion.ch\/de\/produit\/saniclip-tutti-frutti\/#breadcrumb","itemListElement":[{"@type":"ListItem","position":1,"name":"Accueil","item":"https:\/\/atndiffusion.ch\/de\/"},{"@type":"ListItem","position":2,"name":"Katalog","item":"https:\/\/atndiffusion.ch\/de\/katalog\/"},{"@type":"ListItem","position":3,"name":"Saniclip Tutti-frutti"}]},{"@type":"WebSite","@id":"https:\/\/atndiffusion.ch\/de\/#website","url":"https:\/\/atndiffusion.ch\/de\/","name":"ATN Diffusion","description":"Produits techniques professionnels - Traitement des eaux","publisher":{"@id":"https:\/\/atndiffusion.ch\/de\/#organization"},"potentialAction":[{"@type":"SearchAction","target":{"@type":"EntryPoint","urlTemplate":"https:\/\/atndiffusion.ch\/de\/?s={search_term_string}"},"query-input":{"@type":"PropertyValueSpecification","valueRequired":true,"valueName":"search_term_string"}}],"inLanguage":"de"},{"@type":"Organization","@id":"https:\/\/atndiffusion.ch\/de\/#organization","name":"ATN DIffusion","url":"https:\/\/atndiffusion.ch\/de\/","logo":{"@type":"ImageObject","inLanguage":"de","@id":"https:\/\/atndiffusion.ch\/de\/#\/schema\/logo\/image\/","url":"https:\/\/atndiffusion.ch\/wp-content\/uploads\/2019\/12\/Logo_noir.png","contentUrl":"https:\/\/atndiffusion.ch\/wp-content\/uploads\/2019\/12\/Logo_noir.png","width":795,"height":138,"caption":"ATN DIffusion"},"image":{"@id":"https:\/\/atndiffusion.ch\/de\/#\/schema\/logo\/image\/"}}]}},"_links":{"self":[{"href":"https:\/\/atndiffusion.ch\/de\/wp-json\/wp\/v2\/product\/6165","targetHints":{"allow":["GET"]}}],"collection":[{"href":"https:\/\/atndiffusion.ch\/de\/wp-json\/wp\/v2\/product"}],"about":[{"href":"https:\/\/atndiffusion.ch\/de\/wp-json\/wp\/v2\/types\/product"}],"wp:featuredmedia":[{"embeddable":true,"href":"https:\/\/atndiffusion.ch\/de\/wp-json\/wp\/v2\/media\/6170"}],"wp:attachment":[{"href":"https:\/\/atndiffusion.ch\/de\/wp-json\/wp\/v2\/media?parent=6165"}],"wp:term":[{"taxonomy":"product_brand","embeddable":true,"href":"https:\/\/atndiffusion.ch\/de\/wp-json\/wp\/v2\/product_brand?post=6165"},{"taxonomy":"product_cat","embeddable":true,"href":"https:\/\/atndiffusion.ch\/de\/wp-json\/wp\/v2\/product_cat?post=6165"},{"taxonomy":"product_tag","embeddable":true,"href":"https:\/\/atndiffusion.ch\/de\/wp-json\/wp\/v2\/product_tag?post=6165"}],"curies":[{"name":"wp","href":"https:\/\/api.w.org\/{rel}","templated":true}]}}