{"id":4052,"date":"2020-02-09T00:02:11","date_gmt":"2020-02-08T23:02:11","guid":{"rendered":"https:\/\/atndiffusion.ch\/produit\/flexoplast\/"},"modified":"2025-11-20T17:01:31","modified_gmt":"2025-11-20T16:01:31","slug":"flexoplast-4","status":"publish","type":"product","link":"https:\/\/atndiffusion.ch\/de\/produit\/flexoplast-4\/","title":{"rendered":"Flexoplast"},"content":{"rendered":"","protected":false},"excerpt":{"rendered":"<p><span>Farbloser flexibler Schutz, Aerosol.<\/span><\/p>\n","protected":false},"featured_media":7711,"template":"","meta":{"_acf_changed":false},"product_brand":[],"product_cat":[193,186,179,176,182,187,166],"product_tag":[],"class_list":{"0":"post-4052","1":"product","2":"type-product","3":"status-publish","4":"has-post-thumbnail","6":"product_cat-abdichtung","7":"product_cat-auffrischungsmittel","8":"product_cat-elektrische-ausruestungen","9":"product_cat-garagen-und-karosserien","10":"product_cat-klebstoffe-putz-abdichtung-farben","11":"product_cat-oberflachenschutz","12":"product_cat-technische-produkte","14":"first","15":"instock","16":"shipping-taxable","17":"product-type-simple"},"acf":[],"yoast_head":"<!-- This site is optimized with the Yoast SEO plugin v27.4 - https:\/\/yoast.com\/product\/yoast-seo-wordpress\/ -->\n<title>Flexoplast - Abdichtung, Auffrischungsmittel, Elektrische Ausr\u00fcstungen, Garagen und Karosserien, Klebstoffe, Putz, Abdichtung, Farben, Oberfl\u00e4chenschutz, Technische Produkte | ATN Diffusion<\/title>\n<meta name=\"description\" content=\"Flexoplast - Abdichtung, Auffrischungsmittel, Elektrische Ausr\u00fcstungen, Garagen und Karosserien, Klebstoffe, Putz, Abdichtung, Farben, Oberfl\u00e4chenschutz, Technische Produkte Retrouvez une gamme de produits innovants et performants pour la r\u00e9novation de maintenance et les probl\u00e8mes de s\u00e9curit\u00e9 par ATN Diffusion\" \/>\n<meta name=\"robots\" content=\"index, follow, max-snippet:-1, max-image-preview:large, max-video-preview:-1\" \/>\n<link rel=\"canonical\" href=\"https:\/\/atndiffusion.ch\/de\/produit\/flexoplast-4\/\" \/>\n<meta property=\"og:locale\" content=\"de_DE\" \/>\n<meta property=\"og:type\" content=\"article\" \/>\n<meta property=\"og:title\" content=\"Flexoplast - Abdichtung, Auffrischungsmittel, Elektrische Ausr\u00fcstungen, Garagen und Karosserien, Klebstoffe, Putz, Abdichtung, Farben, Oberfl\u00e4chenschutz, Technische Produkte | ATN Diffusion\" \/>\n<meta property=\"og:description\" content=\"Flexoplast - Abdichtung, Auffrischungsmittel, Elektrische Ausr\u00fcstungen, Garagen und Karosserien, Klebstoffe, Putz, Abdichtung, Farben, Oberfl\u00e4chenschutz, Technische Produkte Retrouvez une gamme de produits innovants et performants pour la r\u00e9novation de maintenance et les probl\u00e8mes de s\u00e9curit\u00e9 par ATN Diffusion\" \/>\n<meta property=\"og:url\" content=\"https:\/\/atndiffusion.ch\/de\/produit\/flexoplast-4\/\" \/>\n<meta property=\"og:site_name\" content=\"ATN Diffusion\" \/>\n<meta property=\"article:modified_time\" content=\"2025-11-20T16:01:31+00:00\" \/>\n<meta property=\"og:image\" content=\"https:\/\/example.com\/wp-content\/uploads\/2020\/02\/Aerosol.jpg\" \/>\n\t<meta property=\"og:image:width\" content=\"1300\" \/>\n\t<meta property=\"og:image:height\" content=\"1300\" \/>\n\t<meta property=\"og:image:type\" content=\"image\/jpeg\" \/>\n<meta name=\"twitter:card\" content=\"summary_large_image\" \/>\n<script type=\"application\/ld+json\" class=\"yoast-schema-graph\">{\n\t    \"@context\": \"https:\\\/\\\/schema.org\",\n\t    \"@graph\": [\n\t        {\n\t            \"@type\": \"WebPage\",\n\t            \"@id\": \"https:\\\/\\\/example.com\\\/de\\\/produit\\\/flexoplast-4\\\/\",\n\t            \"url\": \"https:\\\/\\\/example.com\\\/de\\\/produit\\\/flexoplast-4\\\/\",\n\t            \"name\": \"Flexoplast - Abdichtung, Auffrischungsmittel, Elektrische Ausr\u00fcstungen, Garagen und Karosserien, Klebstoffe, Putz, Abdichtung, Farben, Oberfl\u00e4chenschutz, Technische Produkte | ATN Diffusion\",\n\t            \"isPartOf\": {\n\t                \"@id\": \"https:\\\/\\\/example.com\\\/de\\\/#website\"\n\t            },\n\t            \"primaryImageOfPage\": {\n\t                \"@id\": \"https:\\\/\\\/example.com\\\/de\\\/produit\\\/flexoplast-4\\\/#primaryimage\"\n\t            },\n\t            \"image\": {\n\t                \"@id\": \"https:\\\/\\\/example.com\\\/de\\\/produit\\\/flexoplast-4\\\/#primaryimage\"\n\t            },\n\t            \"thumbnailUrl\": \"https:\\\/\\\/example.com\\\/wp-content\\\/uploads\\\/2020\\\/02\\\/Aerosol.jpg\",\n\t            \"datePublished\": \"2020-02-08T23:02:11+00:00\",\n\t            \"dateModified\": \"2025-11-20T16:01:31+00:00\",\n\t            \"description\": \"Flexoplast - Abdichtung, Auffrischungsmittel, Elektrische Ausr\u00fcstungen, Garagen und Karosserien, Klebstoffe, Putz, Abdichtung, Farben, Oberfl\u00e4chenschutz, Technische Produkte Retrouvez une gamme de produits innovants et performants pour la r\u00e9novation de maintenance et les probl\u00e8mes de s\u00e9curit\u00e9 par ATN Diffusion\",\n\t            \"breadcrumb\": {\n\t                \"@id\": \"https:\\\/\\\/example.com\\\/de\\\/produit\\\/flexoplast-4\\\/#breadcrumb\"\n\t            },\n\t            \"inLanguage\": \"de\",\n\t            \"potentialAction\": [\n\t                {\n\t                    \"@type\": \"ReadAction\",\n\t                    \"target\": [\n\t                        \"https:\\\/\\\/example.com\\\/de\\\/produit\\\/flexoplast-4\\\/\"\n\t                    ]\n\t                }\n\t            ]\n\t        },\n\t        {\n\t            \"@type\": \"ImageObject\",\n\t            \"inLanguage\": \"de\",\n\t            \"@id\": \"https:\\\/\\\/example.com\\\/de\\\/produit\\\/flexoplast-4\\\/#primaryimage\",\n\t            \"url\": \"https:\\\/\\\/example.com\\\/wp-content\\\/uploads\\\/2020\\\/02\\\/Aerosol.jpg\",\n\t            \"contentUrl\": \"https:\\\/\\\/example.com\\\/wp-content\\\/uploads\\\/2020\\\/02\\\/Aerosol.jpg\",\n\t            \"width\": 1300,\n\t            \"height\": 1300\n\t        },\n\t        {\n\t            \"@type\": \"BreadcrumbList\",\n\t            \"@id\": \"https:\\\/\\\/example.com\\\/de\\\/produit\\\/flexoplast-4\\\/#breadcrumb\",\n\t            \"itemListElement\": [\n\t                {\n\t                    \"@type\": \"ListItem\",\n\t                    \"position\": 1,\n\t                    \"name\": \"Accueil\",\n\t                    \"item\": \"https:\\\/\\\/example.com\\\/de\\\/\"\n\t                },\n\t                {\n\t                    \"@type\": \"ListItem\",\n\t                    \"position\": 2,\n\t                    \"name\": \"Katalog\",\n\t                    \"item\": \"https:\\\/\\\/example.com\\\/de\\\/katalog\\\/\"\n\t                },\n\t                {\n\t                    \"@type\": \"ListItem\",\n\t                    \"position\": 3,\n\t                    \"name\": \"Flexoplast\"\n\t                }\n\t            ]\n\t        },\n\t        {\n\t            \"@type\": \"WebSite\",\n\t            \"@id\": \"https:\\\/\\\/example.com\\\/de\\\/#website\",\n\t            \"url\": \"https:\\\/\\\/example.com\\\/de\\\/\",\n\t            \"name\": \"ATN Diffusion\",\n\t            \"description\": \"Produits techniques professionnels - Traitement des eaux\",\n\t            \"publisher\": {\n\t                \"@id\": \"https:\\\/\\\/example.com\\\/de\\\/#organization\"\n\t            },\n\t            \"potentialAction\": [\n\t                {\n\t                    \"@type\": \"SearchAction\",\n\t                    \"target\": {\n\t                        \"@type\": \"EntryPoint\",\n\t                        \"urlTemplate\": \"https:\\\/\\\/example.com\\\/de\\\/?s={search_term_string}\"\n\t                    },\n\t                    \"query-input\": {\n\t                        \"@type\": \"PropertyValueSpecification\",\n\t                        \"valueRequired\": true,\n\t                        \"valueName\": \"search_term_string\"\n\t                    }\n\t                }\n\t            ],\n\t            \"inLanguage\": \"de\"\n\t        },\n\t        {\n\t            \"@type\": \"Organization\",\n\t            \"@id\": \"https:\\\/\\\/example.com\\\/de\\\/#organization\",\n\t            \"name\": \"ATN DIffusion\",\n\t            \"url\": \"https:\\\/\\\/example.com\\\/de\\\/\",\n\t            \"logo\": {\n\t                \"@type\": \"ImageObject\",\n\t                \"inLanguage\": \"de\",\n\t                \"@id\": \"https:\\\/\\\/example.com\\\/de\\\/#\\\/schema\\\/logo\\\/image\\\/\",\n\t                \"url\": \"https:\\\/\\\/example.com\\\/wp-content\\\/uploads\\\/2019\\\/12\\\/Logo_noir.png\",\n\t                \"contentUrl\": \"https:\\\/\\\/example.com\\\/wp-content\\\/uploads\\\/2019\\\/12\\\/Logo_noir.png\",\n\t                \"width\": 795,\n\t                \"height\": 138,\n\t                \"caption\": \"ATN DIffusion\"\n\t            },\n\t            \"image\": {\n\t                \"@id\": \"https:\\\/\\\/example.com\\\/de\\\/#\\\/schema\\\/logo\\\/image\\\/\"\n\t            }\n\t        }\n\t    ]\n\t}<\/script>\n<!-- \/ Yoast SEO plugin. -->","yoast_head_json":{"title":"Flexoplast - Abdichtung, Auffrischungsmittel, Elektrische Ausr\u00fcstungen, Garagen und Karosserien, Klebstoffe, Putz, Abdichtung, Farben, Oberfl\u00e4chenschutz, Technische Produkte | ATN Diffusion","description":"Flexoplast - Abdichtung, Auffrischungsmittel, Elektrische Ausr\u00fcstungen, Garagen und Karosserien, Klebstoffe, Putz, Abdichtung, Farben, Oberfl\u00e4chenschutz, Technische Produkte Retrouvez une gamme de produits innovants et performants pour la r\u00e9novation de maintenance et les probl\u00e8mes de s\u00e9curit\u00e9 par ATN Diffusion","robots":{"index":"index","follow":"follow","max-snippet":"max-snippet:-1","max-image-preview":"max-image-preview:large","max-video-preview":"max-video-preview:-1"},"canonical":"https:\/\/atndiffusion.ch\/de\/produit\/flexoplast-4\/","og_locale":"de_DE","og_type":"article","og_title":"Flexoplast - Abdichtung, Auffrischungsmittel, Elektrische Ausr\u00fcstungen, Garagen und Karosserien, Klebstoffe, Putz, Abdichtung, Farben, Oberfl\u00e4chenschutz, Technische Produkte | ATN Diffusion","og_description":"Flexoplast - Abdichtung, Auffrischungsmittel, Elektrische Ausr\u00fcstungen, Garagen und Karosserien, Klebstoffe, Putz, Abdichtung, Farben, Oberfl\u00e4chenschutz, Technische Produkte Retrouvez une gamme de produits innovants et performants pour la r\u00e9novation de maintenance et les probl\u00e8mes de s\u00e9curit\u00e9 par ATN Diffusion","og_url":"https:\/\/atndiffusion.ch\/de\/produit\/flexoplast-4\/","og_site_name":"ATN Diffusion","article_modified_time":"2025-11-20T16:01:31+00:00","og_image":[{"width":1300,"height":1300,"url":"https:\/\/example.com\/wp-content\/uploads\/2020\/02\/Aerosol.jpg","type":"image\/jpeg"}],"twitter_card":"summary_large_image","schema":{"@context":"https:\/\/schema.org","@graph":[{"@type":"WebPage","@id":"https:\/\/atndiffusion.ch\/de\/produit\/flexoplast-4\/","url":"https:\/\/atndiffusion.ch\/de\/produit\/flexoplast-4\/","name":"Flexoplast - Abdichtung, Auffrischungsmittel, Elektrische Ausr\u00fcstungen, Garagen und Karosserien, Klebstoffe, Putz, Abdichtung, Farben, Oberfl\u00e4chenschutz, Technische Produkte | ATN Diffusion","isPartOf":{"@id":"https:\/\/atndiffusion.ch\/de\/#website"},"primaryImageOfPage":{"@id":"https:\/\/atndiffusion.ch\/de\/produit\/flexoplast-4\/#primaryimage"},"image":{"@id":"https:\/\/atndiffusion.ch\/de\/produit\/flexoplast-4\/#primaryimage"},"thumbnailUrl":"https:\/\/atndiffusion.ch\/wp-content\/uploads\/2020\/02\/Aerosol.jpg","datePublished":"2020-02-08T23:02:11+00:00","dateModified":"2025-11-20T16:01:31+00:00","description":"Flexoplast - Abdichtung, Auffrischungsmittel, Elektrische Ausr\u00fcstungen, Garagen und Karosserien, Klebstoffe, Putz, Abdichtung, Farben, Oberfl\u00e4chenschutz, Technische Produkte Retrouvez une gamme de produits innovants et performants pour la r\u00e9novation de maintenance et les probl\u00e8mes de s\u00e9curit\u00e9 par ATN Diffusion","breadcrumb":{"@id":"https:\/\/atndiffusion.ch\/de\/produit\/flexoplast-4\/#breadcrumb"},"inLanguage":"de","potentialAction":[{"@type":"ReadAction","target":["https:\/\/atndiffusion.ch\/de\/produit\/flexoplast-4\/"]}]},{"@type":"ImageObject","inLanguage":"de","@id":"https:\/\/atndiffusion.ch\/de\/produit\/flexoplast-4\/#primaryimage","url":"https:\/\/atndiffusion.ch\/wp-content\/uploads\/2020\/02\/Aerosol.jpg","contentUrl":"https:\/\/atndiffusion.ch\/wp-content\/uploads\/2020\/02\/Aerosol.jpg","width":1300,"height":1300},{"@type":"BreadcrumbList","@id":"https:\/\/atndiffusion.ch\/de\/produit\/flexoplast-4\/#breadcrumb","itemListElement":[{"@type":"ListItem","position":1,"name":"Accueil","item":"https:\/\/atndiffusion.ch\/de\/"},{"@type":"ListItem","position":2,"name":"Katalog","item":"https:\/\/atndiffusion.ch\/de\/katalog\/"},{"@type":"ListItem","position":3,"name":"Flexoplast"}]},{"@type":"WebSite","@id":"https:\/\/atndiffusion.ch\/de\/#website","url":"https:\/\/atndiffusion.ch\/de\/","name":"ATN Diffusion","description":"Produits techniques professionnels - Traitement des eaux","publisher":{"@id":"https:\/\/atndiffusion.ch\/de\/#organization"},"potentialAction":[{"@type":"SearchAction","target":{"@type":"EntryPoint","urlTemplate":"https:\/\/atndiffusion.ch\/de\/?s={search_term_string}"},"query-input":{"@type":"PropertyValueSpecification","valueRequired":true,"valueName":"search_term_string"}}],"inLanguage":"de"},{"@type":"Organization","@id":"https:\/\/atndiffusion.ch\/de\/#organization","name":"ATN DIffusion","url":"https:\/\/atndiffusion.ch\/de\/","logo":{"@type":"ImageObject","inLanguage":"de","@id":"https:\/\/atndiffusion.ch\/de\/#\/schema\/logo\/image\/","url":"https:\/\/atndiffusion.ch\/wp-content\/uploads\/2019\/12\/Logo_noir.png","contentUrl":"https:\/\/atndiffusion.ch\/wp-content\/uploads\/2019\/12\/Logo_noir.png","width":795,"height":138,"caption":"ATN DIffusion"},"image":{"@id":"https:\/\/atndiffusion.ch\/de\/#\/schema\/logo\/image\/"}}]}},"_links":{"self":[{"href":"https:\/\/atndiffusion.ch\/de\/wp-json\/wp\/v2\/product\/4052","targetHints":{"allow":["GET"]}}],"collection":[{"href":"https:\/\/atndiffusion.ch\/de\/wp-json\/wp\/v2\/product"}],"about":[{"href":"https:\/\/atndiffusion.ch\/de\/wp-json\/wp\/v2\/types\/product"}],"wp:featuredmedia":[{"embeddable":true,"href":"https:\/\/atndiffusion.ch\/de\/wp-json\/wp\/v2\/media\/7711"}],"wp:attachment":[{"href":"https:\/\/atndiffusion.ch\/de\/wp-json\/wp\/v2\/media?parent=4052"}],"wp:term":[{"taxonomy":"product_brand","embeddable":true,"href":"https:\/\/atndiffusion.ch\/de\/wp-json\/wp\/v2\/product_brand?post=4052"},{"taxonomy":"product_cat","embeddable":true,"href":"https:\/\/atndiffusion.ch\/de\/wp-json\/wp\/v2\/product_cat?post=4052"},{"taxonomy":"product_tag","embeddable":true,"href":"https:\/\/atndiffusion.ch\/de\/wp-json\/wp\/v2\/product_tag?post=4052"}],"curies":[{"name":"wp","href":"https:\/\/api.w.org\/{rel}","templated":true}]}}