{"id":3967,"date":"2020-02-09T20:24:55","date_gmt":"2020-05-08T06:39:19","guid":{"rendered":"https:\/\/atndiffusion.ch\/produit\/clack-ventil-enthaerter-1\/"},"modified":"2020-11-12T16:08:48","modified_gmt":"2020-11-12T15:08:48","slug":"adoucisseur-clack1-1-2-bibloc","status":"publish","type":"product","link":"https:\/\/atndiffusion.ch\/de\/produit\/adoucisseur-clack1-1-2-bibloc\/","title":{"rendered":"Adoucisseurs mod\u00e8les CLACK 1&#8243;1\/2 bibloc"},"content":{"rendered":"","protected":false},"excerpt":{"rendered":"<p>Adoucisseurs volum\u00e9triques \u00e9lectroniques, raccordement 1&#8243;1\/2<\/p>\n","protected":false},"featured_media":4740,"template":"","meta":{"_acf_changed":false},"product_brand":[],"product_cat":[145,156],"product_tag":[],"class_list":{"0":"post-3967","1":"product","2":"type-product","3":"status-publish","4":"has-post-thumbnail","6":"product_cat-wasseraufbereitung","7":"product_cat-wasserenthaerter","9":"first","10":"instock","11":"shipping-taxable","12":"product-type-simple"},"acf":[],"yoast_head":"<!-- This site is optimized with the Yoast SEO plugin v27.3 - https:\/\/yoast.com\/product\/yoast-seo-wordpress\/ -->\n<title>Adoucisseurs mod\u00e8les CLACK 1&quot;1\/2 bibloc - Wasseraufbereitung, Wasserenth\u00e4rter | ATN Diffusion<\/title>\n<meta name=\"description\" content=\"Adoucisseurs mod\u00e8les CLACK 1&quot;1\/2 bibloc - Wasseraufbereitung, Wasserenth\u00e4rter Retrouvez une gamme de produits innovants et performants pour la r\u00e9novation de maintenance et les probl\u00e8mes de s\u00e9curit\u00e9 par ATN Diffusion\" \/>\n<meta name=\"robots\" content=\"index, follow, max-snippet:-1, max-image-preview:large, max-video-preview:-1\" \/>\n<link rel=\"canonical\" href=\"https:\/\/atndiffusion.ch\/de\/produit\/adoucisseur-clack1-1-2-bibloc\/\" \/>\n<meta property=\"og:locale\" content=\"de_DE\" \/>\n<meta property=\"og:type\" content=\"article\" \/>\n<meta property=\"og:title\" content=\"Adoucisseurs mod\u00e8les CLACK 1&quot;1\/2 bibloc - Wasseraufbereitung, Wasserenth\u00e4rter | ATN Diffusion\" \/>\n<meta property=\"og:description\" content=\"Adoucisseurs mod\u00e8les CLACK 1&quot;1\/2 bibloc - Wasseraufbereitung, Wasserenth\u00e4rter Retrouvez une gamme de produits innovants et performants pour la r\u00e9novation de maintenance et les probl\u00e8mes de s\u00e9curit\u00e9 par ATN Diffusion\" \/>\n<meta property=\"og:url\" content=\"https:\/\/atndiffusion.ch\/de\/produit\/adoucisseur-clack1-1-2-bibloc\/\" \/>\n<meta property=\"og:site_name\" content=\"ATN Diffusion\" \/>\n<meta property=\"article:modified_time\" content=\"2020-11-12T15:08:48+00:00\" \/>\n<meta property=\"og:image\" content=\"https:\/\/example.com\/wp-content\/uploads\/2020\/02\/adoucisseur-shema-1x.png\" \/>\n\t<meta property=\"og:image:width\" content=\"1000\" \/>\n\t<meta property=\"og:image:height\" content=\"1000\" \/>\n\t<meta property=\"og:image:type\" content=\"image\/png\" \/>\n<meta name=\"twitter:card\" content=\"summary_large_image\" \/>\n<script type=\"application\/ld+json\" class=\"yoast-schema-graph\">{\n\t    \"@context\": \"https:\\\/\\\/schema.org\",\n\t    \"@graph\": [\n\t        {\n\t            \"@type\": \"WebPage\",\n\t            \"@id\": \"https:\\\/\\\/example.com\\\/de\\\/produit\\\/adoucisseur-clack1-1-2-bibloc\\\/\",\n\t            \"url\": \"https:\\\/\\\/example.com\\\/de\\\/produit\\\/adoucisseur-clack1-1-2-bibloc\\\/\",\n\t            \"name\": \"Adoucisseurs mod\u00e8les CLACK 1\\\"1\\\/2 bibloc - Wasseraufbereitung, Wasserenth\u00e4rter | ATN Diffusion\",\n\t            \"isPartOf\": {\n\t                \"@id\": \"https:\\\/\\\/example.com\\\/de\\\/#website\"\n\t            },\n\t            \"primaryImageOfPage\": {\n\t                \"@id\": \"https:\\\/\\\/example.com\\\/de\\\/produit\\\/adoucisseur-clack1-1-2-bibloc\\\/#primaryimage\"\n\t            },\n\t            \"image\": {\n\t                \"@id\": \"https:\\\/\\\/example.com\\\/de\\\/produit\\\/adoucisseur-clack1-1-2-bibloc\\\/#primaryimage\"\n\t            },\n\t            \"thumbnailUrl\": \"https:\\\/\\\/example.com\\\/wp-content\\\/uploads\\\/2020\\\/02\\\/adoucisseur-shema-1x.png\",\n\t            \"datePublished\": \"2020-05-08T06:39:19+00:00\",\n\t            \"dateModified\": \"2020-11-12T15:08:48+00:00\",\n\t            \"description\": \"Adoucisseurs mod\u00e8les CLACK 1\\\"1\\\/2 bibloc - Wasseraufbereitung, Wasserenth\u00e4rter Retrouvez une gamme de produits innovants et performants pour la r\u00e9novation de maintenance et les probl\u00e8mes de s\u00e9curit\u00e9 par ATN Diffusion\",\n\t            \"breadcrumb\": {\n\t                \"@id\": \"https:\\\/\\\/example.com\\\/de\\\/produit\\\/adoucisseur-clack1-1-2-bibloc\\\/#breadcrumb\"\n\t            },\n\t            \"inLanguage\": \"de\",\n\t            \"potentialAction\": [\n\t                {\n\t                    \"@type\": \"ReadAction\",\n\t                    \"target\": [\n\t                        \"https:\\\/\\\/example.com\\\/de\\\/produit\\\/adoucisseur-clack1-1-2-bibloc\\\/\"\n\t                    ]\n\t                }\n\t            ]\n\t        },\n\t        {\n\t            \"@type\": \"ImageObject\",\n\t            \"inLanguage\": \"de\",\n\t            \"@id\": \"https:\\\/\\\/example.com\\\/de\\\/produit\\\/adoucisseur-clack1-1-2-bibloc\\\/#primaryimage\",\n\t            \"url\": \"https:\\\/\\\/example.com\\\/wp-content\\\/uploads\\\/2020\\\/02\\\/adoucisseur-shema-1x.png\",\n\t            \"contentUrl\": \"https:\\\/\\\/example.com\\\/wp-content\\\/uploads\\\/2020\\\/02\\\/adoucisseur-shema-1x.png\",\n\t            \"width\": 1000,\n\t            \"height\": 1000\n\t        },\n\t        {\n\t            \"@type\": \"BreadcrumbList\",\n\t            \"@id\": \"https:\\\/\\\/example.com\\\/de\\\/produit\\\/adoucisseur-clack1-1-2-bibloc\\\/#breadcrumb\",\n\t            \"itemListElement\": [\n\t                {\n\t                    \"@type\": \"ListItem\",\n\t                    \"position\": 1,\n\t                    \"name\": \"Accueil\",\n\t                    \"item\": \"https:\\\/\\\/example.com\\\/de\\\/\"\n\t                },\n\t                {\n\t                    \"@type\": \"ListItem\",\n\t                    \"position\": 2,\n\t                    \"name\": \"Katalog\",\n\t                    \"item\": \"https:\\\/\\\/example.com\\\/de\\\/katalog\\\/\"\n\t                },\n\t                {\n\t                    \"@type\": \"ListItem\",\n\t                    \"position\": 3,\n\t                    \"name\": \"Adoucisseurs mod\u00e8les CLACK 1&#8243;1\\\/2 bibloc\"\n\t                }\n\t            ]\n\t        },\n\t        {\n\t            \"@type\": \"WebSite\",\n\t            \"@id\": \"https:\\\/\\\/example.com\\\/de\\\/#website\",\n\t            \"url\": \"https:\\\/\\\/example.com\\\/de\\\/\",\n\t            \"name\": \"ATN Diffusion\",\n\t            \"description\": \"Produits techniques professionnels - Traitement des eaux\",\n\t            \"publisher\": {\n\t                \"@id\": \"https:\\\/\\\/example.com\\\/de\\\/#organization\"\n\t            },\n\t            \"potentialAction\": [\n\t                {\n\t                    \"@type\": \"SearchAction\",\n\t                    \"target\": {\n\t                        \"@type\": \"EntryPoint\",\n\t                        \"urlTemplate\": \"https:\\\/\\\/example.com\\\/de\\\/?s={search_term_string}\"\n\t                    },\n\t                    \"query-input\": {\n\t                        \"@type\": \"PropertyValueSpecification\",\n\t                        \"valueRequired\": true,\n\t                        \"valueName\": \"search_term_string\"\n\t                    }\n\t                }\n\t            ],\n\t            \"inLanguage\": \"de\"\n\t        },\n\t        {\n\t            \"@type\": \"Organization\",\n\t            \"@id\": \"https:\\\/\\\/example.com\\\/de\\\/#organization\",\n\t            \"name\": \"ATN DIffusion\",\n\t            \"url\": \"https:\\\/\\\/example.com\\\/de\\\/\",\n\t            \"logo\": {\n\t                \"@type\": \"ImageObject\",\n\t                \"inLanguage\": \"de\",\n\t                \"@id\": \"https:\\\/\\\/example.com\\\/de\\\/#\\\/schema\\\/logo\\\/image\\\/\",\n\t                \"url\": \"https:\\\/\\\/example.com\\\/wp-content\\\/uploads\\\/2019\\\/12\\\/Logo_noir.png\",\n\t                \"contentUrl\": \"https:\\\/\\\/example.com\\\/wp-content\\\/uploads\\\/2019\\\/12\\\/Logo_noir.png\",\n\t                \"width\": 795,\n\t                \"height\": 138,\n\t                \"caption\": \"ATN DIffusion\"\n\t            },\n\t            \"image\": {\n\t                \"@id\": \"https:\\\/\\\/example.com\\\/de\\\/#\\\/schema\\\/logo\\\/image\\\/\"\n\t            }\n\t        }\n\t    ]\n\t}<\/script>\n<!-- \/ Yoast SEO plugin. -->","yoast_head_json":{"title":"Adoucisseurs mod\u00e8les CLACK 1\"1\/2 bibloc - Wasseraufbereitung, Wasserenth\u00e4rter | ATN Diffusion","description":"Adoucisseurs mod\u00e8les CLACK 1\"1\/2 bibloc - Wasseraufbereitung, Wasserenth\u00e4rter Retrouvez une gamme de produits innovants et performants pour la r\u00e9novation de maintenance et les probl\u00e8mes de s\u00e9curit\u00e9 par ATN Diffusion","robots":{"index":"index","follow":"follow","max-snippet":"max-snippet:-1","max-image-preview":"max-image-preview:large","max-video-preview":"max-video-preview:-1"},"canonical":"https:\/\/atndiffusion.ch\/de\/produit\/adoucisseur-clack1-1-2-bibloc\/","og_locale":"de_DE","og_type":"article","og_title":"Adoucisseurs mod\u00e8les CLACK 1\"1\/2 bibloc - Wasseraufbereitung, Wasserenth\u00e4rter | ATN Diffusion","og_description":"Adoucisseurs mod\u00e8les CLACK 1\"1\/2 bibloc - Wasseraufbereitung, Wasserenth\u00e4rter Retrouvez une gamme de produits innovants et performants pour la r\u00e9novation de maintenance et les probl\u00e8mes de s\u00e9curit\u00e9 par ATN Diffusion","og_url":"https:\/\/atndiffusion.ch\/de\/produit\/adoucisseur-clack1-1-2-bibloc\/","og_site_name":"ATN Diffusion","article_modified_time":"2020-11-12T15:08:48+00:00","og_image":[{"width":1000,"height":1000,"url":"https:\/\/example.com\/wp-content\/uploads\/2020\/02\/adoucisseur-shema-1x.png","type":"image\/png"}],"twitter_card":"summary_large_image","schema":{"@context":"https:\/\/schema.org","@graph":[{"@type":"WebPage","@id":"https:\/\/atndiffusion.ch\/de\/produit\/adoucisseur-clack1-1-2-bibloc\/","url":"https:\/\/atndiffusion.ch\/de\/produit\/adoucisseur-clack1-1-2-bibloc\/","name":"Adoucisseurs mod\u00e8les CLACK 1\"1\/2 bibloc - Wasseraufbereitung, Wasserenth\u00e4rter | ATN Diffusion","isPartOf":{"@id":"https:\/\/atndiffusion.ch\/de\/#website"},"primaryImageOfPage":{"@id":"https:\/\/atndiffusion.ch\/de\/produit\/adoucisseur-clack1-1-2-bibloc\/#primaryimage"},"image":{"@id":"https:\/\/atndiffusion.ch\/de\/produit\/adoucisseur-clack1-1-2-bibloc\/#primaryimage"},"thumbnailUrl":"https:\/\/atndiffusion.ch\/wp-content\/uploads\/2020\/02\/adoucisseur-shema-1x.png","datePublished":"2020-05-08T06:39:19+00:00","dateModified":"2020-11-12T15:08:48+00:00","description":"Adoucisseurs mod\u00e8les CLACK 1\"1\/2 bibloc - Wasseraufbereitung, Wasserenth\u00e4rter Retrouvez une gamme de produits innovants et performants pour la r\u00e9novation de maintenance et les probl\u00e8mes de s\u00e9curit\u00e9 par ATN Diffusion","breadcrumb":{"@id":"https:\/\/atndiffusion.ch\/de\/produit\/adoucisseur-clack1-1-2-bibloc\/#breadcrumb"},"inLanguage":"de","potentialAction":[{"@type":"ReadAction","target":["https:\/\/atndiffusion.ch\/de\/produit\/adoucisseur-clack1-1-2-bibloc\/"]}]},{"@type":"ImageObject","inLanguage":"de","@id":"https:\/\/atndiffusion.ch\/de\/produit\/adoucisseur-clack1-1-2-bibloc\/#primaryimage","url":"https:\/\/atndiffusion.ch\/wp-content\/uploads\/2020\/02\/adoucisseur-shema-1x.png","contentUrl":"https:\/\/atndiffusion.ch\/wp-content\/uploads\/2020\/02\/adoucisseur-shema-1x.png","width":1000,"height":1000},{"@type":"BreadcrumbList","@id":"https:\/\/atndiffusion.ch\/de\/produit\/adoucisseur-clack1-1-2-bibloc\/#breadcrumb","itemListElement":[{"@type":"ListItem","position":1,"name":"Accueil","item":"https:\/\/atndiffusion.ch\/de\/"},{"@type":"ListItem","position":2,"name":"Katalog","item":"https:\/\/atndiffusion.ch\/de\/katalog\/"},{"@type":"ListItem","position":3,"name":"Adoucisseurs mod\u00e8les CLACK 1&#8243;1\/2 bibloc"}]},{"@type":"WebSite","@id":"https:\/\/atndiffusion.ch\/de\/#website","url":"https:\/\/atndiffusion.ch\/de\/","name":"ATN Diffusion","description":"Produits techniques professionnels - Traitement des eaux","publisher":{"@id":"https:\/\/atndiffusion.ch\/de\/#organization"},"potentialAction":[{"@type":"SearchAction","target":{"@type":"EntryPoint","urlTemplate":"https:\/\/atndiffusion.ch\/de\/?s={search_term_string}"},"query-input":{"@type":"PropertyValueSpecification","valueRequired":true,"valueName":"search_term_string"}}],"inLanguage":"de"},{"@type":"Organization","@id":"https:\/\/atndiffusion.ch\/de\/#organization","name":"ATN DIffusion","url":"https:\/\/atndiffusion.ch\/de\/","logo":{"@type":"ImageObject","inLanguage":"de","@id":"https:\/\/atndiffusion.ch\/de\/#\/schema\/logo\/image\/","url":"https:\/\/atndiffusion.ch\/wp-content\/uploads\/2019\/12\/Logo_noir.png","contentUrl":"https:\/\/atndiffusion.ch\/wp-content\/uploads\/2019\/12\/Logo_noir.png","width":795,"height":138,"caption":"ATN DIffusion"},"image":{"@id":"https:\/\/atndiffusion.ch\/de\/#\/schema\/logo\/image\/"}}]}},"_links":{"self":[{"href":"https:\/\/atndiffusion.ch\/de\/wp-json\/wp\/v2\/product\/3967","targetHints":{"allow":["GET"]}}],"collection":[{"href":"https:\/\/atndiffusion.ch\/de\/wp-json\/wp\/v2\/product"}],"about":[{"href":"https:\/\/atndiffusion.ch\/de\/wp-json\/wp\/v2\/types\/product"}],"wp:featuredmedia":[{"embeddable":true,"href":"https:\/\/atndiffusion.ch\/de\/wp-json\/wp\/v2\/media\/4740"}],"wp:attachment":[{"href":"https:\/\/atndiffusion.ch\/de\/wp-json\/wp\/v2\/media?parent=3967"}],"wp:term":[{"taxonomy":"product_brand","embeddable":true,"href":"https:\/\/atndiffusion.ch\/de\/wp-json\/wp\/v2\/product_brand?post=3967"},{"taxonomy":"product_cat","embeddable":true,"href":"https:\/\/atndiffusion.ch\/de\/wp-json\/wp\/v2\/product_cat?post=3967"},{"taxonomy":"product_tag","embeddable":true,"href":"https:\/\/atndiffusion.ch\/de\/wp-json\/wp\/v2\/product_tag?post=3967"}],"curies":[{"name":"wp","href":"https:\/\/api.w.org\/{rel}","templated":true}]}}