{"id":3924,"date":"2020-03-04T14:09:13","date_gmt":"2020-03-04T13:09:13","guid":{"rendered":"https:\/\/atndiffusion.ch\/produit\/maske-draeger-x-plore-1720-ffp2-v\/"},"modified":"2025-11-13T09:47:55","modified_gmt":"2025-11-13T08:47:55","slug":"mask-drager-x-plore-1720-ffp2-v","status":"publish","type":"product","link":"https:\/\/atndiffusion.ch\/de\/produit\/mask-drager-x-plore-1720-ffp2-v\/","title":{"rendered":"Maske DR\u00c4GER X-PLORE\u00ae 1720 FFP2 \/ V"},"content":{"rendered":"<p><span>Einweg-Antipartikelmaske nach EN 149:2001 zugelassen; Schutzniveau FFP2 NR D. Die Maske erf\u00fcllt bereits die strengeren Anforderungen der n\u00e4chsten \u00dcberarbeitung der Norm EN 149:2001. Dger X-plore 1720 ist die neue moderne Einwegmaske zum Schutz vor festen und fl\u00fcssigen Partikeln. Das patentierte Filtermaterial mit eingebautem Vorfilter h\u00e4lt auch kleinste Partikel. X-plore 1720 verhindert so das Eindringen sch\u00e4dlicher Partikel in die Atemwege. Die Atemfestigkeit ist extrem gering. Die Maske ist leicht, passt gut ins Gesicht und st\u00f6rt w\u00e4hrend der Arbeit nicht. Das Outfit ist optimal, auch beim Tragen einer Brille.<\/span><\/p>\n<p><span>FEUP2 Feinstaubmaske nach EN 149:2001\/A1:2009 gegen feste und fl\u00fcssige Partikel bis zum 10-fachen des VLEP-Wertes. Erh\u00e4ltlich mit oder ohne das innovative CoolMax Komfort-Ausatmungsventil\u2122.<\/span><\/p>\n<p><span>Falten Sie es flach in einem individuellen Hygienepaket.<\/span><\/p>\n<p><span>NR &#8211; nicht wiederverwendbar. Nach dem neuen Standard kann diese Maske nur f\u00fcr die Dauer eines Teams getragen werden.<\/span><\/p>\n<p><span>D = getestet mit Dolomitstaub. Diese Maske erf\u00fcllt die h\u00f6chsten Anforderungen der Dolomitstaubpr\u00fcfung nach dem neuen Standard.<\/span><\/p>\n<p><span>Es bietet Schutz bis zum 10-fachen des Grenzwerts gegen feste und fl\u00fcssige Partikel (Staub, Feinstaub, Aerosole), Bakterien, Pilze und deren Sporen.<\/span><\/p>\n","protected":false},"excerpt":{"rendered":"<p><span>Einweg-Antipartikelmaske zugelassen nach EN 149:2001.<\/span><\/p>\n<p>Schachtel mit 10 Masken<\/p>\n","protected":false},"featured_media":7647,"template":"","meta":{"_acf_changed":false},"product_brand":[],"product_cat":[170,166],"product_tag":[],"class_list":{"0":"post-3924","1":"product","2":"type-product","3":"status-publish","4":"has-post-thumbnail","6":"product_cat-schutzausrustung","7":"product_cat-technische-produkte","9":"first","10":"instock","11":"shipping-taxable","12":"product-type-simple"},"acf":[],"yoast_head":"<!-- This site is optimized with the Yoast SEO plugin v27.5 - https:\/\/yoast.com\/product\/yoast-seo-wordpress\/ -->\n<title>Maske DR\u00c4GER X-PLORE\u00ae 1720 FFP2 \/ V - Pers\u00f6nliche Schutzausr\u00fcstung (PSA), Technische Produkte | ATN Diffusion<\/title>\n<meta name=\"description\" content=\"Maske DR\u00c4GER X-PLORE\u00ae 1720 FFP2 \/ V - Pers\u00f6nliche Schutzausr\u00fcstung (PSA), Technische Produkte Retrouvez une gamme de produits innovants et performants pour la r\u00e9novation de maintenance et les probl\u00e8mes de s\u00e9curit\u00e9 par ATN Diffusion\" \/>\n<meta name=\"robots\" content=\"index, follow, max-snippet:-1, max-image-preview:large, max-video-preview:-1\" \/>\n<link rel=\"canonical\" href=\"https:\/\/atndiffusion.ch\/de\/produit\/mask-drager-x-plore-1720-ffp2-v\/\" \/>\n<meta property=\"og:locale\" content=\"de_DE\" \/>\n<meta property=\"og:type\" content=\"article\" \/>\n<meta property=\"og:title\" content=\"Maske DR\u00c4GER X-PLORE\u00ae 1720 FFP2 \/ V - Pers\u00f6nliche Schutzausr\u00fcstung (PSA), Technische Produkte | ATN Diffusion\" \/>\n<meta property=\"og:description\" content=\"Maske DR\u00c4GER X-PLORE\u00ae 1720 FFP2 \/ V - Pers\u00f6nliche Schutzausr\u00fcstung (PSA), Technische Produkte Retrouvez une gamme de produits innovants et performants pour la r\u00e9novation de maintenance et les probl\u00e8mes de s\u00e9curit\u00e9 par ATN Diffusion\" \/>\n<meta property=\"og:url\" content=\"https:\/\/atndiffusion.ch\/de\/produit\/mask-drager-x-plore-1720-ffp2-v\/\" \/>\n<meta property=\"og:site_name\" content=\"ATN Diffusion\" \/>\n<meta property=\"article:modified_time\" content=\"2025-11-13T08:47:55+00:00\" \/>\n<meta property=\"og:image\" content=\"https:\/\/example.com\/wp-content\/uploads\/2020\/03\/Masque-FFP2.jpg\" \/>\n\t<meta property=\"og:image:width\" content=\"800\" \/>\n\t<meta property=\"og:image:height\" content=\"800\" \/>\n\t<meta property=\"og:image:type\" content=\"image\/jpeg\" \/>\n<meta name=\"twitter:card\" content=\"summary_large_image\" \/>\n<meta name=\"twitter:label1\" content=\"Gesch\u00e4tzte Lesezeit\" \/>\n\t<meta name=\"twitter:data1\" content=\"1\u00a0Minute\" \/>\n<script type=\"application\/ld+json\" class=\"yoast-schema-graph\">{\n\t    \"@context\": \"https:\\\/\\\/schema.org\",\n\t    \"@graph\": [\n\t        {\n\t            \"@type\": \"WebPage\",\n\t            \"@id\": \"https:\\\/\\\/example.com\\\/de\\\/produit\\\/mask-drager-x-plore-1720-ffp2-v\\\/\",\n\t            \"url\": \"https:\\\/\\\/example.com\\\/de\\\/produit\\\/mask-drager-x-plore-1720-ffp2-v\\\/\",\n\t            \"name\": \"Maske DR\u00c4GER X-PLORE\u00ae 1720 FFP2 \\\/ V - Pers\u00f6nliche Schutzausr\u00fcstung (PSA), Technische Produkte | ATN Diffusion\",\n\t            \"isPartOf\": {\n\t                \"@id\": \"https:\\\/\\\/example.com\\\/de\\\/#website\"\n\t            },\n\t            \"primaryImageOfPage\": {\n\t                \"@id\": \"https:\\\/\\\/example.com\\\/de\\\/produit\\\/mask-drager-x-plore-1720-ffp2-v\\\/#primaryimage\"\n\t            },\n\t            \"image\": {\n\t                \"@id\": \"https:\\\/\\\/example.com\\\/de\\\/produit\\\/mask-drager-x-plore-1720-ffp2-v\\\/#primaryimage\"\n\t            },\n\t            \"thumbnailUrl\": \"https:\\\/\\\/example.com\\\/wp-content\\\/uploads\\\/2020\\\/03\\\/Masque-FFP2.jpg\",\n\t            \"datePublished\": \"2020-03-04T13:09:13+00:00\",\n\t            \"dateModified\": \"2025-11-13T08:47:55+00:00\",\n\t            \"description\": \"Maske DR\u00c4GER X-PLORE\u00ae 1720 FFP2 \\\/ V - Pers\u00f6nliche Schutzausr\u00fcstung (PSA), Technische Produkte Retrouvez une gamme de produits innovants et performants pour la r\u00e9novation de maintenance et les probl\u00e8mes de s\u00e9curit\u00e9 par ATN Diffusion\",\n\t            \"breadcrumb\": {\n\t                \"@id\": \"https:\\\/\\\/example.com\\\/de\\\/produit\\\/mask-drager-x-plore-1720-ffp2-v\\\/#breadcrumb\"\n\t            },\n\t            \"inLanguage\": \"de\",\n\t            \"potentialAction\": [\n\t                {\n\t                    \"@type\": \"ReadAction\",\n\t                    \"target\": [\n\t                        \"https:\\\/\\\/example.com\\\/de\\\/produit\\\/mask-drager-x-plore-1720-ffp2-v\\\/\"\n\t                    ]\n\t                }\n\t            ]\n\t        },\n\t        {\n\t            \"@type\": \"ImageObject\",\n\t            \"inLanguage\": \"de\",\n\t            \"@id\": \"https:\\\/\\\/example.com\\\/de\\\/produit\\\/mask-drager-x-plore-1720-ffp2-v\\\/#primaryimage\",\n\t            \"url\": \"https:\\\/\\\/example.com\\\/wp-content\\\/uploads\\\/2020\\\/03\\\/Masque-FFP2.jpg\",\n\t            \"contentUrl\": \"https:\\\/\\\/example.com\\\/wp-content\\\/uploads\\\/2020\\\/03\\\/Masque-FFP2.jpg\",\n\t            \"width\": 800,\n\t            \"height\": 800\n\t        },\n\t        {\n\t            \"@type\": \"BreadcrumbList\",\n\t            \"@id\": \"https:\\\/\\\/example.com\\\/de\\\/produit\\\/mask-drager-x-plore-1720-ffp2-v\\\/#breadcrumb\",\n\t            \"itemListElement\": [\n\t                {\n\t                    \"@type\": \"ListItem\",\n\t                    \"position\": 1,\n\t                    \"name\": \"Accueil\",\n\t                    \"item\": \"https:\\\/\\\/example.com\\\/de\\\/\"\n\t                },\n\t                {\n\t                    \"@type\": \"ListItem\",\n\t                    \"position\": 2,\n\t                    \"name\": \"Katalog\",\n\t                    \"item\": \"https:\\\/\\\/example.com\\\/de\\\/katalog\\\/\"\n\t                },\n\t                {\n\t                    \"@type\": \"ListItem\",\n\t                    \"position\": 3,\n\t                    \"name\": \"Maske DR\u00c4GER X-PLORE\u00ae 1720 FFP2 \\\/ V\"\n\t                }\n\t            ]\n\t        },\n\t        {\n\t            \"@type\": \"WebSite\",\n\t            \"@id\": \"https:\\\/\\\/example.com\\\/de\\\/#website\",\n\t            \"url\": \"https:\\\/\\\/example.com\\\/de\\\/\",\n\t            \"name\": \"ATN Diffusion\",\n\t            \"description\": \"Produits techniques professionnels - Traitement des eaux\",\n\t            \"publisher\": {\n\t                \"@id\": \"https:\\\/\\\/example.com\\\/de\\\/#organization\"\n\t            },\n\t            \"potentialAction\": [\n\t                {\n\t                    \"@type\": \"SearchAction\",\n\t                    \"target\": {\n\t                        \"@type\": \"EntryPoint\",\n\t                        \"urlTemplate\": \"https:\\\/\\\/example.com\\\/de\\\/?s={search_term_string}\"\n\t                    },\n\t                    \"query-input\": {\n\t                        \"@type\": \"PropertyValueSpecification\",\n\t                        \"valueRequired\": true,\n\t                        \"valueName\": \"search_term_string\"\n\t                    }\n\t                }\n\t            ],\n\t            \"inLanguage\": \"de\"\n\t        },\n\t        {\n\t            \"@type\": \"Organization\",\n\t            \"@id\": \"https:\\\/\\\/example.com\\\/de\\\/#organization\",\n\t            \"name\": \"ATN DIffusion\",\n\t            \"url\": \"https:\\\/\\\/example.com\\\/de\\\/\",\n\t            \"logo\": {\n\t                \"@type\": \"ImageObject\",\n\t                \"inLanguage\": \"de\",\n\t                \"@id\": \"https:\\\/\\\/example.com\\\/de\\\/#\\\/schema\\\/logo\\\/image\\\/\",\n\t                \"url\": \"https:\\\/\\\/example.com\\\/wp-content\\\/uploads\\\/2019\\\/12\\\/Logo_noir.png\",\n\t                \"contentUrl\": \"https:\\\/\\\/example.com\\\/wp-content\\\/uploads\\\/2019\\\/12\\\/Logo_noir.png\",\n\t                \"width\": 795,\n\t                \"height\": 138,\n\t                \"caption\": \"ATN DIffusion\"\n\t            },\n\t            \"image\": {\n\t                \"@id\": \"https:\\\/\\\/example.com\\\/de\\\/#\\\/schema\\\/logo\\\/image\\\/\"\n\t            }\n\t        }\n\t    ]\n\t}<\/script>\n<!-- \/ Yoast SEO plugin. -->","yoast_head_json":{"title":"Maske DR\u00c4GER X-PLORE\u00ae 1720 FFP2 \/ V - Pers\u00f6nliche Schutzausr\u00fcstung (PSA), Technische Produkte | ATN Diffusion","description":"Maske DR\u00c4GER X-PLORE\u00ae 1720 FFP2 \/ V - Pers\u00f6nliche Schutzausr\u00fcstung (PSA), Technische Produkte Retrouvez une gamme de produits innovants et performants pour la r\u00e9novation de maintenance et les probl\u00e8mes de s\u00e9curit\u00e9 par ATN Diffusion","robots":{"index":"index","follow":"follow","max-snippet":"max-snippet:-1","max-image-preview":"max-image-preview:large","max-video-preview":"max-video-preview:-1"},"canonical":"https:\/\/atndiffusion.ch\/de\/produit\/mask-drager-x-plore-1720-ffp2-v\/","og_locale":"de_DE","og_type":"article","og_title":"Maske DR\u00c4GER X-PLORE\u00ae 1720 FFP2 \/ V - Pers\u00f6nliche Schutzausr\u00fcstung (PSA), Technische Produkte | ATN Diffusion","og_description":"Maske DR\u00c4GER X-PLORE\u00ae 1720 FFP2 \/ V - Pers\u00f6nliche Schutzausr\u00fcstung (PSA), Technische Produkte Retrouvez une gamme de produits innovants et performants pour la r\u00e9novation de maintenance et les probl\u00e8mes de s\u00e9curit\u00e9 par ATN Diffusion","og_url":"https:\/\/atndiffusion.ch\/de\/produit\/mask-drager-x-plore-1720-ffp2-v\/","og_site_name":"ATN Diffusion","article_modified_time":"2025-11-13T08:47:55+00:00","og_image":[{"width":800,"height":800,"url":"https:\/\/example.com\/wp-content\/uploads\/2020\/03\/Masque-FFP2.jpg","type":"image\/jpeg"}],"twitter_card":"summary_large_image","twitter_misc":{"Gesch\u00e4tzte Lesezeit":"1\u00a0Minute"},"schema":{"@context":"https:\/\/schema.org","@graph":[{"@type":"WebPage","@id":"https:\/\/atndiffusion.ch\/de\/produit\/mask-drager-x-plore-1720-ffp2-v\/","url":"https:\/\/atndiffusion.ch\/de\/produit\/mask-drager-x-plore-1720-ffp2-v\/","name":"Maske DR\u00c4GER X-PLORE\u00ae 1720 FFP2 \/ V - Pers\u00f6nliche Schutzausr\u00fcstung (PSA), Technische Produkte | ATN Diffusion","isPartOf":{"@id":"https:\/\/atndiffusion.ch\/de\/#website"},"primaryImageOfPage":{"@id":"https:\/\/atndiffusion.ch\/de\/produit\/mask-drager-x-plore-1720-ffp2-v\/#primaryimage"},"image":{"@id":"https:\/\/atndiffusion.ch\/de\/produit\/mask-drager-x-plore-1720-ffp2-v\/#primaryimage"},"thumbnailUrl":"https:\/\/atndiffusion.ch\/wp-content\/uploads\/2020\/03\/Masque-FFP2.jpg","datePublished":"2020-03-04T13:09:13+00:00","dateModified":"2025-11-13T08:47:55+00:00","description":"Maske DR\u00c4GER X-PLORE\u00ae 1720 FFP2 \/ V - Pers\u00f6nliche Schutzausr\u00fcstung (PSA), Technische Produkte Retrouvez une gamme de produits innovants et performants pour la r\u00e9novation de maintenance et les probl\u00e8mes de s\u00e9curit\u00e9 par ATN Diffusion","breadcrumb":{"@id":"https:\/\/atndiffusion.ch\/de\/produit\/mask-drager-x-plore-1720-ffp2-v\/#breadcrumb"},"inLanguage":"de","potentialAction":[{"@type":"ReadAction","target":["https:\/\/atndiffusion.ch\/de\/produit\/mask-drager-x-plore-1720-ffp2-v\/"]}]},{"@type":"ImageObject","inLanguage":"de","@id":"https:\/\/atndiffusion.ch\/de\/produit\/mask-drager-x-plore-1720-ffp2-v\/#primaryimage","url":"https:\/\/atndiffusion.ch\/wp-content\/uploads\/2020\/03\/Masque-FFP2.jpg","contentUrl":"https:\/\/atndiffusion.ch\/wp-content\/uploads\/2020\/03\/Masque-FFP2.jpg","width":800,"height":800},{"@type":"BreadcrumbList","@id":"https:\/\/atndiffusion.ch\/de\/produit\/mask-drager-x-plore-1720-ffp2-v\/#breadcrumb","itemListElement":[{"@type":"ListItem","position":1,"name":"Accueil","item":"https:\/\/atndiffusion.ch\/de\/"},{"@type":"ListItem","position":2,"name":"Katalog","item":"https:\/\/atndiffusion.ch\/de\/katalog\/"},{"@type":"ListItem","position":3,"name":"Maske DR\u00c4GER X-PLORE\u00ae 1720 FFP2 \/ V"}]},{"@type":"WebSite","@id":"https:\/\/atndiffusion.ch\/de\/#website","url":"https:\/\/atndiffusion.ch\/de\/","name":"ATN Diffusion","description":"Produits techniques professionnels - Traitement des eaux","publisher":{"@id":"https:\/\/atndiffusion.ch\/de\/#organization"},"potentialAction":[{"@type":"SearchAction","target":{"@type":"EntryPoint","urlTemplate":"https:\/\/atndiffusion.ch\/de\/?s={search_term_string}"},"query-input":{"@type":"PropertyValueSpecification","valueRequired":true,"valueName":"search_term_string"}}],"inLanguage":"de"},{"@type":"Organization","@id":"https:\/\/atndiffusion.ch\/de\/#organization","name":"ATN DIffusion","url":"https:\/\/atndiffusion.ch\/de\/","logo":{"@type":"ImageObject","inLanguage":"de","@id":"https:\/\/atndiffusion.ch\/de\/#\/schema\/logo\/image\/","url":"https:\/\/atndiffusion.ch\/wp-content\/uploads\/2019\/12\/Logo_noir.png","contentUrl":"https:\/\/atndiffusion.ch\/wp-content\/uploads\/2019\/12\/Logo_noir.png","width":795,"height":138,"caption":"ATN DIffusion"},"image":{"@id":"https:\/\/atndiffusion.ch\/de\/#\/schema\/logo\/image\/"}}]}},"_links":{"self":[{"href":"https:\/\/atndiffusion.ch\/de\/wp-json\/wp\/v2\/product\/3924","targetHints":{"allow":["GET"]}}],"collection":[{"href":"https:\/\/atndiffusion.ch\/de\/wp-json\/wp\/v2\/product"}],"about":[{"href":"https:\/\/atndiffusion.ch\/de\/wp-json\/wp\/v2\/types\/product"}],"wp:featuredmedia":[{"embeddable":true,"href":"https:\/\/atndiffusion.ch\/de\/wp-json\/wp\/v2\/media\/7647"}],"wp:attachment":[{"href":"https:\/\/atndiffusion.ch\/de\/wp-json\/wp\/v2\/media?parent=3924"}],"wp:term":[{"taxonomy":"product_brand","embeddable":true,"href":"https:\/\/atndiffusion.ch\/de\/wp-json\/wp\/v2\/product_brand?post=3924"},{"taxonomy":"product_cat","embeddable":true,"href":"https:\/\/atndiffusion.ch\/de\/wp-json\/wp\/v2\/product_cat?post=3924"},{"taxonomy":"product_tag","embeddable":true,"href":"https:\/\/atndiffusion.ch\/de\/wp-json\/wp\/v2\/product_tag?post=3924"}],"curies":[{"name":"wp","href":"https:\/\/api.w.org\/{rel}","templated":true}]}}