{"id":3853,"date":"2020-05-07T10:07:39","date_gmt":"2020-05-07T08:07:39","guid":{"rendered":"https:\/\/atndiffusion.ch\/technische-produkte\/rutschfeste-behandlung\/"},"modified":"2023-09-28T11:05:29","modified_gmt":"2023-09-28T09:05:29","slug":"rutschfeste-behandlung","status":"publish","type":"page","link":"https:\/\/atndiffusion.ch\/de\/technische-produkte\/rutschfeste-behandlung\/","title":{"rendered":"Anti-Rutsch-Behandlung"},"content":{"rendered":"<div class=\"wpb-content-wrapper\">[vc_row content_placement=&#8221;middle&#8221;][vc_column][wgl_spacing spacer_size=&#8221;100px&#8221;][wgl_spacing spacer_size=&#8221;20px&#8221;][vc_row_inner][vc_column_inner offset=&#8221;vc_col-md-6&#8243;][wgl_image_layers values=&#8221;%5B%7B%22thumbnail%22%3A%222179%22%2C%22image_animation%22%3A%22slide_left%22%2C%22image_order%22%3A%221%22%7D%2C%7B%22thumbnail%22%3A%222182%22%2C%22image_animation%22%3A%22slide_right%22%2C%22image_order%22%3A%221%22%7D%5D&#8221;][\/vc_column_inner][vc_column_inner offset=&#8221;vc_col-lg-offset-1 vc_col-lg-5 vc_col-md-6&#8243;][wgl_spacing spacer_size=&#8221;76px&#8221; screen_desktops=&#8221;1200&#8243; screen_tablet=&#8221;991&#8243; responsive_desktop=&#8221;true&#8221; size_desktops=&#8221;0&#8243; responsive_tablet=&#8221;true&#8221; size_tablet=&#8221;76&#8243;][wgl_double_headings squares_color=&#8221;#f6f6f6&#8243; title_weight=&#8221;900&#8243; title_color=&#8221;#232323&#8243; subtitle_line_height=&#8221;30px&#8221; add_squares=&#8221;true&#8221; custom_title_color=&#8221;true&#8221; subtitle=&#8221;UNSERE L\u00d6SUNG&#8221; responsive_font=&#8221;true&#8221; font_size_tablet=&#8221;38&#8243; font_size_mobile=&#8221;34&#8243;]Anti-Rutsch-Behandlung[\/wgl_double_headings][wgl_spacing spacer_size=&#8221;22px&#8221;][vc_column_text]\n<p style=\"font-weight: 400; line-height: 32px; padding-bottom: 28px; color: #616161;\"><span>Unsere Anti-Rutsch-Produkte sind f\u00fcr B\u00f6den mit Rutschgefahr konzipiert, um sie rutschfest zu machen, ohne ihr optisches Erscheinungsbild zu ver\u00e4ndern. Diese rutschfeste und dekorative Behandlung kann auf allen Arten von Oberfl\u00e4chen im Au\u00dfen- und Innenbereich angewendet werden:<\/span><\/p>\n<ul class=\"integrio_check\">\n<li style=\"font-size: 24px; line-height: 26px; padding-left: 45px; padding-bottom: 10px;\">\n<h6 style=\"padding-bottom: 10px;\">Beton<\/h6>\n<\/li>\n<li style=\"font-size: 24px; line-height: 26px; padding-left: 45px; padding-bottom: 10px;\">\n<h6 style=\"padding-bottom: 10px;\">PVC<\/h6>\n<\/li>\n<li style=\"font-size: 24px; line-height: 26px; padding-left: 45px; padding-bottom: 10px;\">\n<h6 style=\"padding-bottom: 10px;\">Bodenfliese<\/h6>\n<\/li>\n<li style=\"font-size: 24px; line-height: 26px; padding-left: 45px; padding-bottom: 10px;\">\n<h6 style=\"padding-bottom: 10px;\">Marmor<\/h6>\n<\/li>\n<li style=\"font-size: 24px; line-height: 26px; padding-left: 45px; padding-bottom: 10px;\">\n<h6 style=\"padding-bottom: 10px;\">Granit<\/h6>\n<\/li>\n<li style=\"font-size: 24px; line-height: 26px; padding-left: 45px; padding-bottom: 10px;\">\n<h6 style=\"padding-bottom: 10px;\">usw&#8230;<\/h6>\n<\/li>\n<\/ul>\n[\/vc_column_text][\/vc_column_inner][\/vc_row_inner][vc_row_inner][vc_column_inner width=&#8221;7\/12&#8243;][wgl_double_headings squares_color=&#8221;#f6f6f6&#8243; title_weight=&#8221;900&#8243; title_color=&#8221;#232323&#8243; subtitle_line_height=&#8221;30px&#8221; custom_title_color=&#8221;true&#8221; responsive_font=&#8221;true&#8221; font_size_tablet=&#8221;38&#8243; font_size_mobile=&#8221;34&#8243; subtitle=&#8221;St\u00e4rken&#8221;]Die rutschfeste Behandlung ver\u00e4ndert das urspr\u00fcngliche Erscheinungsbild der Oberfl\u00e4chen nicht[\/wgl_double_headings][wgl_spacing spacer_size=&#8221;22px&#8221;][vc_column_text]\n<p style=\"font-weight: 400; line-height: 32px; padding-bottom: 28px; color: #616161;\"><span>Sehr guter Widerstand :<\/span><\/p>\n[\/vc_column_text][\/vc_column_inner][vc_column_inner offset=&#8221;vc_col-lg-offset-0 vc_col-lg-5&#8243; css=&#8221;.vc_custom_1576781492229{margin-top: 60px !important;}&#8221;][\/vc_column_inner][\/vc_row_inner][\/vc_column][\/vc_row][vc_row content_placement=&#8221;middle&#8221;][vc_column width=&#8221;1\/4&#8243; offset=&#8221;vc_col-md-3&#8243;][wgl_services_4 icon_type=&#8221;image&#8221; thumbnail=&#8221;2210&#8243; alignment=&#8221;center&#8221; content_size=&#8221;14px&#8221; title=&#8221;Bei Temperatur&#8221; item_el_class=&#8221;nohover&#8221;][wgl_spacing spacer_size=&#8221;30px&#8221;][\/vc_column][vc_column width=&#8221;1\/4&#8243; offset=&#8221;vc_col-md-3&#8243;][wgl_services_4 icon_type=&#8221;image&#8221; thumbnail=&#8221;2211&#8243; alignment=&#8221;center&#8221; title=&#8221;Zu Chemikalien&#8221; item_el_class=&#8221;nohover&#8221;][wgl_spacing spacer_size=&#8221;30px&#8221;][\/vc_column][vc_column width=&#8221;1\/4&#8243; offset=&#8221;vc_col-md-offset-0 vc_col-md-3 vc_col-sm-offset-3&#8243;][wgl_services_4 icon_type=&#8221;image&#8221; thumbnail=&#8221;2213&#8243; alignment=&#8221;center&#8221; title=&#8221;Im UV&#8221; item_el_class=&#8221;nohover&#8221;][wgl_spacing spacer_size=&#8221;30px&#8221;][\/vc_column][vc_column width=&#8221;1\/4&#8243;][wgl_services_4 icon_type=&#8221;image&#8221; thumbnail=&#8221;2212&#8243; alignment=&#8221;center&#8221; title=&#8221;In den Passagen&#8221; item_el_class=&#8221;nohover&#8221;][wgl_spacing spacer_size=&#8221;30px&#8221;][\/vc_column][\/vc_row][vc_row][vc_column][wgl_spacing spacer_size=&#8221;22px&#8221;][wgl_double_headings squares_color=&#8221;#f6f6f6&#8243; title_weight=&#8221;900&#8243; title_color=&#8221;#232323&#8243; subtitle_line_height=&#8221;30px&#8221; custom_title_color=&#8221;true&#8221; responsive_font=&#8221;true&#8221; font_size_tablet=&#8221;38&#8243; font_size_mobile=&#8221;34&#8243; subtitle=&#8221;PRODUKTE&#8221;]Unser Sortiment an Anti-Rutsch-Produkten[\/wgl_double_headings][wgl_spacing spacer_size=&#8221;22px&#8221;]<div class=\"woocommerce columns-4 \"><ul class=\"wgl-products appear-animation anim-fade-in\"><li class=\"product type-product post-4002 status-publish first instock product_cat-boden product_cat-klebstoffe-putz-abdichtung-farben product_cat-technische-produkte has-post-thumbnail shipping-taxable product-type-simple\">\n\t<div class=\"products-post\"><div class=\"products-post_wrapper\"><div class='woo_product_image shop_media'><div class='picture no_effects'><a class='woo_post-link' href='https:\/\/atndiffusion.ch\/de\/produit\/aero-griff-2\/'><img loading=\"lazy\" decoding=\"async\" width=\"540\" height=\"540\" src=\"https:\/\/atndiffusion.ch\/wp-content\/uploads\/2020\/02\/aerogrip-540x540.jpg\" class=\"attachment-woocommerce_thumbnail size-woocommerce_thumbnail\" alt=\"Aero-Grip\" \/><\/a><a href=\"https:\/\/atndiffusion.ch\/de\/produit\/aero-griff-2\/\" aria-describedby=\"woocommerce_loop_add_to_cart_link_describedby_4002\" data-quantity=\"1\" class=\"button product_type_simple\" data-product_id=\"4002\" data-product_sku=\"\" aria-label=\"Lese mehr \u00fcber &#8222;Aero-Grip&#8220;\" rel=\"nofollow\" data-success_message=\"\">Weiterlesen<\/a>\t<span id=\"woocommerce_loop_add_to_cart_link_describedby_4002\" class=\"screen-reader-text\">\n\t\t\t<\/span>\n<\/div><\/div><h2 class=\"woocommerce-loop-product__title\"><a href=\"https:\/\/atndiffusion.ch\/de\/produit\/aero-griff-2\/\" class=\"woocommerce-LoopProduct-link woocommerce-loop-product__link\">Aero-Grip<\/a><\/h2>\n<p><span>Rutschfesten Beschichtung in Aerosol.<\/span><\/p>\n<\/div><\/div><\/li>\n<li class=\"product type-product post-3990 status-publish instock product_cat-boden product_cat-technische-produkte has-post-thumbnail shipping-taxable product-type-simple\">\n\t<div class=\"products-post\"><div class=\"products-post_wrapper\"><div class='woo_product_image shop_media'><div class='picture no_effects'><a class='woo_post-link' href='https:\/\/atndiffusion.ch\/de\/produit\/polysol-gt\/'><img loading=\"lazy\" decoding=\"async\" width=\"540\" height=\"540\" src=\"https:\/\/atndiffusion.ch\/wp-content\/uploads\/2020\/02\/bidon-5l-transparent-540x540.jpg\" class=\"attachment-woocommerce_thumbnail size-woocommerce_thumbnail\" alt=\"Polysol GT +\" \/><\/a><a href=\"https:\/\/atndiffusion.ch\/de\/produit\/polysol-gt\/\" aria-describedby=\"woocommerce_loop_add_to_cart_link_describedby_3990\" data-quantity=\"1\" class=\"button product_type_simple\" data-product_id=\"3990\" data-product_sku=\"\" aria-label=\"Lese mehr \u00fcber &#8222;Polysol GT +&#8220;\" rel=\"nofollow\" data-success_message=\"\">Weiterlesen<\/a>\t<span id=\"woocommerce_loop_add_to_cart_link_describedby_3990\" class=\"screen-reader-text\">\n\t\t\t<\/span>\n<\/div><\/div><h2 class=\"woocommerce-loop-product__title\"><a href=\"https:\/\/atndiffusion.ch\/de\/produit\/polysol-gt\/\" class=\"woocommerce-LoopProduct-link woocommerce-loop-product__link\">Polysol GT +<\/a><\/h2>\n<p><span>Metallische Acryl-Emulsion, hochfest, rutschfest.<\/span><\/p>\n<\/div><\/div><\/li>\n<li class=\"product type-product post-3989 status-publish instock product_cat-boden product_cat-technische-produkte has-post-thumbnail shipping-taxable product-type-simple\">\n\t<div class=\"products-post\"><div class=\"products-post_wrapper\"><div class='woo_product_image shop_media'><div class='picture no_effects'><a class='woo_post-link' href='https:\/\/atndiffusion.ch\/de\/produit\/sg\/'><img loading=\"lazy\" decoding=\"async\" width=\"540\" height=\"540\" src=\"https:\/\/atndiffusion.ch\/wp-content\/uploads\/2020\/02\/Bidon_atn_10L-540x540.jpg\" class=\"attachment-woocommerce_thumbnail size-woocommerce_thumbnail\" alt=\"SG\" \/><\/a><a href=\"https:\/\/atndiffusion.ch\/de\/produit\/sg\/\" aria-describedby=\"woocommerce_loop_add_to_cart_link_describedby_3989\" data-quantity=\"1\" class=\"button product_type_simple\" data-product_id=\"3989\" data-product_sku=\"\" aria-label=\"Lese mehr \u00fcber &#8222;SG&#8220;\" rel=\"nofollow\" data-success_message=\"\">Weiterlesen<\/a>\t<span id=\"woocommerce_loop_add_to_cart_link_describedby_3989\" class=\"screen-reader-text\">\n\t\t\t<\/span>\n<\/div><\/div><h2 class=\"woocommerce-loop-product__title\"><a href=\"https:\/\/atndiffusion.ch\/de\/produit\/sg\/\" class=\"woocommerce-LoopProduct-link woocommerce-loop-product__link\">SG<\/a><\/h2>\n<p><span>Produkt zur nicht-filmogenen rutschfesten Behandlung.<\/span><\/p>\n<\/div><\/div><\/li>\n<li class=\"product type-product post-3988 status-publish last instock product_cat-boden product_cat-technische-produkte has-post-thumbnail shipping-taxable product-type-simple\">\n\t<div class=\"products-post\"><div class=\"products-post_wrapper\"><div class='woo_product_image shop_media'><div class='picture no_effects'><a class='woo_post-link' href='https:\/\/atndiffusion.ch\/de\/produit\/sgs-maintenance-c\/'><img loading=\"lazy\" decoding=\"async\" width=\"540\" height=\"540\" src=\"https:\/\/atndiffusion.ch\/wp-content\/uploads\/2020\/02\/Bidon_bleu_30L-540x540.jpg\" class=\"attachment-woocommerce_thumbnail size-woocommerce_thumbnail\" alt=\"SGS Maintenance C\" \/><\/a><a href=\"https:\/\/atndiffusion.ch\/de\/produit\/sgs-maintenance-c\/\" aria-describedby=\"woocommerce_loop_add_to_cart_link_describedby_3988\" data-quantity=\"1\" class=\"button product_type_simple\" data-product_id=\"3988\" data-product_sku=\"\" aria-label=\"Lese mehr \u00fcber &#8222;SGS Maintenance C&#8220;\" rel=\"nofollow\" data-success_message=\"\">Weiterlesen<\/a>\t<span id=\"woocommerce_loop_add_to_cart_link_describedby_3988\" class=\"screen-reader-text\">\n\t\t\t<\/span>\n<\/div><\/div><h2 class=\"woocommerce-loop-product__title\"><a href=\"https:\/\/atndiffusion.ch\/de\/produit\/sgs-maintenance-c\/\" class=\"woocommerce-LoopProduct-link woocommerce-loop-product__link\">SGS Maintenance C<\/a><\/h2>\n<p><span>D\u00e9sincrustant sp\u00e9cifique aux sols antid\u00e9rapants ou poreux.<\/span><\/p>\n<\/div><\/div><\/li>\n<\/ul>\n<\/div>[vc_column_text]<strong>Consultez \u00e9galement :\u00a0<\/strong><\/p>\n<ul>\n<li><a href=\"https:\/\/atndiffusion.ch\/de\/behandlung-von-bettwanzen\/dokumentation\/\" target=\"_blank\" rel=\"noopener noreferrer\">Traitement punaise de lit\u00a0<\/a><\/li>\n<li><a href=\"https:\/\/atndiffusion.ch\/traitement-eau-industriel\/recuperation-eau-de-pluie\/\" target=\"_blank\" rel=\"noopener noreferrer\">R\u00e9cup\u00e9rateur eau de pluie<\/a><\/li>\n<li><a href=\"https:\/\/atndiffusion.ch\/de\/technische-produkte\/private-spas-und-pools\/\" target=\"_blank\" rel=\"noopener noreferrer\">Traitement eau piscine &amp; spa<\/a><\/li>\n<\/ul>\n[\/vc_column_text][\/vc_column][\/vc_row]\n<\/div>","protected":false},"excerpt":{"rendered":"<p>[vc_row content_placement=&#8221;middle&#8221;][vc_column][wgl_spacing spacer_size=&#8221;100px&#8221;][wgl_spacing spacer_size=&#8221;20px&#8221;][vc_row_inner][vc_column_inner offset=&#8221;vc_col-md-6&#8243;][wgl_image_layers values=&#8221;%5B%7B%22thumbnail%22%3A%222179%22%2C%22image_animation%22%3A%22slide_left%22%2C%22image_order%22%3A%221%22%7D%2C%7B%22thumbnail%22%3A%222182%22%2C%22image_animation%22%3A%22slide_right%22%2C%22image_order%22%3A%221%22%7D%5D&#8221;][\/vc_column_inner][vc_column_inner offset=&#8221;vc_col-lg-offset-1 vc_col-lg-5 vc_col-md-6&#8243;][wgl_spacing spacer_size=&#8221;76px&#8221; screen_desktops=&#8221;1200&#8243; screen_tablet=&#8221;991&#8243; responsive_desktop=&#8221;true&#8221; size_desktops=&#8221;0&#8243; responsive_tablet=&#8221;true&#8221; size_tablet=&#8221;76&#8243;][wgl_double_headings squares_color=&#8221;#f6f6f6&#8243; title_weight=&#8221;900&#8243; title_color=&#8221;#232323&#8243; subtitle_line_height=&#8221;30px&#8221; add_squares=&#8221;true&#8221; custom_title_color=&#8221;true&#8221; subtitle=&#8221;UNSERE L\u00d6SUNG&#8221; responsive_font=&#8221;true&#8221; font_size_tablet=&#8221;38&#8243; font_size_mobile=&#8221;34&#8243;]Anti-Rutsch-Behandlung[\/wgl_double_headings][wgl_spacing spacer_size=&#8221;22px&#8221;][vc_column_text] Unsere Anti-Rutsch-Produkte sind f\u00fcr B\u00f6den mit Rutschgefahr konzipiert, um sie rutschfest zu machen, ohne ihr optisches Erscheinungsbild zu ver\u00e4ndern. Diese rutschfeste und dekorative Behandlung kann auf allen [&hellip;]<\/p>\n","protected":false},"author":1,"featured_media":0,"parent":3803,"menu_order":0,"comment_status":"closed","ping_status":"closed","template":"","meta":{"_acf_changed":false,"footnotes":""},"class_list":["post-3853","page","type-page","status-publish","hentry"],"acf":[],"yoast_head":"<!-- This site is optimized with the Yoast SEO plugin v27.5 - https:\/\/yoast.com\/product\/yoast-seo-wordpress\/ -->\n<title>Anti-Rutsch-Behandlung &#8211; ATN Diffusion &#039; Technische Produkte<\/title>\n<meta name=\"description\" content=\"Suchen Sie nach rutschfesten Behandlungen? Sehen Sie sich hier die Liste der ATN Diffusion Produkte an, die sich an viele Arten von B\u00f6den anpassen k\u00f6nnen.\" \/>\n<meta name=\"robots\" content=\"index, follow, max-snippet:-1, max-image-preview:large, max-video-preview:-1\" \/>\n<link rel=\"canonical\" href=\"https:\/\/atndiffusion.ch\/de\/technische-produkte\/rutschfeste-behandlung\/\" \/>\n<meta property=\"og:locale\" content=\"de_DE\" \/>\n<meta property=\"og:type\" content=\"article\" \/>\n<meta property=\"og:title\" content=\"Anti-Rutsch-Behandlung &#8211; ATN Diffusion &#039; Technische Produkte\" \/>\n<meta property=\"og:description\" content=\"Suchen Sie nach rutschfesten Behandlungen? Sehen Sie sich hier die Liste der ATN Diffusion Produkte an, die sich an viele Arten von B\u00f6den anpassen k\u00f6nnen.\" \/>\n<meta property=\"og:url\" content=\"https:\/\/atndiffusion.ch\/de\/technische-produkte\/rutschfeste-behandlung\/\" \/>\n<meta property=\"og:site_name\" content=\"ATN Diffusion\" \/>\n<meta property=\"article:modified_time\" content=\"2023-09-28T09:05:29+00:00\" \/>\n<meta name=\"twitter:card\" content=\"summary_large_image\" \/>\n<meta name=\"twitter:label1\" content=\"Gesch\u00e4tzte Lesezeit\" \/>\n\t<meta name=\"twitter:data1\" content=\"3\u00a0Minuten\" \/>\n<script type=\"application\/ld+json\" class=\"yoast-schema-graph\">{\n\t    \"@context\": \"https:\\\/\\\/schema.org\",\n\t    \"@graph\": [\n\t        {\n\t            \"@type\": \"WebPage\",\n\t            \"@id\": \"https:\\\/\\\/example.com\\\/de\\\/technische-produkte\\\/rutschfeste-behandlung\\\/\",\n\t            \"url\": \"https:\\\/\\\/example.com\\\/de\\\/technische-produkte\\\/rutschfeste-behandlung\\\/\",\n\t            \"name\": \"Anti-Rutsch-Behandlung &#8211; ATN Diffusion ' Technische Produkte\",\n\t            \"isPartOf\": {\n\t                \"@id\": \"https:\\\/\\\/example.com\\\/de\\\/#website\"\n\t            },\n\t            \"datePublished\": \"2020-05-07T08:07:39+00:00\",\n\t            \"dateModified\": \"2023-09-28T09:05:29+00:00\",\n\t            \"description\": \"Suchen Sie nach rutschfesten Behandlungen? Sehen Sie sich hier die Liste der ATN Diffusion Produkte an, die sich an viele Arten von B\u00f6den anpassen k\u00f6nnen.\",\n\t            \"breadcrumb\": {\n\t                \"@id\": \"https:\\\/\\\/example.com\\\/de\\\/technische-produkte\\\/rutschfeste-behandlung\\\/#breadcrumb\"\n\t            },\n\t            \"inLanguage\": \"de\",\n\t            \"potentialAction\": [\n\t                {\n\t                    \"@type\": \"ReadAction\",\n\t                    \"target\": [\n\t                        \"https:\\\/\\\/example.com\\\/de\\\/technische-produkte\\\/rutschfeste-behandlung\\\/\"\n\t                    ]\n\t                }\n\t            ]\n\t        },\n\t        {\n\t            \"@type\": \"BreadcrumbList\",\n\t            \"@id\": \"https:\\\/\\\/example.com\\\/de\\\/technische-produkte\\\/rutschfeste-behandlung\\\/#breadcrumb\",\n\t            \"itemListElement\": [\n\t                {\n\t                    \"@type\": \"ListItem\",\n\t                    \"position\": 1,\n\t                    \"name\": \"Accueil\",\n\t                    \"item\": \"https:\\\/\\\/example.com\\\/de\\\/\"\n\t                },\n\t                {\n\t                    \"@type\": \"ListItem\",\n\t                    \"position\": 2,\n\t                    \"name\": \"Technische Produkte\",\n\t                    \"item\": \"https:\\\/\\\/example.com\\\/de\\\/produits-techniques\\\/\"\n\t                },\n\t                {\n\t                    \"@type\": \"ListItem\",\n\t                    \"position\": 3,\n\t                    \"name\": \"Anti-Rutsch-Behandlung\"\n\t                }\n\t            ]\n\t        },\n\t        {\n\t            \"@type\": \"WebSite\",\n\t            \"@id\": \"https:\\\/\\\/example.com\\\/de\\\/#website\",\n\t            \"url\": \"https:\\\/\\\/example.com\\\/de\\\/\",\n\t            \"name\": \"ATN Diffusion\",\n\t            \"description\": \"Produits techniques professionnels - Traitement des eaux\",\n\t            \"publisher\": {\n\t                \"@id\": \"https:\\\/\\\/example.com\\\/de\\\/#organization\"\n\t            },\n\t            \"potentialAction\": [\n\t                {\n\t                    \"@type\": \"SearchAction\",\n\t                    \"target\": {\n\t                        \"@type\": \"EntryPoint\",\n\t                        \"urlTemplate\": \"https:\\\/\\\/example.com\\\/de\\\/?s={search_term_string}\"\n\t                    },\n\t                    \"query-input\": {\n\t                        \"@type\": \"PropertyValueSpecification\",\n\t                        \"valueRequired\": true,\n\t                        \"valueName\": \"search_term_string\"\n\t                    }\n\t                }\n\t            ],\n\t            \"inLanguage\": \"de\"\n\t        },\n\t        {\n\t            \"@type\": \"Organization\",\n\t            \"@id\": \"https:\\\/\\\/example.com\\\/de\\\/#organization\",\n\t            \"name\": \"ATN DIffusion\",\n\t            \"url\": \"https:\\\/\\\/example.com\\\/de\\\/\",\n\t            \"logo\": {\n\t                \"@type\": \"ImageObject\",\n\t                \"inLanguage\": \"de\",\n\t                \"@id\": \"https:\\\/\\\/example.com\\\/de\\\/#\\\/schema\\\/logo\\\/image\\\/\",\n\t                \"url\": \"https:\\\/\\\/example.com\\\/wp-content\\\/uploads\\\/2019\\\/12\\\/Logo_noir.png\",\n\t                \"contentUrl\": \"https:\\\/\\\/example.com\\\/wp-content\\\/uploads\\\/2019\\\/12\\\/Logo_noir.png\",\n\t                \"width\": 795,\n\t                \"height\": 138,\n\t                \"caption\": \"ATN DIffusion\"\n\t            },\n\t            \"image\": {\n\t                \"@id\": \"https:\\\/\\\/example.com\\\/de\\\/#\\\/schema\\\/logo\\\/image\\\/\"\n\t            }\n\t        }\n\t    ]\n\t}<\/script>\n<!-- \/ Yoast SEO plugin. -->","yoast_head_json":{"title":"Anti-Rutsch-Behandlung &#8211; ATN Diffusion ' Technische Produkte","description":"Suchen Sie nach rutschfesten Behandlungen? Sehen Sie sich hier die Liste der ATN Diffusion Produkte an, die sich an viele Arten von B\u00f6den anpassen k\u00f6nnen.","robots":{"index":"index","follow":"follow","max-snippet":"max-snippet:-1","max-image-preview":"max-image-preview:large","max-video-preview":"max-video-preview:-1"},"canonical":"https:\/\/atndiffusion.ch\/de\/technische-produkte\/rutschfeste-behandlung\/","og_locale":"de_DE","og_type":"article","og_title":"Anti-Rutsch-Behandlung &#8211; ATN Diffusion ' Technische Produkte","og_description":"Suchen Sie nach rutschfesten Behandlungen? Sehen Sie sich hier die Liste der ATN Diffusion Produkte an, die sich an viele Arten von B\u00f6den anpassen k\u00f6nnen.","og_url":"https:\/\/atndiffusion.ch\/de\/technische-produkte\/rutschfeste-behandlung\/","og_site_name":"ATN Diffusion","article_modified_time":"2023-09-28T09:05:29+00:00","twitter_card":"summary_large_image","twitter_misc":{"Gesch\u00e4tzte Lesezeit":"3\u00a0Minuten"},"schema":{"@context":"https:\/\/schema.org","@graph":[{"@type":"WebPage","@id":"https:\/\/atndiffusion.ch\/de\/technische-produkte\/rutschfeste-behandlung\/","url":"https:\/\/atndiffusion.ch\/de\/technische-produkte\/rutschfeste-behandlung\/","name":"Anti-Rutsch-Behandlung &#8211; ATN Diffusion ' Technische Produkte","isPartOf":{"@id":"https:\/\/atndiffusion.ch\/de\/#website"},"datePublished":"2020-05-07T08:07:39+00:00","dateModified":"2023-09-28T09:05:29+00:00","description":"Suchen Sie nach rutschfesten Behandlungen? Sehen Sie sich hier die Liste der ATN Diffusion Produkte an, die sich an viele Arten von B\u00f6den anpassen k\u00f6nnen.","breadcrumb":{"@id":"https:\/\/atndiffusion.ch\/de\/technische-produkte\/rutschfeste-behandlung\/#breadcrumb"},"inLanguage":"de","potentialAction":[{"@type":"ReadAction","target":["https:\/\/atndiffusion.ch\/de\/technische-produkte\/rutschfeste-behandlung\/"]}]},{"@type":"BreadcrumbList","@id":"https:\/\/atndiffusion.ch\/de\/technische-produkte\/rutschfeste-behandlung\/#breadcrumb","itemListElement":[{"@type":"ListItem","position":1,"name":"Accueil","item":"https:\/\/atndiffusion.ch\/de\/"},{"@type":"ListItem","position":2,"name":"Technische Produkte","item":"https:\/\/atndiffusion.ch\/de\/produits-techniques\/"},{"@type":"ListItem","position":3,"name":"Anti-Rutsch-Behandlung"}]},{"@type":"WebSite","@id":"https:\/\/atndiffusion.ch\/de\/#website","url":"https:\/\/atndiffusion.ch\/de\/","name":"ATN Diffusion","description":"Produits techniques professionnels - Traitement des eaux","publisher":{"@id":"https:\/\/atndiffusion.ch\/de\/#organization"},"potentialAction":[{"@type":"SearchAction","target":{"@type":"EntryPoint","urlTemplate":"https:\/\/atndiffusion.ch\/de\/?s={search_term_string}"},"query-input":{"@type":"PropertyValueSpecification","valueRequired":true,"valueName":"search_term_string"}}],"inLanguage":"de"},{"@type":"Organization","@id":"https:\/\/atndiffusion.ch\/de\/#organization","name":"ATN DIffusion","url":"https:\/\/atndiffusion.ch\/de\/","logo":{"@type":"ImageObject","inLanguage":"de","@id":"https:\/\/atndiffusion.ch\/de\/#\/schema\/logo\/image\/","url":"https:\/\/atndiffusion.ch\/wp-content\/uploads\/2019\/12\/Logo_noir.png","contentUrl":"https:\/\/atndiffusion.ch\/wp-content\/uploads\/2019\/12\/Logo_noir.png","width":795,"height":138,"caption":"ATN DIffusion"},"image":{"@id":"https:\/\/atndiffusion.ch\/de\/#\/schema\/logo\/image\/"}}]}},"_links":{"self":[{"href":"https:\/\/atndiffusion.ch\/de\/wp-json\/wp\/v2\/pages\/3853","targetHints":{"allow":["GET"]}}],"collection":[{"href":"https:\/\/atndiffusion.ch\/de\/wp-json\/wp\/v2\/pages"}],"about":[{"href":"https:\/\/atndiffusion.ch\/de\/wp-json\/wp\/v2\/types\/page"}],"author":[{"embeddable":true,"href":"https:\/\/atndiffusion.ch\/de\/wp-json\/wp\/v2\/users\/1"}],"replies":[{"embeddable":true,"href":"https:\/\/atndiffusion.ch\/de\/wp-json\/wp\/v2\/comments?post=3853"}],"version-history":[{"count":33,"href":"https:\/\/atndiffusion.ch\/de\/wp-json\/wp\/v2\/pages\/3853\/revisions"}],"predecessor-version":[{"id":6943,"href":"https:\/\/atndiffusion.ch\/de\/wp-json\/wp\/v2\/pages\/3853\/revisions\/6943"}],"up":[{"embeddable":true,"href":"https:\/\/atndiffusion.ch\/de\/wp-json\/wp\/v2\/pages\/3803"}],"wp:attachment":[{"href":"https:\/\/atndiffusion.ch\/de\/wp-json\/wp\/v2\/media?parent=3853"}],"curies":[{"name":"wp","href":"https:\/\/api.w.org\/{rel}","templated":true}]}}