{"id":3806,"date":"2020-05-06T16:49:24","date_gmt":"2020-05-06T14:49:24","guid":{"rendered":"https:\/\/atndiffusion.ch\/regenwasserrueckgewinnung\/"},"modified":"2024-04-16T08:46:56","modified_gmt":"2024-04-16T06:46:56","slug":"regenwasserrueckgewinnung","status":"publish","type":"page","link":"https:\/\/atndiffusion.ch\/de\/industrielle-wasseraufbereitung\/regenwasserrueckgewinnung\/","title":{"rendered":"Regenwassersammler"},"content":{"rendered":"<div class=\"wpb-content-wrapper\">[vc_row content_placement=&#8221;middle&#8221;][vc_column][wgl_spacing spacer_size=&#8221;90px&#8221;][vc_row_inner][vc_column_inner offset=&#8221;vc_col-md-6&#8243;][wgl_image_layers values=&#8221;%5B%7B%22thumbnail%22%3A%223213%22%2C%22image_animation%22%3A%22slide_right%22%2C%22image_order%22%3A%221%22%7D%5D&#8221;][\/vc_column_inner][vc_column_inner offset=&#8221;vc_col-lg-offset-1 vc_col-lg-5 vc_col-md-6&#8243;][wgl_info_box layout=&#8221;left&#8221; alignment=&#8221;left&#8221; css_animation=&#8221;fadeIn&#8221; icon_type=&#8221;image&#8221; thumbnail=&#8221;6835&#8243; custom_bg_color=&#8221;color&#8221; ib_bg_color=&#8221;#ffffff&#8221; ib_bg_color_hover=&#8221;#ffffff&#8221; border_color=&#8221;#ecf2f5&#8243; border_color_hover=&#8221;#0c5adb&#8221; add_item_link=&#8221;true&#8221; item_link=&#8221;url:https%3A%2F%2Fatndiffusion.ch%2FPDF%2Fdoc%2Fcatalogue-citernes-2021-2022.pdf|title:T%C3%A9l%C3%A9charger%20le%20catalogue|target:_blank&#8221; ib_content=&#8221;Flexible Zisternen zur Regenwasserr\u00fcckgewinnung&#8221; ib_title=&#8221;Neu!&#8221; ib_offsets=&#8221;.vc_custom_1682585531416{border-top-width: 2px !important;border-right-width: 2px !important;border-bottom-width: 2px !important;border-left-width: 2px !important;padding-top: 15px !important;padding-right: 15px !important;padding-bottom: 15px !important;padding-left: 15px !important;border-left-style: solid !important;border-right-style: solid !important;border-top-style: solid !important;border-bottom-style: solid !important;border-radius: 10px !important;}&#8221; custom_title_color=&#8221;true&#8221; custom_border_color=&#8221;true&#8221; custom_icon_bg_width=&#8221;80&#8243; custom_icon_bg_height=&#8221;100&#8243;][wgl_info_box layout=&#8221;left&#8221; alignment=&#8221;left&#8221; css_animation=&#8221;fadeIn&#8221; icon_type=&#8221;image&#8221; thumbnail=&#8221;7236&#8243; custom_bg_color=&#8221;color&#8221; ib_bg_color=&#8221;#ffffff&#8221; ib_bg_color_hover=&#8221;#ffffff&#8221; border_color=&#8221;#ecf2f5&#8243; border_color_hover=&#8221;#0c5adb&#8221; add_item_link=&#8221;true&#8221; item_link=&#8221;url:https%3A%2F%2Fatndiffusion.ch%2FPDF%2Fdoc%2FCatalogue-general-CUVES-v2024-1.pdf|title:T%C3%A9l%C3%A9charger%20le%20catalogue|target:_blank&#8221; ib_content=&#8221;Unser allgemeiner Katalog f\u00fcr Regenwassersammeltanks&#8221; ib_title=&#8221;Neu!&#8221; ib_offsets=&#8221;.vc_custom_1713249921588{margin-top: 10px !important;border-top-width: 2px !important;border-right-width: 2px !important;border-bottom-width: 2px !important;border-left-width: 2px !important;padding-top: 15px !important;padding-right: 15px !important;padding-bottom: 15px !important;padding-left: 15px !important;border-left-style: solid !important;border-right-style: solid !important;border-top-style: solid !important;border-bottom-style: solid !important;border-radius: 10px !important;}&#8221; custom_title_color=&#8221;true&#8221; custom_border_color=&#8221;true&#8221; custom_icon_bg_width=&#8221;80&#8243; custom_icon_bg_height=&#8221;100&#8243;][wgl_spacing spacer_size=&#8221;72px&#8221; screen_desktops=&#8221;1200&#8243; screen_tablet=&#8221;991&#8243; responsive_desktop=&#8221;true&#8221; size_desktops=&#8221;0&#8243; responsive_tablet=&#8221;true&#8221; size_tablet=&#8221;70&#8243;][wgl_double_headings squares_color=&#8221;#f6f6f6&#8243; title_tag=&#8221;h1&#8243; title_weight=&#8221;900&#8243; title_color=&#8221;#232323&#8243; subtitle_line_height=&#8221;30px&#8221; custom_title_color=&#8221;true&#8221; subtitle=&#8221;UNSERE L\u00d6SUNGEN&#8221; responsive_font=&#8221;true&#8221; font_size_tablet=&#8221;38&#8243; font_size_mobile=&#8221;34&#8243;]Ma\u00dfgeschneiderter Regenwassersammler [\/wgl_double_headings][wgl_spacing spacer_size=&#8221;22px&#8221;][vc_column_text css=&#8221;.vc_custom_1639738193225{margin-bottom: 30px !important;}&#8221;]Unsere Regenwassersammler sind vollst\u00e4ndig und entsprechen den geltenden Vorschriften, vom Engineering bis zur Inbetriebnahme. Unser Ziel ist es, die Einschr\u00e4nkungen in Bezug auf Speicherung, Filtration und Wiederverwendung von Regenwasser durch innovative und anpassungsf\u00e4hige L\u00f6sungen f\u00fcr alle zu erf\u00fcllen.<\/p>\n<p>&nbsp;<\/p>\n[\/vc_column_text][wgl_button button_text=&#8221;Unsere Experten k\u00f6nnen Ihnen helfen!&#8221; size=&#8221;m&#8221; icon_type=&#8221;font&#8221; icon_pack=&#8221;fontawesome&#8221; icon_fontawesome=&#8221;fa fa-plus&#8221; link=&#8221;url:https%3A%2F%2Fatndiffusion.ch%2Fde%2Fkontakt%2F|title:Kontakt|&#8221;][wgl_spacing spacer_size=&#8221;42px&#8221;][\/vc_column_inner][\/vc_row_inner][\/vc_column][\/vc_row][vc_row][vc_column][vc_row_inner][vc_column_inner width=&#8221;1\/2&#8243;][wgl_spacing spacer_size=&#8221;150px&#8221;][wgl_double_headings squares_color=&#8221;#f6f6f6&#8243; title_tag=&#8221;h1&#8243; title_weight=&#8221;900&#8243; title_color=&#8221;#232323&#8243; subtitle_line_height=&#8221;30px&#8221; add_squares=&#8221;true&#8221; custom_title_color=&#8221;true&#8221; subtitle=&#8221;INFORMATIONS&#8221; responsive_font=&#8221;true&#8221; font_size_tablet=&#8221;38&#8243; font_size_mobile=&#8221;34&#8243;]Was sind die Interessen eines Regenwassersammlers?[\/wgl_double_headings][wgl_spacing spacer_size=&#8221;50px&#8221;][\/vc_column_inner][vc_column_inner width=&#8221;1\/2&#8243;][\/vc_column_inner][\/vc_row_inner][vc_row_inner][vc_column_inner width=&#8221;1\/2&#8243;][vc_column_text]\n<ul>\n<li>Regenwasser ist besser f\u00fcr den Garten als Leitungswasser, weil es nicht hart, gechlort oder zu kalt ist. Es ist auch gut f\u00fcr die Haut wegen seiner leichten S\u00e4ure.<\/li>\n<\/ul>\n<p>&nbsp;<\/p>\n<ul>\n<li>In Gebieten mit Kalksteinsubstraten verl\u00e4ngert die Verwendung von Regenwasser die Lebensdauer der Armaturen und Ger\u00e4te, da es keine Ablagerungen verursacht.<\/li>\n<\/ul>\n[\/vc_column_text][\/vc_column_inner][vc_column_inner width=&#8221;1\/2&#8243;][vc_column_text]\n<ul>\n<li>Aus \u00f6kologischer Sicht k\u00f6nnen Sie mit Regenwasser, das einen niedrigen Kalksteingehalt hat, viel weniger Seife verwenden und auf Weichsp\u00fcler f\u00fcr Ihre W\u00e4sche verzichten.<\/li>\n<\/ul>\n<p>&nbsp;<\/p>\n<ul>\n<li>Regenwasser kostet nur das Geld, das investiert wurde, um es wiederzuerlangen. Seine Verwendung reduziert Ihre j\u00e4hrliche Rechnung und bietet eine angenehme Unabh\u00e4ngigkeit vom offiziellen Vertriebsnetz.<\/li>\n<\/ul>\n[\/vc_column_text][\/vc_column_inner][\/vc_row_inner][vc_empty_space height=&#8221;90px&#8221;][wgl_video_popup title_size=&#8221;20px&#8221; title_color=&#8221;#ffffff&#8221; link=&#8221;https:\/\/www.youtube.com\/watch?v=y9i27lUsYuA&#8221; bg_image=&#8221;6129&#8243; always_run_animation=&#8221;true&#8221;][\/vc_column][\/vc_row][vc_row css=&#8221;.vc_custom_1670320167469{margin-top: 50px !important;}&#8221;][vc_column][vc_column_text]<strong>Siehe auch: <\/strong><\/p>\n<ul>\n<li><a href=\"https:\/\/atndiffusion.ch\/de\/industrielle-wasseraufbereitung\/\" target=\"_blank\" rel=\"noopener noreferrer\">Wasseraufbereitung <\/a><\/li>\n<li><a href=\"https:\/\/atndiffusion.ch\/de\/technische-produkte\/private-spas-und-pools\/\" target=\"_blank\" rel=\"noopener noreferrer\">Pool-Wasseraufbereitung<\/a><\/li>\n<li><a href=\"https:\/\/atndiffusion.ch\/de\/technische-produkte\/\" target=\"_blank\" rel=\"noopener noreferrer\">Technische Produkte <\/a><\/li>\n<\/ul>\n[\/vc_column_text][\/vc_column][\/vc_row]\n<\/div>","protected":false},"excerpt":{"rendered":"<p>[vc_row content_placement=&#8221;middle&#8221;][vc_column][wgl_spacing spacer_size=&#8221;90px&#8221;][vc_row_inner][vc_column_inner offset=&#8221;vc_col-md-6&#8243;][wgl_image_layers values=&#8221;%5B%7B%22thumbnail%22%3A%223213%22%2C%22image_animation%22%3A%22slide_right%22%2C%22image_order%22%3A%221%22%7D%5D&#8221;][\/vc_column_inner][vc_column_inner offset=&#8221;vc_col-lg-offset-1 vc_col-lg-5 vc_col-md-6&#8243;][wgl_info_box layout=&#8221;left&#8221; alignment=&#8221;left&#8221; css_animation=&#8221;fadeIn&#8221; icon_type=&#8221;image&#8221; thumbnail=&#8221;6835&#8243; custom_bg_color=&#8221;color&#8221; ib_bg_color=&#8221;#ffffff&#8221; ib_bg_color_hover=&#8221;#ffffff&#8221; border_color=&#8221;#ecf2f5&#8243; border_color_hover=&#8221;#0c5adb&#8221; add_item_link=&#8221;true&#8221; item_link=&#8221;url:https%3A%2F%2Fatndiffusion.ch%2FPDF%2Fdoc%2Fcatalogue-citernes-2021-2022.pdf|title:T%C3%A9l%C3%A9charger%20le%20catalogue|target:_blank&#8221; ib_content=&#8221;Flexible Zisternen zur Regenwasserr\u00fcckgewinnung&#8221; ib_title=&#8221;Neu!&#8221; ib_offsets=&#8221;.vc_custom_1682585531416{border-top-width: 2px !important;border-right-width: 2px !important;border-bottom-width: 2px !important;border-left-width: 2px !important;padding-top: 15px !important;padding-right: 15px !important;padding-bottom: 15px !important;padding-left: 15px !important;border-left-style: solid !important;border-right-style: solid !important;border-top-style: solid !important;border-bottom-style: solid !important;border-radius: 10px !important;}&#8221; custom_title_color=&#8221;true&#8221; custom_border_color=&#8221;true&#8221; custom_icon_bg_width=&#8221;80&#8243; [&hellip;]<\/p>\n","protected":false},"author":1,"featured_media":0,"parent":3811,"menu_order":0,"comment_status":"closed","ping_status":"closed","template":"","meta":{"_acf_changed":false,"footnotes":""},"class_list":["post-3806","page","type-page","status-publish","hentry"],"acf":[],"yoast_head":"<!-- This site is optimized with the Yoast SEO plugin v27.5 - https:\/\/yoast.com\/product\/yoast-seo-wordpress\/ -->\n<title>Regenwassersammler - ATN Broadcast - Technische Produkte<\/title>\n<meta name=\"description\" content=\"M\u00f6chten Sie ein Regenwasser-Reparatursystem einrichten? Schauen Sie sich unsere ma\u00dfgeschneiderten, gesetzlich konformen L\u00f6sungen an.\" \/>\n<meta name=\"robots\" content=\"index, follow, max-snippet:-1, max-image-preview:large, max-video-preview:-1\" \/>\n<link rel=\"canonical\" href=\"https:\/\/atndiffusion.ch\/de\/industrielle-wasseraufbereitung\/regenwasserrueckgewinnung\/\" \/>\n<meta property=\"og:locale\" content=\"de_DE\" \/>\n<meta property=\"og:type\" content=\"article\" \/>\n<meta property=\"og:title\" content=\"Regenwassersammler - ATN Broadcast - Technische Produkte\" \/>\n<meta property=\"og:description\" content=\"M\u00f6chten Sie ein Regenwasser-Reparatursystem einrichten? Schauen Sie sich unsere ma\u00dfgeschneiderten, gesetzlich konformen L\u00f6sungen an.\" \/>\n<meta property=\"og:url\" content=\"https:\/\/atndiffusion.ch\/de\/industrielle-wasseraufbereitung\/regenwasserrueckgewinnung\/\" \/>\n<meta property=\"og:site_name\" content=\"ATN Diffusion\" \/>\n<meta property=\"article:modified_time\" content=\"2024-04-16T06:46:56+00:00\" \/>\n<meta name=\"twitter:card\" content=\"summary_large_image\" \/>\n<meta name=\"twitter:label1\" content=\"Gesch\u00e4tzte Lesezeit\" \/>\n\t<meta name=\"twitter:data1\" content=\"4\u00a0Minuten\" \/>\n<script type=\"application\/ld+json\" class=\"yoast-schema-graph\">{\n\t    \"@context\": \"https:\\\/\\\/schema.org\",\n\t    \"@graph\": [\n\t        {\n\t            \"@type\": \"WebPage\",\n\t            \"@id\": \"https:\\\/\\\/example.com\\\/de\\\/industrielle-wasseraufbereitung\\\/regenwasserrueckgewinnung\\\/\",\n\t            \"url\": \"https:\\\/\\\/example.com\\\/de\\\/industrielle-wasseraufbereitung\\\/regenwasserrueckgewinnung\\\/\",\n\t            \"name\": \"Regenwassersammler - ATN Broadcast - Technische Produkte\",\n\t            \"isPartOf\": {\n\t                \"@id\": \"https:\\\/\\\/example.com\\\/de\\\/#website\"\n\t            },\n\t            \"datePublished\": \"2020-05-06T14:49:24+00:00\",\n\t            \"dateModified\": \"2024-04-16T06:46:56+00:00\",\n\t            \"description\": \"M\u00f6chten Sie ein Regenwasser-Reparatursystem einrichten? Schauen Sie sich unsere ma\u00dfgeschneiderten, gesetzlich konformen L\u00f6sungen an.\",\n\t            \"breadcrumb\": {\n\t                \"@id\": \"https:\\\/\\\/example.com\\\/de\\\/industrielle-wasseraufbereitung\\\/regenwasserrueckgewinnung\\\/#breadcrumb\"\n\t            },\n\t            \"inLanguage\": \"de\",\n\t            \"potentialAction\": [\n\t                {\n\t                    \"@type\": \"ReadAction\",\n\t                    \"target\": [\n\t                        \"https:\\\/\\\/example.com\\\/de\\\/industrielle-wasseraufbereitung\\\/regenwasserrueckgewinnung\\\/\"\n\t                    ]\n\t                }\n\t            ]\n\t        },\n\t        {\n\t            \"@type\": \"BreadcrumbList\",\n\t            \"@id\": \"https:\\\/\\\/example.com\\\/de\\\/industrielle-wasseraufbereitung\\\/regenwasserrueckgewinnung\\\/#breadcrumb\",\n\t            \"itemListElement\": [\n\t                {\n\t                    \"@type\": \"ListItem\",\n\t                    \"position\": 1,\n\t                    \"name\": \"Accueil\",\n\t                    \"item\": \"https:\\\/\\\/example.com\\\/de\\\/\"\n\t                },\n\t                {\n\t                    \"@type\": \"ListItem\",\n\t                    \"position\": 2,\n\t                    \"name\": \"Industrielle Wasseraufbereitung\",\n\t                    \"item\": \"https:\\\/\\\/example.com\\\/de\\\/traitement-eau-industrielle\\\/\"\n\t                },\n\t                {\n\t                    \"@type\": \"ListItem\",\n\t                    \"position\": 3,\n\t                    \"name\": \"Regenwassersammler\"\n\t                }\n\t            ]\n\t        },\n\t        {\n\t            \"@type\": \"WebSite\",\n\t            \"@id\": \"https:\\\/\\\/example.com\\\/de\\\/#website\",\n\t            \"url\": \"https:\\\/\\\/example.com\\\/de\\\/\",\n\t            \"name\": \"ATN Diffusion\",\n\t            \"description\": \"Produits techniques professionnels - Traitement des eaux\",\n\t            \"publisher\": {\n\t                \"@id\": \"https:\\\/\\\/example.com\\\/de\\\/#organization\"\n\t            },\n\t            \"potentialAction\": [\n\t                {\n\t                    \"@type\": \"SearchAction\",\n\t                    \"target\": {\n\t                        \"@type\": \"EntryPoint\",\n\t                        \"urlTemplate\": \"https:\\\/\\\/example.com\\\/de\\\/?s={search_term_string}\"\n\t                    },\n\t                    \"query-input\": {\n\t                        \"@type\": \"PropertyValueSpecification\",\n\t                        \"valueRequired\": true,\n\t                        \"valueName\": \"search_term_string\"\n\t                    }\n\t                }\n\t            ],\n\t            \"inLanguage\": \"de\"\n\t        },\n\t        {\n\t            \"@type\": \"Organization\",\n\t            \"@id\": \"https:\\\/\\\/example.com\\\/de\\\/#organization\",\n\t            \"name\": \"ATN DIffusion\",\n\t            \"url\": \"https:\\\/\\\/example.com\\\/de\\\/\",\n\t            \"logo\": {\n\t                \"@type\": \"ImageObject\",\n\t                \"inLanguage\": \"de\",\n\t                \"@id\": \"https:\\\/\\\/example.com\\\/de\\\/#\\\/schema\\\/logo\\\/image\\\/\",\n\t                \"url\": \"https:\\\/\\\/example.com\\\/wp-content\\\/uploads\\\/2019\\\/12\\\/Logo_noir.png\",\n\t                \"contentUrl\": \"https:\\\/\\\/example.com\\\/wp-content\\\/uploads\\\/2019\\\/12\\\/Logo_noir.png\",\n\t                \"width\": 795,\n\t                \"height\": 138,\n\t                \"caption\": \"ATN DIffusion\"\n\t            },\n\t            \"image\": {\n\t                \"@id\": \"https:\\\/\\\/example.com\\\/de\\\/#\\\/schema\\\/logo\\\/image\\\/\"\n\t            }\n\t        }\n\t    ]\n\t}<\/script>\n<!-- \/ Yoast SEO plugin. -->","yoast_head_json":{"title":"Regenwassersammler - ATN Broadcast - Technische Produkte","description":"M\u00f6chten Sie ein Regenwasser-Reparatursystem einrichten? Schauen Sie sich unsere ma\u00dfgeschneiderten, gesetzlich konformen L\u00f6sungen an.","robots":{"index":"index","follow":"follow","max-snippet":"max-snippet:-1","max-image-preview":"max-image-preview:large","max-video-preview":"max-video-preview:-1"},"canonical":"https:\/\/atndiffusion.ch\/de\/industrielle-wasseraufbereitung\/regenwasserrueckgewinnung\/","og_locale":"de_DE","og_type":"article","og_title":"Regenwassersammler - ATN Broadcast - Technische Produkte","og_description":"M\u00f6chten Sie ein Regenwasser-Reparatursystem einrichten? Schauen Sie sich unsere ma\u00dfgeschneiderten, gesetzlich konformen L\u00f6sungen an.","og_url":"https:\/\/atndiffusion.ch\/de\/industrielle-wasseraufbereitung\/regenwasserrueckgewinnung\/","og_site_name":"ATN Diffusion","article_modified_time":"2024-04-16T06:46:56+00:00","twitter_card":"summary_large_image","twitter_misc":{"Gesch\u00e4tzte Lesezeit":"4\u00a0Minuten"},"schema":{"@context":"https:\/\/schema.org","@graph":[{"@type":"WebPage","@id":"https:\/\/atndiffusion.ch\/de\/industrielle-wasseraufbereitung\/regenwasserrueckgewinnung\/","url":"https:\/\/atndiffusion.ch\/de\/industrielle-wasseraufbereitung\/regenwasserrueckgewinnung\/","name":"Regenwassersammler - ATN Broadcast - Technische Produkte","isPartOf":{"@id":"https:\/\/atndiffusion.ch\/de\/#website"},"datePublished":"2020-05-06T14:49:24+00:00","dateModified":"2024-04-16T06:46:56+00:00","description":"M\u00f6chten Sie ein Regenwasser-Reparatursystem einrichten? Schauen Sie sich unsere ma\u00dfgeschneiderten, gesetzlich konformen L\u00f6sungen an.","breadcrumb":{"@id":"https:\/\/atndiffusion.ch\/de\/industrielle-wasseraufbereitung\/regenwasserrueckgewinnung\/#breadcrumb"},"inLanguage":"de","potentialAction":[{"@type":"ReadAction","target":["https:\/\/atndiffusion.ch\/de\/industrielle-wasseraufbereitung\/regenwasserrueckgewinnung\/"]}]},{"@type":"BreadcrumbList","@id":"https:\/\/atndiffusion.ch\/de\/industrielle-wasseraufbereitung\/regenwasserrueckgewinnung\/#breadcrumb","itemListElement":[{"@type":"ListItem","position":1,"name":"Accueil","item":"https:\/\/atndiffusion.ch\/de\/"},{"@type":"ListItem","position":2,"name":"Industrielle Wasseraufbereitung","item":"https:\/\/atndiffusion.ch\/de\/traitement-eau-industrielle\/"},{"@type":"ListItem","position":3,"name":"Regenwassersammler"}]},{"@type":"WebSite","@id":"https:\/\/atndiffusion.ch\/de\/#website","url":"https:\/\/atndiffusion.ch\/de\/","name":"ATN Diffusion","description":"Produits techniques professionnels - Traitement des eaux","publisher":{"@id":"https:\/\/atndiffusion.ch\/de\/#organization"},"potentialAction":[{"@type":"SearchAction","target":{"@type":"EntryPoint","urlTemplate":"https:\/\/atndiffusion.ch\/de\/?s={search_term_string}"},"query-input":{"@type":"PropertyValueSpecification","valueRequired":true,"valueName":"search_term_string"}}],"inLanguage":"de"},{"@type":"Organization","@id":"https:\/\/atndiffusion.ch\/de\/#organization","name":"ATN DIffusion","url":"https:\/\/atndiffusion.ch\/de\/","logo":{"@type":"ImageObject","inLanguage":"de","@id":"https:\/\/atndiffusion.ch\/de\/#\/schema\/logo\/image\/","url":"https:\/\/atndiffusion.ch\/wp-content\/uploads\/2019\/12\/Logo_noir.png","contentUrl":"https:\/\/atndiffusion.ch\/wp-content\/uploads\/2019\/12\/Logo_noir.png","width":795,"height":138,"caption":"ATN DIffusion"},"image":{"@id":"https:\/\/atndiffusion.ch\/de\/#\/schema\/logo\/image\/"}}]}},"_links":{"self":[{"href":"https:\/\/atndiffusion.ch\/de\/wp-json\/wp\/v2\/pages\/3806","targetHints":{"allow":["GET"]}}],"collection":[{"href":"https:\/\/atndiffusion.ch\/de\/wp-json\/wp\/v2\/pages"}],"about":[{"href":"https:\/\/atndiffusion.ch\/de\/wp-json\/wp\/v2\/types\/page"}],"author":[{"embeddable":true,"href":"https:\/\/atndiffusion.ch\/de\/wp-json\/wp\/v2\/users\/1"}],"replies":[{"embeddable":true,"href":"https:\/\/atndiffusion.ch\/de\/wp-json\/wp\/v2\/comments?post=3806"}],"version-history":[{"count":25,"href":"https:\/\/atndiffusion.ch\/de\/wp-json\/wp\/v2\/pages\/3806\/revisions"}],"predecessor-version":[{"id":7241,"href":"https:\/\/atndiffusion.ch\/de\/wp-json\/wp\/v2\/pages\/3806\/revisions\/7241"}],"up":[{"embeddable":true,"href":"https:\/\/atndiffusion.ch\/de\/wp-json\/wp\/v2\/pages\/3811"}],"wp:attachment":[{"href":"https:\/\/atndiffusion.ch\/de\/wp-json\/wp\/v2\/media?parent=3806"}],"curies":[{"name":"wp","href":"https:\/\/api.w.org\/{rel}","templated":true}]}}